{"id":539,"date":"2020-07-21T10:01:08","date_gmt":"2020-07-21T10:01:08","guid":{"rendered":"http:\/\/camping-lagaviota.com.mialias.net\/?page_id=539"},"modified":"2025-08-23T12:19:11","modified_gmt":"2025-08-23T12:19:11","slug":"yoga","status":"publish","type":"page","link":"https:\/\/lagaviota.com\/fr\/servicios\/yoga\/","title":{"rendered":"Yoga et aquagym"},"content":{"rendered":"<p>Le samedi matin, \u00e0 la piscine, d\u00e9couvrez le bien-\u00eatre mental et physique gr\u00e2ce au<strong> yoga<\/strong>, de 8.45 \u00e0 10heures.<\/p>\n<p>Les mardis et jeudis \u00e0 9h45, tonifiez-vous gr\u00e2ce \u00e0<strong> l&rsquo;aquagym<\/strong>.<\/p>\n<p>Multipliez par cent la charge de vos batteries d&rsquo;\u00e9nergie.<\/p>","protected":false},"excerpt":{"rendered":"Le samedi matin, \u00e0 la piscine, d\u00e9couvrez le bien-\u00eatre mental et physique gr\u00e2ce au yoga et l&rsquo;aquagym. Multipliez par cent la charge de vos batteries d&rsquo;\u00e9nergie.","protected":false},"author":1001,"featured_media":1719,"parent":15,"menu_order":7,"comment_status":"closed","ping_status":"closed","template":"","meta":{"_acf_changed":false,"footnotes":""},"class_list":["post-539","page","type-page","status-publish","has-post-thumbnail","hentry"],"acf":[],"_links":{"self":[{"href":"https:\/\/lagaviota.com\/fr\/wp-json\/wp\/v2\/pages\/539","targetHints":{"allow":["GET"]}}],"collection":[{"href":"https:\/\/lagaviota.com\/fr\/wp-json\/wp\/v2\/pages"}],"about":[{"href":"https:\/\/lagaviota.com\/fr\/wp-json\/wp\/v2\/types\/page"}],"author":[{"embeddable":true,"href":"https:\/\/lagaviota.com\/fr\/wp-json\/wp\/v2\/users\/1001"}],"replies":[{"embeddable":true,"href":"https:\/\/lagaviota.com\/fr\/wp-json\/wp\/v2\/comments?post=539"}],"version-history":[{"count":2,"href":"https:\/\/lagaviota.com\/fr\/wp-json\/wp\/v2\/pages\/539\/revisions"}],"predecessor-version":[{"id":1731,"href":"https:\/\/lagaviota.com\/fr\/wp-json\/wp\/v2\/pages\/539\/revisions\/1731"}],"up":[{"embeddable":true,"href":"https:\/\/lagaviota.com\/fr\/wp-json\/wp\/v2\/pages\/15"}],"wp:featuredmedia":[{"embeddable":true,"href":"https:\/\/lagaviota.com\/fr\/wp-json\/wp\/v2\/media\/1719"}],"wp:attachment":[{"href":"https:\/\/lagaviota.com\/fr\/wp-json\/wp\/v2\/media?parent=539"}],"curies":[{"name":"wp","href":"https:\/\/api.w.org\/{rel}","templated":true}]}}