{"id":534,"date":"2020-06-01T09:30:33","date_gmt":"2020-06-01T09:30:33","guid":{"rendered":"http:\/\/camping-lagaviota.com.mialias.net\/?page_id=534"},"modified":"2022-12-06T17:44:28","modified_gmt":"2022-12-06T17:44:28","slug":"camping-para-ninos","status":"publish","type":"page","link":"https:\/\/lagaviota.com\/fr\/servicios\/camping-para-ninos\/","title":{"rendered":"Pour les enfants"},"content":{"rendered":"<p>La taille du camping en fait un lieu s\u00fbr et convivial pour les familles avec enfants. Dans l&rsquo;atmosph\u00e8re d\u00e9tendue du camping, les enfants peuvent faire leurs premi\u00e8res incursions dans leur propre autonomie, comme par exemple aller aux toilettes seuls, faire la vaisselle ou jouer sans peur dans le camping sans se perdre.<\/p>\n<p>Il existe d&rsquo;autres avantages qui vous faciliteront la vie :<\/p>\n<p><img loading=\"lazy\" decoding=\"async\" class=\"wp-image-635 alignright\" src=\"https:\/\/lagaviota.com\/wp-content\/uploads\/2020\/10\/foto-nens-lagaviota-600x400.png\" alt=\"\" width=\"376\" height=\"250\" srcset=\"https:\/\/lagaviota.com\/wp-content\/uploads\/2020\/10\/foto-nens-lagaviota-600x400.png 600w, https:\/\/lagaviota.com\/wp-content\/uploads\/2020\/10\/foto-nens-lagaviota.png 900w, https:\/\/lagaviota.com\/wp-content\/uploads\/2020\/10\/foto-nens-lagaviota-200x133.png 200w\" sizes=\"auto, (max-width: 376px) 100vw, 376px\" \/><\/p>\n<ul>\n<li>Il y a un bloc de <strong>salles de bains pour familles<\/strong>, ce qui permet d&rsquo;aller toute la famille ensemble sous la douche.<\/li>\n<li>Les salles de bains pour familles sont climatis\u00e9es pour que les petits n&rsquo;aient pas froid pendant les p\u00e9riodes moins chaudes comme le printemps ou l&rsquo;automne.<\/li>\n<li>Dans le bloc de salles de bains unifamiliales, vous trouverez \u00e9galement des <strong>baignoires pour b\u00e9b\u00e9s.<\/strong><\/li>\n<li>Dans la piscine, il y a une <strong>zone rembourr\u00e9e<\/strong> pour qu&rsquo;ils puissent jouer en toute s\u00e9curit\u00e9 et \u00e9viter les bosses.<\/li>\n<li>En haute saison, nous proposons un service d&rsquo;activit\u00e9s guid\u00e9es pour les enfants dans le <strong>miniclub<\/strong>.<\/li>\n<li>Nous encourageons nos clients \u00e0 garer leur voiture dans la zone annexe, afin\u00a0de minimiser les risques pour les enfants qui tra\u00eenent autour du camping et\u00a0permettre \u00e0 l&rsquo;ensemble du camping de devenir une <strong>zone sans fum\u00e9e et sans voitures<\/strong>.<\/li>\n<\/ul>\n<p><\/p>","protected":false},"excerpt":{"rendered":"Le camping est un environnement s\u00fbr et de dimensions id\u00e9ales pour que les enfants commencent \u00e0 \u00eatre autonomes, car ils peuvent se d\u00e9placer librement dans le camping sans se perdre.","protected":false},"author":1001,"featured_media":226,"parent":15,"menu_order":4,"comment_status":"closed","ping_status":"closed","template":"","meta":{"_acf_changed":false,"footnotes":""},"class_list":["post-534","page","type-page","status-publish","has-post-thumbnail","hentry"],"acf":[],"_links":{"self":[{"href":"https:\/\/lagaviota.com\/fr\/wp-json\/wp\/v2\/pages\/534","targetHints":{"allow":["GET"]}}],"collection":[{"href":"https:\/\/lagaviota.com\/fr\/wp-json\/wp\/v2\/pages"}],"about":[{"href":"https:\/\/lagaviota.com\/fr\/wp-json\/wp\/v2\/types\/page"}],"author":[{"embeddable":true,"href":"https:\/\/lagaviota.com\/fr\/wp-json\/wp\/v2\/users\/1001"}],"replies":[{"embeddable":true,"href":"https:\/\/lagaviota.com\/fr\/wp-json\/wp\/v2\/comments?post=534"}],"version-history":[{"count":0,"href":"https:\/\/lagaviota.com\/fr\/wp-json\/wp\/v2\/pages\/534\/revisions"}],"up":[{"embeddable":true,"href":"https:\/\/lagaviota.com\/fr\/wp-json\/wp\/v2\/pages\/15"}],"wp:featuredmedia":[{"embeddable":true,"href":"https:\/\/lagaviota.com\/fr\/wp-json\/wp\/v2\/media\/226"}],"wp:attachment":[{"href":"https:\/\/lagaviota.com\/fr\/wp-json\/wp\/v2\/media?parent=534"}],"curies":[{"name":"wp","href":"https:\/\/api.w.org\/{rel}","templated":true}]}}