{"id":521,"date":"2020-07-20T16:45:59","date_gmt":"2020-07-20T16:45:59","guid":{"rendered":"http:\/\/camping-lagaviota.com.mialias.net\/?page_id=521"},"modified":"2023-02-20T22:22:29","modified_gmt":"2023-02-20T22:22:29","slug":"faqs","status":"publish","type":"page","link":"https:\/\/lagaviota.com\/fr\/recepcion\/faqs\/","title":{"rendered":"FAQS"},"content":{"rendered":"<p><\/p>\n<h3>CAMPING<\/h3>\n<h4>A quelle distance se trouve le camping de la plage?<\/h4>\n<p>Le camping est situ\u00e9 au bord de la mer.<\/p>\n<h4>Est-ce qu\u2019il y a une piscine dans le camping?<\/h4>\n<p>Oui, il y a une piscine, qui fait 20 m\u00e8tres de longueur, 7 m\u00e8tres de large et 140 cm de profonde, et une partie antichoc pour les petits enfants.<br \/>\nEn basse saison la piscine est chauff\u00e9e avec des panneaux solaires.<\/p>\n<h4>Est-ce qu\u2019on peut payer avec de carte bancaire?<\/h4>\n<p>On n \u00b4accepte pas des cartes bancaires \u00e0 la R\u00e9ception.<\/p>\n<h4>Est-ce que les visites sont permises dans le camping?<\/h4>\n<p>Les visites seront autoris\u00e9es en fonction de l\u2019occupation des installations du camping.<br \/>\nObligatoirement, ils devront toujours passer par la r\u00e9ception pour s&rsquo;inscrire, et en cas de disponibilit\u00e9,<br \/>\nsuivre les instructions afin de traiter votre inscription. Ils doivent d\u00e9poser une pi\u00e8ce d\u2019identit\u00e9 \u00e0 la r\u00e9ception jusqu\u2019\u00e0 leur d\u00e9part et r\u00e9gler le montant correspondant \u00e0 la visite \u00e0 la r\u00e9ception. Ils recevront un bracelet d&rsquo;identification. L\u2019heure de d\u00e9part maximale des visites dans le camping sera fix\u00e9e \u00e0 23 heures.<\/p>\n<h4>Est-ce qu\u2019on peut louer des emplacements pour toute la saison?<\/h4>\n<h4>Ce n\u2019est pas possible de louer des emplacements pour toute la saison.<\/h4>\n<p>Est-ce qu&rsquo;on peut louer des r\u00e9frig\u00e9rateurs?<\/p>\n<p>Oui, il y a un service pour louer des frigos, demandez en r\u00e9ception s\u2019il vous pla\u00eet<\/p>\n<h4>Est-ce qu\u2019on peut louer des v\u00e9los dans le camping?<\/h4>\n<p>Oui, on peut louer des v\u00e9los dans le camping.<\/p>\n<h4>Es ce qu\u2019il y a un service de Wifi dans le camping?<\/h4>\n<p>Oui, dans le restaurant \/ bar il y a un service de Wifi gratuit.<br \/>\nSi vous avez besoin de Wifi dans votre emplacement, il faut acheter un ticket a la r\u00e9ception<\/p>\n<h4>Es ce qu\u2019il y a de l\u2019animation dans le camping?<\/h4>\n<p>En juillet et ao\u00fbt, diff\u00e9rents spectacles tels que disco-mobile, musique live, spectacle de flamenco, etc. sur la terrasse du bar, deux jours par semaine, g\u00e9n\u00e9ralement les mardis et vendredis et si le temps le permet, puisque c&rsquo;est fait \u00e0 l&rsquo;ext\u00e9rieur.<br \/>\nPour les plus petits, il y a un mini club durant les mois de juillet et ao\u00fbt et diff\u00e9rentes activit\u00e9s qui seront annonc\u00e9es \u00e0 l\u2019avance. Comme activit\u00e9s, vous pouvez aussi faire du yoga et de l\u2019aquagym (une ou deux fois par semaine)<\/p>\n<h3><\/h3>\n<h3>SERVICES<\/h3>\n<h4>Quels services il y a dans le camping?<\/h4>\n<p>Il y a un supermarch\u00e9 avec plusieurs produits et au restaurant on peut manger \u00e0 la carte tous les jours et ou il y a aussi un service \u00e0 emporter.<\/p>\n<h4>Es ce qu\u2019il y a un service de linge?<\/h4>\n<p>Oui, il y a deux machines \u00e0 laver et un s\u00e8che-linge, les deux machines fonctionnent avec des jetons que vous pouvez acheter<\/p>\n<h3><\/h3>\n<h3>EMPLACEMENTS<\/h3>\n<h4>Combien d\u2019amp\u00e8res il y a dans les emplacements?<\/h4>\n<p>Il y a 10 amp\u00e8res dans chaque emplacement.<\/p>\n<h4>Quel type de prises \u00e9lectriques il y a dans les emplacements?<\/h4>\n<p>On a des prises monophas\u00e9es + terre 220v.<\/p>\n<h4>A quelle heure il faut laisser l\u2019emplacement libre?<\/h4>\n<p>Il faut lib\u00e9rer la parcelle \u00e0 midi, mais en basse saison il y a la possibilit\u00e9 de lib\u00e9rer plus tard,demandez pour les prix en r\u00e9ception, s\u2019il vous pla\u00eet.<\/p>\n<h4>Est-ce que c\u2019est permis de faire des barbecues?<\/h4>\n<p>Oui, mais toujours avec du charbon de bois, ce n\u2019est pas permis avec du bois.<\/p>\n<h3><\/h3>\n<h3>CHIENS<\/h3>\n<h4>Est-ce que les chiens sont permis dans le camping ?<\/h4>\n<p>Dans les emplacements sont permis un maximum de 2 chiens.<br \/>\nLes chiens consid\u00e9r\u00e9s dangereux, ne sont pas permis dans le camping.<br \/>\n<a href=\"https:\/\/lagaviota.com\/wp-content\/uploads\/2020\/07\/Reglamento-FR.pdf\">(Voir le R\u00e8glement du Camping)<\/a><br \/>\nIl faut que les chiens restent attach\u00e9s et que leurs propri\u00e9taires les surveillent tout le temps.<\/p>\n<h3><\/h3>\n<h3>BUNGALOWS \/ MOBILHOMES<\/h3>\n<h4>A quelle heure il faut lib\u00e9rer les bungalows\/ mobil homes ? Et \u00e0 quelle heure nous pouvons entrer dans les Bungalows \/ mobil homes ?<\/h4>\n<p>Il faut lib\u00e9rer les h\u00e9bergements \u00e0 midi (\u00e0 12 heures)<\/p>\n<p>Le jour d&rsquo;arriv\u00e9e on peut entrer apr\u00e8s de 5 heures de l&rsquo;apr\u00e8s- midi.<\/p>\n<h4>Est-ce que sont permis les animaux domestiques dans les h\u00e9bergements ?<\/h4>\n<p>Non, ils ne sont pas admis dans les h\u00e9bergements.<\/p>\n<h4>Est-ce qu\u00b4il y a de l \u00b4air conditionn\u00e9 dans les bungalows\/mobil homes ?<\/h4>\n<p>Non, il n\u2019y a pas. Mais comme on est situ\u00e9 touchant la plage, il fait toujours un peu de brise de la mer.<\/p>\n<h4>Est-ce qu\u2019il y a des draps et des couvertures dans les bungalows\/mobil homes ?<\/h4>\n<p>Oui, il y a des draps et des couvertures, mais il n\u2019y pas des serviettes et non plus des corchons pour la cuisine.<br \/>\nOn peut louer des serviettes dans le camping.<\/p>\n<h4>Est-ce qu\u00b4il y a des lits et des chaises pour les b\u00e9b\u00e9s ?<\/h4>\n<p>Oui, vous pouvez avoir ce service, toujours sous disponibilit\u00e9, et ce sera gratuit.<\/p>\n<h4>Es ce qu\u00b4 il faut faire le nettoyage dans les bungalows\/mobil homes ?<\/h4>\n<p>Nous le livrons propre et \u00e0 la sortie, vous devez le laisser en bon \u00e9tat.<\/p>","protected":false},"excerpt":{"rendered":"A quelle distance se trouve la plage ? Comment est le sol des parcelles ? Peut-on payer avec une carte de cr\u00e9dit ? Ce sont des questions qui ont \u00e9t\u00e9 pos\u00e9es mille fois. Si vous nous contactez, nous vous r\u00e9pondrons volontiers, mais vous pouvez v\u00e9rifier les r\u00e9ponses ici.","protected":false},"author":1001,"featured_media":0,"parent":19,"menu_order":0,"comment_status":"closed","ping_status":"closed","template":"","meta":{"_acf_changed":false,"footnotes":""},"class_list":["post-521","page","type-page","status-publish","hentry"],"acf":[],"_links":{"self":[{"href":"https:\/\/lagaviota.com\/fr\/wp-json\/wp\/v2\/pages\/521","targetHints":{"allow":["GET"]}}],"collection":[{"href":"https:\/\/lagaviota.com\/fr\/wp-json\/wp\/v2\/pages"}],"about":[{"href":"https:\/\/lagaviota.com\/fr\/wp-json\/wp\/v2\/types\/page"}],"author":[{"embeddable":true,"href":"https:\/\/lagaviota.com\/fr\/wp-json\/wp\/v2\/users\/1001"}],"replies":[{"embeddable":true,"href":"https:\/\/lagaviota.com\/fr\/wp-json\/wp\/v2\/comments?post=521"}],"version-history":[{"count":0,"href":"https:\/\/lagaviota.com\/fr\/wp-json\/wp\/v2\/pages\/521\/revisions"}],"up":[{"embeddable":true,"href":"https:\/\/lagaviota.com\/fr\/wp-json\/wp\/v2\/pages\/19"}],"wp:attachment":[{"href":"https:\/\/lagaviota.com\/fr\/wp-json\/wp\/v2\/media?parent=521"}],"curies":[{"name":"wp","href":"https:\/\/api.w.org\/{rel}","templated":true}]}}