{"id":517,"date":"2020-07-20T16:12:02","date_gmt":"2020-07-20T16:12:02","guid":{"rendered":"http:\/\/camping-lagaviota.com.mialias.net\/?page_id=517"},"modified":"2020-07-20T16:40:18","modified_gmt":"2020-07-20T16:40:18","slug":"reglamento-interno","status":"publish","type":"page","link":"https:\/\/lagaviota.com\/fr\/recepcion\/reglamento-interno\/","title":{"rendered":"Planifiez votre s\u00e9jour"},"content":{"rendered":"","protected":false},"excerpt":{"rendered":"Jusqu&rsquo;\u00e0 quelle heure le camping est-il ouvert les soirs? \u00c0 quelle heure doit-on quitter l&#8217;emplacement ? Puis-je amener des visiteurs ? Le r\u00e8glement int\u00e9rieur r\u00e9pond \u00e0 presque toutes vos questions, mais s&rsquo;il y a quelque chose qui vous \u00e9chappe, n&rsquo;h\u00e9sitez pas \u00e0 nous contacter !","protected":false},"author":1001,"featured_media":0,"parent":19,"menu_order":0,"comment_status":"closed","ping_status":"closed","template":"","meta":{"_acf_changed":false,"footnotes":""},"class_list":["post-517","page","type-page","status-publish","hentry"],"acf":[],"_links":{"self":[{"href":"https:\/\/lagaviota.com\/fr\/wp-json\/wp\/v2\/pages\/517","targetHints":{"allow":["GET"]}}],"collection":[{"href":"https:\/\/lagaviota.com\/fr\/wp-json\/wp\/v2\/pages"}],"about":[{"href":"https:\/\/lagaviota.com\/fr\/wp-json\/wp\/v2\/types\/page"}],"author":[{"embeddable":true,"href":"https:\/\/lagaviota.com\/fr\/wp-json\/wp\/v2\/users\/1001"}],"replies":[{"embeddable":true,"href":"https:\/\/lagaviota.com\/fr\/wp-json\/wp\/v2\/comments?post=517"}],"version-history":[{"count":0,"href":"https:\/\/lagaviota.com\/fr\/wp-json\/wp\/v2\/pages\/517\/revisions"}],"up":[{"embeddable":true,"href":"https:\/\/lagaviota.com\/fr\/wp-json\/wp\/v2\/pages\/19"}],"wp:attachment":[{"href":"https:\/\/lagaviota.com\/fr\/wp-json\/wp\/v2\/media?parent=517"}],"curies":[{"name":"wp","href":"https:\/\/api.w.org\/{rel}","templated":true}]}}