{"id":500,"date":"2020-07-20T15:30:47","date_gmt":"2020-07-20T15:30:47","guid":{"rendered":"http:\/\/camping-lagaviota.com.mialias.net\/?page_id=500"},"modified":"2020-07-20T16:01:50","modified_gmt":"2020-07-20T16:01:50","slug":"cuentanos-como-ha-ido","status":"publish","type":"page","link":"https:\/\/lagaviota.com\/fr\/recepcion\/cuentanos-como-ha-ido\/","title":{"rendered":"Parlez-nous de votre exp\u00e9rience"},"content":{"rendered":"<p>Parlez-nous de votre exp\u00e9rience dans notre camping et aidez-nous \u00e0 savoir o\u00f9 nous devrions am\u00e9liorer afin que vous puissiez nous choisir \u00e0 nouveau. Nous sommes impatients de vous entendre.<\/p>\n<p>Veuillez r\u00e9pondre \u00e0 cette enqu\u00eate (en anglais).<br \/>\nDur\u00e9e approximative: 8 minutes.<br \/>\n<a href=\"https:\/\/forms.gle\/sReKBSvUm4pAyMAR9\">Enqu\u00eate de satisfaction<\/a><\/p>\n<p><iframe loading=\"lazy\" src=\"https:\/\/docs.google.com\/forms\/d\/e\/1FAIpQLSeZlbv9Ca-U5qiOUJ_MeS8LBYhmw9wpBZxI5YedDZZTSZJ9TA\/viewform?embedded=true\" width=\"900\" height=\"520\" frameborder=\"0\" marginheight=\"0\" marginwidth=\"0\">S&#39;est\u00e0 carregant\u2026<\/iframe><\/p>","protected":false},"excerpt":{"rendered":"Parlez-nous de votre exp\u00e9rience dans notre camping et aidez-nous \u00e0 savoir o\u00f9 nous devrions am\u00e9liorer afin que vous puissiez nous choisir \u00e0 nouveau.","protected":false},"author":1001,"featured_media":0,"parent":19,"menu_order":0,"comment_status":"closed","ping_status":"closed","template":"","meta":{"_acf_changed":false,"footnotes":""},"class_list":["post-500","page","type-page","status-publish","hentry"],"acf":[],"_links":{"self":[{"href":"https:\/\/lagaviota.com\/fr\/wp-json\/wp\/v2\/pages\/500","targetHints":{"allow":["GET"]}}],"collection":[{"href":"https:\/\/lagaviota.com\/fr\/wp-json\/wp\/v2\/pages"}],"about":[{"href":"https:\/\/lagaviota.com\/fr\/wp-json\/wp\/v2\/types\/page"}],"author":[{"embeddable":true,"href":"https:\/\/lagaviota.com\/fr\/wp-json\/wp\/v2\/users\/1001"}],"replies":[{"embeddable":true,"href":"https:\/\/lagaviota.com\/fr\/wp-json\/wp\/v2\/comments?post=500"}],"version-history":[{"count":0,"href":"https:\/\/lagaviota.com\/fr\/wp-json\/wp\/v2\/pages\/500\/revisions"}],"up":[{"embeddable":true,"href":"https:\/\/lagaviota.com\/fr\/wp-json\/wp\/v2\/pages\/19"}],"wp:attachment":[{"href":"https:\/\/lagaviota.com\/fr\/wp-json\/wp\/v2\/media?parent=500"}],"curies":[{"name":"wp","href":"https:\/\/api.w.org\/{rel}","templated":true}]}}