{"id":49,"date":"2020-03-30T11:43:21","date_gmt":"2020-03-30T11:43:21","guid":{"rendered":"http:\/\/lagaviota-v2\/?page_id=49"},"modified":"2025-08-21T13:08:26","modified_gmt":"2025-08-21T13:08:26","slug":"parcelas","status":"publish","type":"page","link":"https:\/\/lagaviota.com\/fr\/parcelas-alojamientos\/parcelas\/","title":{"rendered":"Emplacements"},"content":{"rendered":"<p>Parcelles de 70 m2 maximum, ombrag\u00e9es et gazonn\u00e9es. Votre petit royaume pendant les vacances&#8230;<\/p>\n<p>Vous pouvez louer l&rsquo;\u00e9lectricit\u00e9 et un r\u00e9frig\u00e9rateur \u00e0 votre arriv\u00e9e.<\/p>\n<p>Attention! Vous aurez besoin d&rsquo;un adaptateur triphas\u00e9 pour les prises.<\/p>\n<p>Le wifi atteint toutes les parcelles. Demandez-le \u00e0 la r\u00e9ception.<\/p>\n<p>Il est bien possible de passer ses vacances dans un petit camping confortable sur la plage.<\/p>","protected":false},"excerpt":{"rendered":"<p class=\"qtranxs-available-languages-message qtranxs-available-languages-message-fr\">D\u00e9sol\u00e9, cet article est seulement disponible en <a href=\"https:\/\/lagaviota.com\/nl\/wp-json\/wp\/v2\/pages\/49\" class=\"qtranxs-available-language-link qtranxs-available-language-link-nl\" title=\"nl\">nl<\/a>.<\/p>","protected":false},"author":1001,"featured_media":1680,"parent":13,"menu_order":1,"comment_status":"closed","ping_status":"closed","template":"page-single_accomodation.php","meta":{"_acf_changed":false,"footnotes":""},"class_list":["post-49","page","type-page","status-publish","has-post-thumbnail","hentry"],"acf":[],"_links":{"self":[{"href":"https:\/\/lagaviota.com\/fr\/wp-json\/wp\/v2\/pages\/49","targetHints":{"allow":["GET"]}}],"collection":[{"href":"https:\/\/lagaviota.com\/fr\/wp-json\/wp\/v2\/pages"}],"about":[{"href":"https:\/\/lagaviota.com\/fr\/wp-json\/wp\/v2\/types\/page"}],"author":[{"embeddable":true,"href":"https:\/\/lagaviota.com\/fr\/wp-json\/wp\/v2\/users\/1001"}],"replies":[{"embeddable":true,"href":"https:\/\/lagaviota.com\/fr\/wp-json\/wp\/v2\/comments?post=49"}],"version-history":[{"count":1,"href":"https:\/\/lagaviota.com\/fr\/wp-json\/wp\/v2\/pages\/49\/revisions"}],"predecessor-version":[{"id":1681,"href":"https:\/\/lagaviota.com\/fr\/wp-json\/wp\/v2\/pages\/49\/revisions\/1681"}],"up":[{"embeddable":true,"href":"https:\/\/lagaviota.com\/fr\/wp-json\/wp\/v2\/pages\/13"}],"wp:featuredmedia":[{"embeddable":true,"href":"https:\/\/lagaviota.com\/fr\/wp-json\/wp\/v2\/media\/1680"}],"wp:attachment":[{"href":"https:\/\/lagaviota.com\/fr\/wp-json\/wp\/v2\/media?parent=49"}],"curies":[{"name":"wp","href":"https:\/\/api.w.org\/{rel}","templated":true}]}}