{"id":47,"date":"2020-03-30T11:41:46","date_gmt":"2020-03-30T11:41:46","guid":{"rendered":"http:\/\/lagaviota-v2\/?page_id=47"},"modified":"2025-08-21T13:09:01","modified_gmt":"2025-08-21T13:09:01","slug":"bungalow-morea","status":"publish","type":"page","link":"https:\/\/lagaviota.com\/fr\/parcelas-alojamientos\/bungalow-morea\/","title":{"rendered":"Bungalow Morea"},"content":{"rendered":"<p><\/p>\n<h2>Situ\u00e9 au c\u0153ur du camping<\/h2>\n<p><img loading=\"lazy\" decoding=\"async\" class=\"alignnone size-full wp-image-1514\" src=\"https:\/\/lagaviota.com\/wp-content\/uploads\/2024\/11\/Sin-titulo.png\" alt=\"\" width=\"128\" height=\"128\" \/><\/p>\n<p>Equip\u00e9 pour 4-5 personnes<\/p>\n<ul>\n<li>Eau chaude et \u00e9l\u00e9ctricit\u00e9 (220w)<\/li>\n<li>Air conditionn\u00e9<\/li>\n<li>Salon\/cuisine, cuisini\u00e8re \u00e0 gaz, r\u00e9frig\u00e9rateur et micro-onde<\/li>\n<li>Salle de bain avec douche, lavabo, WC<\/li>\n<li>Chambre double avec gran lit<\/li>\n<li>Chambre triple avec des lits superpos\u00e9s<\/li>\n<li>Lits \u00e9quip\u00e9s de draps et couvertures<\/li>\n<li>Terrasse meubl\u00e9e avec 1 table et 5 chaises<\/li>\n<\/ul>\n<p>Possibilit\u00e9 de location de serviettes de toilette. 5\u20ac\/personne\/semaine.<\/p>\n<p>Qu\u2019avez-vous besoin d\u2019apporter de la maison? V\u00e9rifiez ici ce que vous trouverez dans le logement:<\/p>","protected":false},"excerpt":{"rendered":"<p class=\"qtranxs-available-languages-message qtranxs-available-languages-message-fr\">D\u00e9sol\u00e9, cet article est seulement disponible en <a href=\"https:\/\/lagaviota.com\/nl\/wp-json\/wp\/v2\/pages\/47\" class=\"qtranxs-available-language-link qtranxs-available-language-link-nl\" title=\"nl\">nl<\/a>.<\/p>","protected":false},"author":1001,"featured_media":1682,"parent":13,"menu_order":2,"comment_status":"closed","ping_status":"closed","template":"page-single_accomodation.php","meta":{"_acf_changed":false,"footnotes":""},"class_list":["post-47","page","type-page","status-publish","has-post-thumbnail","hentry"],"acf":[],"_links":{"self":[{"href":"https:\/\/lagaviota.com\/fr\/wp-json\/wp\/v2\/pages\/47","targetHints":{"allow":["GET"]}}],"collection":[{"href":"https:\/\/lagaviota.com\/fr\/wp-json\/wp\/v2\/pages"}],"about":[{"href":"https:\/\/lagaviota.com\/fr\/wp-json\/wp\/v2\/types\/page"}],"author":[{"embeddable":true,"href":"https:\/\/lagaviota.com\/fr\/wp-json\/wp\/v2\/users\/1001"}],"replies":[{"embeddable":true,"href":"https:\/\/lagaviota.com\/fr\/wp-json\/wp\/v2\/comments?post=47"}],"version-history":[{"count":1,"href":"https:\/\/lagaviota.com\/fr\/wp-json\/wp\/v2\/pages\/47\/revisions"}],"predecessor-version":[{"id":1683,"href":"https:\/\/lagaviota.com\/fr\/wp-json\/wp\/v2\/pages\/47\/revisions\/1683"}],"up":[{"embeddable":true,"href":"https:\/\/lagaviota.com\/fr\/wp-json\/wp\/v2\/pages\/13"}],"wp:featuredmedia":[{"embeddable":true,"href":"https:\/\/lagaviota.com\/fr\/wp-json\/wp\/v2\/media\/1682"}],"wp:attachment":[{"href":"https:\/\/lagaviota.com\/fr\/wp-json\/wp\/v2\/media?parent=47"}],"curies":[{"name":"wp","href":"https:\/\/api.w.org\/{rel}","templated":true}]}}