{"id":460,"date":"2020-07-17T16:39:01","date_gmt":"2020-07-17T16:39:01","guid":{"rendered":"http:\/\/camping-lagaviota.com.mialias.net\/?page_id=460"},"modified":"2025-09-08T11:21:34","modified_gmt":"2025-09-08T11:21:34","slug":"mascotas","status":"publish","type":"page","link":"https:\/\/lagaviota.com\/fr\/recepcion\/mascotas\/","title":{"rendered":"Animaux de compagnie"},"content":{"rendered":"<p><\/p>\n<h3>Vous voyagez avec votre animal de compagnie ?<\/h3>\n<p>Nous savons que votre animal fait partie de la famille et que vous agirez de mani\u00e8re responsable. Cependant, nous devons respecter les campeurs qui ne veulent pas vivre avec des chiens. Afin d&rsquo;assurer un \u00e9quilibre entre les campeurs ayant des animaux de compagnie et ceux qui n&rsquo;en ont pas, veuillez garder \u00e0 l&rsquo;esprit les r\u00e8gles suivantes :<\/p>\n<ul>\n<li>Nous autorisons un maximum de deux chiens par parcelle.<\/li>\n<li>Les chiens ne sont autoris\u00e9s que sur les parcelles et doivent toujours \u00eatre attach\u00e9s et sous la surveillance de leurs propri\u00e9taires.<\/li>\n<li>Vous devez accompagner votre chien dehors pour faire les selles. Veuillez ramasser leur selles.<\/li>\n<li>Les chiens de races consid\u00e9r\u00e9es comme dangereuses ne sont pas autoris\u00e9s dans le camping : Bullmastiff, Doberman, Dogue argentin, Dogue de Bordeaux, Mastiff napolitain, Pitbull, Presa Canario, Rottweiler, Tosa japonais, American Staffordshire Terrier, Staffordshire Bull Terrier, Fila Brasileiro, Tosa Inu et Akita Inu.<\/li>\n<li>Pour les laver, utilisez la douche exclusive pour animaux, situ\u00e9e dans l&rsquo;aire de service.<\/li>\n<li>Pour des raisons d&rsquo;hygi\u00e8ne, les animaux domestiques ne sont pas autoris\u00e9s dans les toilettes, le bar-restaurant, le supermarch\u00e9, la r\u00e9ception et la piscine.<\/li>\n<\/ul>\n<p><\/p>","protected":false},"excerpt":{"rendered":"Nous nous effor\u00e7ons de trouver un \u00e9quilibre entre les campeurs avec animaux et les campeurs sans animaux. Si vous voyagez avec un chien, veuillez suivre ces directives.","protected":false},"author":1001,"featured_media":0,"parent":19,"menu_order":0,"comment_status":"closed","ping_status":"closed","template":"","meta":{"_acf_changed":false,"footnotes":""},"class_list":["post-460","page","type-page","status-publish","hentry"],"acf":[],"_links":{"self":[{"href":"https:\/\/lagaviota.com\/fr\/wp-json\/wp\/v2\/pages\/460","targetHints":{"allow":["GET"]}}],"collection":[{"href":"https:\/\/lagaviota.com\/fr\/wp-json\/wp\/v2\/pages"}],"about":[{"href":"https:\/\/lagaviota.com\/fr\/wp-json\/wp\/v2\/types\/page"}],"author":[{"embeddable":true,"href":"https:\/\/lagaviota.com\/fr\/wp-json\/wp\/v2\/users\/1001"}],"replies":[{"embeddable":true,"href":"https:\/\/lagaviota.com\/fr\/wp-json\/wp\/v2\/comments?post=460"}],"version-history":[{"count":1,"href":"https:\/\/lagaviota.com\/fr\/wp-json\/wp\/v2\/pages\/460\/revisions"}],"predecessor-version":[{"id":1748,"href":"https:\/\/lagaviota.com\/fr\/wp-json\/wp\/v2\/pages\/460\/revisions\/1748"}],"up":[{"embeddable":true,"href":"https:\/\/lagaviota.com\/fr\/wp-json\/wp\/v2\/pages\/19"}],"wp:attachment":[{"href":"https:\/\/lagaviota.com\/fr\/wp-json\/wp\/v2\/media?parent=460"}],"curies":[{"name":"wp","href":"https:\/\/api.w.org\/{rel}","templated":true}]}}