{"id":455,"date":"2020-07-17T16:27:37","date_gmt":"2020-07-17T16:27:37","guid":{"rendered":"http:\/\/camping-lagaviota.com.mialias.net\/?page_id=455"},"modified":"2025-12-10T11:23:14","modified_gmt":"2025-12-10T11:23:14","slug":"condiciones-reservas","status":"publish","type":"page","link":"https:\/\/lagaviota.com\/fr\/recepcion\/condiciones-reservas\/","title":{"rendered":"Conditions de R\u00e9servation"},"content":{"rendered":"<p><\/p>\n<h2 data-start=\"3693\" data-end=\"3739\"><strong data-start=\"3696\" data-end=\"3739\">CONDITIONS DE R\u00c9SERVATION DES PARCELLES<\/strong><\/h2>\n<ul data-start=\"3741\" data-end=\"5145\">\n<li data-start=\"3741\" data-end=\"3843\">\n<p data-start=\"3743\" data-end=\"3843\">Avec ce document, vous acceptez nos conditions de r\u00e9servation et notre politique d\u2019annulation.<\/p>\n<\/li>\n<li data-start=\"3844\" data-end=\"3976\">\n<p data-start=\"3846\" data-end=\"3976\">En saisons MOYENNES et HAUTE, un acompte de 330 \u20ac sera demand\u00e9 pour confirmer la r\u00e9servation, d\u00e9duit du montant total du s\u00e9jour.<\/p>\n<\/li>\n<li data-start=\"3977\" data-end=\"4113\">\n<p data-start=\"3979\" data-end=\"4113\">En saisons MOYENNES et HAUTE, toutes les r\u00e9servations entra\u00eeneront un co\u00fbt suppl\u00e9mentaire de 10 \u20ac au titre des frais de r\u00e9servation.<\/p>\n<\/li>\n<li data-start=\"4114\" data-end=\"4247\">\n<p data-start=\"4116\" data-end=\"4247\">En saisons TR\u00c8S BASSE et BASSE, un acompte de 66 \u20ac sera demand\u00e9 pour confirmer la r\u00e9servation, d\u00e9duit du montant total du s\u00e9jour.<\/p>\n<\/li>\n<li data-start=\"4248\" data-end=\"4398\">\n<p data-start=\"4250\" data-end=\"4398\">En saison HAUTE, le solde devra \u00eatre r\u00e9gl\u00e9 en esp\u00e8ces le jour de l\u2019arriv\u00e9e. En cas de d\u00e9part anticip\u00e9, les jours restant ne seront PAS rembours\u00e9s.<\/p>\n<\/li>\n<li data-start=\"4399\" data-end=\"4525\">\n<p data-start=\"4401\" data-end=\"4525\">La parcelle sera disponible \u00e0 partir de 14h00 le jour de l\u2019arriv\u00e9e et devra \u00eatre lib\u00e9r\u00e9e propre \u00e0 12h00 le jour du d\u00e9part.<\/p>\n<\/li>\n<li data-start=\"4526\" data-end=\"4599\">\n<p data-start=\"4528\" data-end=\"4599\">L\u2019occupation maximale est de 5 personnes et un v\u00e9hicule par parcelle.<\/p>\n<\/li>\n<li data-start=\"4600\" data-end=\"4712\">\n<p data-start=\"4602\" data-end=\"4712\">Un branchement CEE (3 broches) est n\u00e9cessaire pour l\u2019\u00e9lectricit\u00e9. La R\u00e9ception NE fournit PAS d\u2019adaptateurs.<\/p>\n<\/li>\n<li data-start=\"4713\" data-end=\"4874\">\n<p data-start=\"4715\" data-end=\"4874\">Les visites ne sont PAS autoris\u00e9es. Exceptionnellement et avec autorisation pr\u00e9alable, un minimum de 15 \u20ac par personne sera factur\u00e9. Horaires : de 12h \u00e0 22h.<\/p>\n<\/li>\n<li data-start=\"4875\" data-end=\"5012\">\n<p data-start=\"4877\" data-end=\"5012\">La r\u00e9servation d\u2019une parcelle pr\u00e9cise n\u2019est pas garantie, mais l\u2019\u00e9quipe de la R\u00e9ception fera son possible pour r\u00e9pondre aux demandes.<\/p>\n<\/li>\n<li data-start=\"5013\" data-end=\"5145\">\n<p data-start=\"5015\" data-end=\"5145\">Si la parcelle n\u2019est pas occup\u00e9e dans les 24 h suivant la date pr\u00e9vue d\u2019arriv\u00e9e, la r\u00e9servation sera annul\u00e9e et l\u2019acompte perdu.<\/p>\n<\/li>\n<\/ul>\n<h2 data-start=\"5152\" data-end=\"5227\"><\/h2>\n<h2 data-start=\"5152\" data-end=\"5227\"><\/h2>\n<h2 data-start=\"5152\" data-end=\"5227\"><strong data-start=\"5155\" data-end=\"5227\">CONDITIONS DE R\u00c9SERVATION DES H\u00c9BERGEMENTS (BUNGALOWS \/ MOBIL-HOMES)<\/strong><\/h2>\n<ul data-start=\"5229\" data-end=\"6734\">\n<li data-start=\"5229\" data-end=\"5339\">\n<p data-start=\"5231\" data-end=\"5339\">Les chiens et animaux de compagnie ne sont PAS autoris\u00e9s dans les h\u00e9bergements ni dans leur environnement.<\/p>\n<\/li>\n<li data-start=\"5340\" data-end=\"5442\">\n<p data-start=\"5342\" data-end=\"5442\">Avec ce document, vous acceptez nos conditions de r\u00e9servation et notre politique d\u2019annulation.<\/p>\n<\/li>\n<li data-start=\"5443\" data-end=\"5575\">\n<p data-start=\"5445\" data-end=\"5575\">En saisons MOYENNES et HAUTE, un acompte de 440 \u20ac sera demand\u00e9 pour confirmer la r\u00e9servation, d\u00e9duit du montant total du s\u00e9jour.<\/p>\n<\/li>\n<li data-start=\"5576\" data-end=\"5687\">\n<p data-start=\"5578\" data-end=\"5687\">En saisons MOYENNES et HAUTE, toutes les r\u00e9servations entra\u00eeneront un co\u00fbt suppl\u00e9mentaire de 10 \u20ac de frais.<\/p>\n<\/li>\n<li data-start=\"5688\" data-end=\"5949\">\n<p data-start=\"5690\" data-end=\"5949\">En saisons MOYENNES et HAUTE, la dur\u00e9e minimale est d\u2019une semaine, avec arriv\u00e9e et d\u00e9part le samedi. Arriv\u00e9e \u00e0 17h00 et d\u00e9part \u00e0 11h00. En basse saison, le s\u00e9jour minimum est de 2 nuits, hors ponts, pour lesquels tous les jours f\u00e9ri\u00e9s doivent \u00eatre r\u00e9serv\u00e9s.<\/p>\n<\/li>\n<li data-start=\"5950\" data-end=\"6084\">\n<p data-start=\"5952\" data-end=\"6084\">En saisons TR\u00c8S BASSE et BASSE, un acompte de 165 \u20ac sera demand\u00e9 pour confirmer la r\u00e9servation, d\u00e9duit du montant total du s\u00e9jour.<\/p>\n<\/li>\n<li data-start=\"6085\" data-end=\"6364\">\n<p data-start=\"6087\" data-end=\"6364\">Le solde devra \u00eatre pay\u00e9 en esp\u00e8ces \u00e0 l\u2019arriv\u00e9e et une caution de 150 \u20ac devra \u00eatre d\u00e9pos\u00e9e \u00e0 la R\u00e9ception pour garantir la propret\u00e9 et d\u2019\u00e9ventuels dommages. Le logement devra \u00eatre rendu en parfait \u00e9tat. La caution sera restitu\u00e9e apr\u00e8s v\u00e9rification lors de la remise des cl\u00e9s.<\/p>\n<\/li>\n<li data-start=\"6365\" data-end=\"6526\">\n<p data-start=\"6367\" data-end=\"6526\">Les visites ne sont PAS autoris\u00e9es. Exceptionnellement et avec autorisation pr\u00e9alable, un minimum de 15 \u20ac par personne sera factur\u00e9. Horaires : de 12h \u00e0 22h.<\/p>\n<\/li>\n<li data-start=\"6527\" data-end=\"6602\">\n<p data-start=\"6529\" data-end=\"6602\">En cas de d\u00e9part anticip\u00e9, les jours restants ne seront PAS rembours\u00e9s.<\/p>\n<\/li>\n<li data-start=\"6603\" data-end=\"6734\">\n<p data-start=\"6605\" data-end=\"6734\">Si le logement n\u2019est pas occup\u00e9 dans les 24 h suivant la date pr\u00e9vue d\u2019arriv\u00e9e, la r\u00e9servation sera annul\u00e9e et l\u2019acompte perdu.<\/p>\n<\/li>\n<\/ul>\n<h2><\/h2>\n<h2><strong>POLITIQUE D\u2019ANNULATION<\/strong><\/h2>\n<ul>\n<li>Toute annulation d&rsquo;une r\u00e9servation doit \u00eatre faite PAR \u00c9CRIT \u00e0 l&rsquo;adresse \u00e9lectronique info@lagaviota.com.<\/li>\n<\/ul>\n<p>L\u2019annulation plus de 30 jours avant la date d&rsquo;arriv\u00e9e, entra\u00eenera la perte de 30 % de l&rsquo;acompte.<br \/>\nL&rsquo;annulation dans les 30 jours et jusqu&rsquo;\u00e0 15 jours avant la date d&rsquo;arriv\u00e9e, entra\u00eenera la perte de 50% de l&rsquo;acompte.<br \/>\nL\u2019annulation moins de 15 jours avant la date d&rsquo;arriv\u00e9e entra\u00eenera la perte de 100 % de l&rsquo;acompte.<\/p>","protected":false},"excerpt":{"rendered":"Nous continuons \u00e0 maintenir les protocoles d&rsquo;hygi\u00e8ne et de s\u00e9curit\u00e9 pour emp\u00eacher la propagation des virus.","protected":false},"author":1001,"featured_media":0,"parent":19,"menu_order":0,"comment_status":"closed","ping_status":"closed","template":"","meta":{"_acf_changed":false,"footnotes":""},"class_list":["post-455","page","type-page","status-publish","hentry"],"acf":[],"_links":{"self":[{"href":"https:\/\/lagaviota.com\/fr\/wp-json\/wp\/v2\/pages\/455","targetHints":{"allow":["GET"]}}],"collection":[{"href":"https:\/\/lagaviota.com\/fr\/wp-json\/wp\/v2\/pages"}],"about":[{"href":"https:\/\/lagaviota.com\/fr\/wp-json\/wp\/v2\/types\/page"}],"author":[{"embeddable":true,"href":"https:\/\/lagaviota.com\/fr\/wp-json\/wp\/v2\/users\/1001"}],"replies":[{"embeddable":true,"href":"https:\/\/lagaviota.com\/fr\/wp-json\/wp\/v2\/comments?post=455"}],"version-history":[{"count":6,"href":"https:\/\/lagaviota.com\/fr\/wp-json\/wp\/v2\/pages\/455\/revisions"}],"predecessor-version":[{"id":1784,"href":"https:\/\/lagaviota.com\/fr\/wp-json\/wp\/v2\/pages\/455\/revisions\/1784"}],"up":[{"embeddable":true,"href":"https:\/\/lagaviota.com\/fr\/wp-json\/wp\/v2\/pages\/19"}],"wp:attachment":[{"href":"https:\/\/lagaviota.com\/fr\/wp-json\/wp\/v2\/media?parent=455"}],"curies":[{"name":"wp","href":"https:\/\/api.w.org\/{rel}","templated":true}]}}