{"id":45,"date":"2020-03-30T11:40:42","date_gmt":"2020-03-30T11:40:42","guid":{"rendered":"http:\/\/lagaviota-v2\/?page_id=45"},"modified":"2025-08-21T13:17:45","modified_gmt":"2025-08-21T13:17:45","slug":"mobilhome-tamariu","status":"publish","type":"page","link":"https:\/\/lagaviota.com\/fr\/parcelas-alojamientos\/mobilhome-tamariu\/","title":{"rendered":"Mobilhome Tamariu"},"content":{"rendered":"<p><\/p>\n<h2>Plac\u00e9 au centre du camping<\/h2>\n<p><img loading=\"lazy\" decoding=\"async\" class=\"alignnone size-full wp-image-1514\" src=\"https:\/\/lagaviota.com\/wp-content\/uploads\/2024\/11\/Sin-titulo.png\" alt=\"\" width=\"128\" height=\"128\" \/><\/p>\n<p>Equip\u00e9 pour 4 personnes<\/p>\n<ul>\n<li>Eau chaude et \u00e9l\u00e9ctricit\u00e9 (220w)<\/li>\n<li>Air conditionn\u00e9<\/li>\n<li>Chauffage \u00e9lectrique<\/li>\n<li>Salon\/cuisine et cuisini\u00e8re \u00e0 gaz, r\u00e9frigerateur et micro-onde<\/li>\n<li>Salle de bain avec douche, lavabo, WC<\/li>\n<li>Chambre double avec grand lit<\/li>\n<li>Chambre double avec lits jumeaux<\/li>\n<li>Lits \u00e9quip\u00e9s avec draps et couvertures<\/li>\n<li>Terrasse meubl\u00e9e avec 1 table et 4 chaises<\/li>\n<\/ul>\n<p>Possibilit\u00e9 de location de serviettes de toilette. 5\u20ac\/personne\/semaine.<\/p>\n<p>Q\u2019avez vous besoin de vous emporter de la maison? V\u00e9rifiez ici ce que trouverez dans le log\u00e9ment:<\/p>","protected":false},"excerpt":{"rendered":"<p class=\"qtranxs-available-languages-message qtranxs-available-languages-message-fr\">D\u00e9sol\u00e9, cet article est seulement disponible en <a href=\"https:\/\/lagaviota.com\/nl\/wp-json\/wp\/v2\/pages\/45\" class=\"qtranxs-available-language-link qtranxs-available-language-link-nl\" title=\"nl\">nl<\/a>.<\/p>","protected":false},"author":1001,"featured_media":1688,"parent":13,"menu_order":5,"comment_status":"closed","ping_status":"closed","template":"page-single_accomodation.php","meta":{"_acf_changed":false,"footnotes":""},"class_list":["post-45","page","type-page","status-publish","has-post-thumbnail","hentry"],"acf":[],"_links":{"self":[{"href":"https:\/\/lagaviota.com\/fr\/wp-json\/wp\/v2\/pages\/45","targetHints":{"allow":["GET"]}}],"collection":[{"href":"https:\/\/lagaviota.com\/fr\/wp-json\/wp\/v2\/pages"}],"about":[{"href":"https:\/\/lagaviota.com\/fr\/wp-json\/wp\/v2\/types\/page"}],"author":[{"embeddable":true,"href":"https:\/\/lagaviota.com\/fr\/wp-json\/wp\/v2\/users\/1001"}],"replies":[{"embeddable":true,"href":"https:\/\/lagaviota.com\/fr\/wp-json\/wp\/v2\/comments?post=45"}],"version-history":[{"count":1,"href":"https:\/\/lagaviota.com\/fr\/wp-json\/wp\/v2\/pages\/45\/revisions"}],"predecessor-version":[{"id":1689,"href":"https:\/\/lagaviota.com\/fr\/wp-json\/wp\/v2\/pages\/45\/revisions\/1689"}],"up":[{"embeddable":true,"href":"https:\/\/lagaviota.com\/fr\/wp-json\/wp\/v2\/pages\/13"}],"wp:featuredmedia":[{"embeddable":true,"href":"https:\/\/lagaviota.com\/fr\/wp-json\/wp\/v2\/media\/1688"}],"wp:attachment":[{"href":"https:\/\/lagaviota.com\/fr\/wp-json\/wp\/v2\/media?parent=45"}],"curies":[{"name":"wp","href":"https:\/\/api.w.org\/{rel}","templated":true}]}}