{"id":318,"date":"2020-07-09T14:10:07","date_gmt":"2020-07-09T14:10:07","guid":{"rendered":"http:\/\/camping-lagaviota.com.mialias.net\/?page_id=318"},"modified":"2025-08-23T12:14:29","modified_gmt":"2025-08-23T12:14:29","slug":"alquiler-de-bicicletas","status":"publish","type":"page","link":"https:\/\/lagaviota.com\/fr\/servicios\/alquiler-de-bicicletas\/","title":{"rendered":"Location de v\u00e9los"},"content":{"rendered":"<p>Nous sommes dans le Parc naturel des Aiguamolls de l&rsquo;Empord\u00e0. Il y a plusieurs pistes cyclables depuis le camping. la plupart sont tr\u00e8s faciles et avec quelques petites sections de circulation motoris\u00e9e.<\/p>\n<p>\u00c0 la r\u00e9ception, vous pouvez louer des v\u00e9los et vous renseigner sur les itin\u00e9raires et les lieux \u00e0 visiter.<\/p>","protected":false},"excerpt":{"rendered":"Nous sommes dans le Parc naturel des Aiguamolls de l&rsquo;Empord\u00e0. Il y a plusieurs pistes cyclables depuis le camping. la plupart sont tr\u00e8s faciles et avec quelques petites sections de circulation motoris\u00e9e.\r\n\u00c0 la r\u00e9ception, vous pouvez louer des v\u00e9los et vous renseigner sur les itin\u00e9raires et les lieux \u00e0 visiter.","protected":false},"author":1001,"featured_media":325,"parent":15,"menu_order":5,"comment_status":"closed","ping_status":"closed","template":"page-services_subpage.php","meta":{"_acf_changed":false,"footnotes":""},"class_list":["post-318","page","type-page","status-publish","has-post-thumbnail","hentry"],"acf":[],"_links":{"self":[{"href":"https:\/\/lagaviota.com\/fr\/wp-json\/wp\/v2\/pages\/318","targetHints":{"allow":["GET"]}}],"collection":[{"href":"https:\/\/lagaviota.com\/fr\/wp-json\/wp\/v2\/pages"}],"about":[{"href":"https:\/\/lagaviota.com\/fr\/wp-json\/wp\/v2\/types\/page"}],"author":[{"embeddable":true,"href":"https:\/\/lagaviota.com\/fr\/wp-json\/wp\/v2\/users\/1001"}],"replies":[{"embeddable":true,"href":"https:\/\/lagaviota.com\/fr\/wp-json\/wp\/v2\/comments?post=318"}],"version-history":[{"count":1,"href":"https:\/\/lagaviota.com\/fr\/wp-json\/wp\/v2\/pages\/318\/revisions"}],"predecessor-version":[{"id":1722,"href":"https:\/\/lagaviota.com\/fr\/wp-json\/wp\/v2\/pages\/318\/revisions\/1722"}],"up":[{"embeddable":true,"href":"https:\/\/lagaviota.com\/fr\/wp-json\/wp\/v2\/pages\/15"}],"wp:featuredmedia":[{"embeddable":true,"href":"https:\/\/lagaviota.com\/fr\/wp-json\/wp\/v2\/media\/325"}],"wp:attachment":[{"href":"https:\/\/lagaviota.com\/fr\/wp-json\/wp\/v2\/media?parent=318"}],"curies":[{"name":"wp","href":"https:\/\/api.w.org\/{rel}","templated":true}]}}