{"id":316,"date":"2020-07-09T14:08:55","date_gmt":"2020-07-09T14:08:55","guid":{"rendered":"http:\/\/camping-lagaviota.com.mialias.net\/?page_id=316"},"modified":"2025-08-23T12:17:22","modified_gmt":"2025-08-23T12:17:22","slug":"atencion-medica-y-masajes","status":"publish","type":"page","link":"https:\/\/lagaviota.com\/fr\/servicios\/atencion-medica-y-masajes\/","title":{"rendered":"Soins m\u00e9dicaux"},"content":{"rendered":"<p>Nous offrons les services d&rsquo;un m\u00e9decin certifi\u00e9 une fois par semaine dans notre cabinet m\u00e9dical ou \u00e0 des heures pr\u00e9\u00e9tablies.<\/p>\n<p>Si vous avez besoin de prendre rendez-vous, veuillez vous pr\u00e9senter \u00e0 la r\u00e9ception.<\/p>","protected":false},"excerpt":{"rendered":"Le cabinet m\u00e9dical est ouvert une fois par semaine, ou \u00e0 des heures pr\u00e9\u00e9tablies. Vous pouvez \u00e9galement demander des tests PCR \u00e0 des prix exclusifs pour nos clients.","protected":false},"author":1001,"featured_media":1729,"parent":15,"menu_order":7,"comment_status":"closed","ping_status":"closed","template":"page-services_subpage.php","meta":{"_acf_changed":false,"footnotes":""},"class_list":["post-316","page","type-page","status-publish","has-post-thumbnail","hentry"],"acf":[],"_links":{"self":[{"href":"https:\/\/lagaviota.com\/fr\/wp-json\/wp\/v2\/pages\/316","targetHints":{"allow":["GET"]}}],"collection":[{"href":"https:\/\/lagaviota.com\/fr\/wp-json\/wp\/v2\/pages"}],"about":[{"href":"https:\/\/lagaviota.com\/fr\/wp-json\/wp\/v2\/types\/page"}],"author":[{"embeddable":true,"href":"https:\/\/lagaviota.com\/fr\/wp-json\/wp\/v2\/users\/1001"}],"replies":[{"embeddable":true,"href":"https:\/\/lagaviota.com\/fr\/wp-json\/wp\/v2\/comments?post=316"}],"version-history":[{"count":2,"href":"https:\/\/lagaviota.com\/fr\/wp-json\/wp\/v2\/pages\/316\/revisions"}],"predecessor-version":[{"id":1728,"href":"https:\/\/lagaviota.com\/fr\/wp-json\/wp\/v2\/pages\/316\/revisions\/1728"}],"up":[{"embeddable":true,"href":"https:\/\/lagaviota.com\/fr\/wp-json\/wp\/v2\/pages\/15"}],"wp:featuredmedia":[{"embeddable":true,"href":"https:\/\/lagaviota.com\/fr\/wp-json\/wp\/v2\/media\/1729"}],"wp:attachment":[{"href":"https:\/\/lagaviota.com\/fr\/wp-json\/wp\/v2\/media?parent=316"}],"curies":[{"name":"wp","href":"https:\/\/api.w.org\/{rel}","templated":true}]}}