{"id":314,"date":"2020-07-09T14:06:50","date_gmt":"2020-07-09T14:06:50","guid":{"rendered":"http:\/\/camping-lagaviota.com.mialias.net\/?page_id=314"},"modified":"2025-01-24T10:33:08","modified_gmt":"2025-01-24T10:33:08","slug":"wifi","status":"publish","type":"page","link":"https:\/\/lagaviota.com\/fr\/servicios\/wifi\/","title":{"rendered":"Wifi"},"content":{"rendered":"<p>Il y a un acc\u00e8s internet wifi dans tous les terrains et logements. Demandez le code \u00e0 la r\u00e9ception.<\/p>","protected":false},"excerpt":{"rendered":"Il y a un acc\u00e8s internet wifi dans tous les terrains et logements. Demandez le code \u00e0 la r\u00e9ception.","protected":false},"author":1001,"featured_media":378,"parent":15,"menu_order":10,"comment_status":"closed","ping_status":"closed","template":"page-services_subpage.php","meta":{"_acf_changed":false,"footnotes":""},"class_list":["post-314","page","type-page","status-publish","has-post-thumbnail","hentry"],"acf":[],"_links":{"self":[{"href":"https:\/\/lagaviota.com\/fr\/wp-json\/wp\/v2\/pages\/314","targetHints":{"allow":["GET"]}}],"collection":[{"href":"https:\/\/lagaviota.com\/fr\/wp-json\/wp\/v2\/pages"}],"about":[{"href":"https:\/\/lagaviota.com\/fr\/wp-json\/wp\/v2\/types\/page"}],"author":[{"embeddable":true,"href":"https:\/\/lagaviota.com\/fr\/wp-json\/wp\/v2\/users\/1001"}],"replies":[{"embeddable":true,"href":"https:\/\/lagaviota.com\/fr\/wp-json\/wp\/v2\/comments?post=314"}],"version-history":[{"count":0,"href":"https:\/\/lagaviota.com\/fr\/wp-json\/wp\/v2\/pages\/314\/revisions"}],"up":[{"embeddable":true,"href":"https:\/\/lagaviota.com\/fr\/wp-json\/wp\/v2\/pages\/15"}],"wp:featuredmedia":[{"embeddable":true,"href":"https:\/\/lagaviota.com\/fr\/wp-json\/wp\/v2\/media\/378"}],"wp:attachment":[{"href":"https:\/\/lagaviota.com\/fr\/wp-json\/wp\/v2\/media?parent=314"}],"curies":[{"name":"wp","href":"https:\/\/api.w.org\/{rel}","templated":true}]}}