{"id":2,"date":"2020-03-27T10:32:54","date_gmt":"2020-03-27T10:32:54","guid":{"rendered":"http:\/\/lagaviota-v2\/?page_id=2"},"modified":"2025-08-21T12:59:43","modified_gmt":"2025-08-21T12:59:43","slug":"sample-page","status":"publish","type":"page","link":"https:\/\/lagaviota.com\/fr\/","title":{"rendered":"Camping La Gaviota &#8211; Costa Brava &#8211; bord de mer"},"content":{"rendered":"<p><\/p>\n<h2>Un joyau cach\u00e9 dans une plage sauvage de la Costa Brava<\/h2>\n<p>Nous sommes un petit camping sur la Costa Brava, avec une ambiance familiale et un service amical. La plupart de nos clients sont des familles qui recherchent la tranquillit\u00e9. Vous nous trouverez dans la Baie de Roses, l&rsquo;une des Plus Belles Baies du Monde, un classement labellis\u00e9 par l&rsquo;UNESCO pour deux atouts : nature et culture.<\/p>\n<p>Situ\u00e9 directement sur la plage de Sant Pere Pescador, dans la r\u00e9serve naturelle de l&rsquo;Empord\u00e0 (Aiguamolls de l&rsquo;Empord\u00e0), il y a beaucoup de choses \u00e0 faire ici !<\/p>\n<ul>\n<li>d\u00e9tendez-vous sur notre large plage peu profonde de dunes de sable fin et dor\u00e9. (Les enfants adorent \u00e7a ! Et les parents aussi)<\/li>\n<li>visiter le site arch\u00e9ologique gr\u00e9co-romain d&rsquo;Empuries<\/li>\n<li>explorez les villages de p\u00eacheurs \u00e0 proximit\u00e9 et profitez des fruits de mer et de la gastronomie locale<br \/>\n&#8230; et bien d&rsquo;autres<\/li>\n<\/ul>\n<p>Vous aimez faire du sport ? Vous pouvez louer des v\u00e9los, des cours de kitesurf, de planche \u00e0 voile et de paddle-surf et du mat\u00e9riel aquatique dans nos installations.<\/p>\n<p>Toute la zone est un parc naturel, peu fr\u00e9quent\u00e9, bas construit, et le seul trafic routier provient des campeurs eux-m\u00eames et de l&rsquo;acc\u00e8s \u00e0 la plage. Il existe plusieurs \u00e9co-routes de niveau bas \u00e0 moyen disponibles pour le cyclisme, \u00e0 appr\u00e9cier en famille.<\/p>\n<p>Ouvert d&rsquo;avril \u00e0 octobre.<\/p>\n<p>Essayez-nous, vous tomberez amoureux.<\/p>","protected":false},"excerpt":{"rendered":"Camping familial et service chaleureux, id\u00e9al pour les familles en qu\u00eate de tranquillit\u00e9. Situation exceptionnelle sur la Costa Brava dans la r\u00e9serve naturelle des Aiguamolls del Empord\u00e0, directement sur la plage de Sant Pere Pescador.","protected":false},"author":1001,"featured_media":0,"parent":0,"menu_order":0,"comment_status":"closed","ping_status":"closed","template":"","meta":{"_acf_changed":false,"footnotes":""},"class_list":["post-2","page","type-page","status-publish","hentry"],"acf":[],"_links":{"self":[{"href":"https:\/\/lagaviota.com\/fr\/wp-json\/wp\/v2\/pages\/2","targetHints":{"allow":["GET"]}}],"collection":[{"href":"https:\/\/lagaviota.com\/fr\/wp-json\/wp\/v2\/pages"}],"about":[{"href":"https:\/\/lagaviota.com\/fr\/wp-json\/wp\/v2\/types\/page"}],"author":[{"embeddable":true,"href":"https:\/\/lagaviota.com\/fr\/wp-json\/wp\/v2\/users\/1001"}],"replies":[{"embeddable":true,"href":"https:\/\/lagaviota.com\/fr\/wp-json\/wp\/v2\/comments?post=2"}],"version-history":[{"count":1,"href":"https:\/\/lagaviota.com\/fr\/wp-json\/wp\/v2\/pages\/2\/revisions"}],"predecessor-version":[{"id":1675,"href":"https:\/\/lagaviota.com\/fr\/wp-json\/wp\/v2\/pages\/2\/revisions\/1675"}],"wp:attachment":[{"href":"https:\/\/lagaviota.com\/fr\/wp-json\/wp\/v2\/media?parent=2"}],"curies":[{"name":"wp","href":"https:\/\/api.w.org\/{rel}","templated":true}]}}