{"id":19,"date":"2020-03-27T12:17:09","date_gmt":"2020-03-27T12:17:09","guid":{"rendered":"http:\/\/lagaviota-v2\/?page_id=19"},"modified":"2025-08-21T13:12:13","modified_gmt":"2025-08-21T13:12:13","slug":"recepcion","status":"publish","type":"page","link":"https:\/\/lagaviota.com\/fr\/recepcion\/","title":{"rendered":"Accueil"},"content":{"rendered":"<p>L&rsquo;attention port\u00e9e au public dans notre camping est l&rsquo;un des services fondamentaux et les plus pr\u00e9cieux. Nous faisons tr\u00e8s attention au traitement, car il est fondamental pour nous que vous vous sentiez bien accueilli et calme pendant votre s\u00e9jour chez nous.<\/p>\n<p>Nous vous offrons notre attention tout au long de l&rsquo;ann\u00e9e, par t\u00e9l\u00e9phone, par courriel ou par chat. Si vous avez des questions, contactez-nous : nous personnalisons le service pour chaque cas !<\/p>\n<p>Vous pouvez \u00e9galement <a href=\"https:\/\/lagaviota.com\/fr\/recepcion\/\">consulter le service client\u00e8le<\/a>, si vous trouvez la r\u00e9ponse \u00e0 votre question.<\/p>\n<p><a href=\"https:\/\/lagaviota.com\/fr\/recepcion\/\">ALLER \u00c0 LA R\u00c9CEPTION<\/a><\/p>","protected":false},"excerpt":{"rendered":"<p class=\"qtranxs-available-languages-message qtranxs-available-languages-message-fr\">D\u00e9sol\u00e9, cet article est seulement disponible en <a href=\"https:\/\/lagaviota.com\/nl\/wp-json\/wp\/v2\/pages\/19\" class=\"qtranxs-available-language-link qtranxs-available-language-link-nl\" title=\"nl\">nl<\/a>.<\/p>","protected":false},"author":1001,"featured_media":1684,"parent":0,"menu_order":0,"comment_status":"closed","ping_status":"closed","template":"page-reception.php","meta":{"_acf_changed":false,"footnotes":""},"class_list":["post-19","page","type-page","status-publish","has-post-thumbnail","hentry"],"acf":[],"_links":{"self":[{"href":"https:\/\/lagaviota.com\/fr\/wp-json\/wp\/v2\/pages\/19","targetHints":{"allow":["GET"]}}],"collection":[{"href":"https:\/\/lagaviota.com\/fr\/wp-json\/wp\/v2\/pages"}],"about":[{"href":"https:\/\/lagaviota.com\/fr\/wp-json\/wp\/v2\/types\/page"}],"author":[{"embeddable":true,"href":"https:\/\/lagaviota.com\/fr\/wp-json\/wp\/v2\/users\/1001"}],"replies":[{"embeddable":true,"href":"https:\/\/lagaviota.com\/fr\/wp-json\/wp\/v2\/comments?post=19"}],"version-history":[{"count":1,"href":"https:\/\/lagaviota.com\/fr\/wp-json\/wp\/v2\/pages\/19\/revisions"}],"predecessor-version":[{"id":1685,"href":"https:\/\/lagaviota.com\/fr\/wp-json\/wp\/v2\/pages\/19\/revisions\/1685"}],"wp:featuredmedia":[{"embeddable":true,"href":"https:\/\/lagaviota.com\/fr\/wp-json\/wp\/v2\/media\/1684"}],"wp:attachment":[{"href":"https:\/\/lagaviota.com\/fr\/wp-json\/wp\/v2\/media?parent=19"}],"curies":[{"name":"wp","href":"https:\/\/api.w.org\/{rel}","templated":true}]}}