{"id":186,"date":"2020-05-05T09:39:37","date_gmt":"2020-05-05T09:39:37","guid":{"rendered":"http:\/\/lagaviota-v2\/?page_id=186"},"modified":"2025-08-23T11:42:53","modified_gmt":"2025-08-23T11:42:53","slug":"carne-pescado-y-paellas","status":"publish","type":"page","link":"https:\/\/lagaviota.com\/fr\/servicios\/gastronomia\/carne-pescado-y-paellas\/","title":{"rendered":"Viande, poisson et paella"},"content":{"rendered":"<p>Salades et entr\u00e9es, p\u00e2tes, viande, poisson et notre sp\u00e9cialit\u00e9: paella.<\/p>\n<p>Consultez le menu ici:<\/p>\n<p><a href=\"https:\/\/lagaviota.com\/wp-content\/uploads\/2025\/08\/fr25.pdf\">\u00c0 la carte<\/a><\/p>","protected":false},"excerpt":{"rendered":"Salades et entr\u00e9es, p\u00e2tes, viande, poisson et notre sp\u00e9cialit\u00e9: paella.\r\nConsultez le menu ici:","protected":false},"author":1001,"featured_media":377,"parent":156,"menu_order":0,"comment_status":"closed","ping_status":"closed","template":"","meta":{"_acf_changed":false,"footnotes":""},"class_list":["post-186","page","type-page","status-publish","has-post-thumbnail","hentry"],"acf":[],"_links":{"self":[{"href":"https:\/\/lagaviota.com\/fr\/wp-json\/wp\/v2\/pages\/186","targetHints":{"allow":["GET"]}}],"collection":[{"href":"https:\/\/lagaviota.com\/fr\/wp-json\/wp\/v2\/pages"}],"about":[{"href":"https:\/\/lagaviota.com\/fr\/wp-json\/wp\/v2\/types\/page"}],"author":[{"embeddable":true,"href":"https:\/\/lagaviota.com\/fr\/wp-json\/wp\/v2\/users\/1001"}],"replies":[{"embeddable":true,"href":"https:\/\/lagaviota.com\/fr\/wp-json\/wp\/v2\/comments?post=186"}],"version-history":[{"count":1,"href":"https:\/\/lagaviota.com\/fr\/wp-json\/wp\/v2\/pages\/186\/revisions"}],"predecessor-version":[{"id":1703,"href":"https:\/\/lagaviota.com\/fr\/wp-json\/wp\/v2\/pages\/186\/revisions\/1703"}],"up":[{"embeddable":true,"href":"https:\/\/lagaviota.com\/fr\/wp-json\/wp\/v2\/pages\/156"}],"wp:featuredmedia":[{"embeddable":true,"href":"https:\/\/lagaviota.com\/fr\/wp-json\/wp\/v2\/media\/377"}],"wp:attachment":[{"href":"https:\/\/lagaviota.com\/fr\/wp-json\/wp\/v2\/media?parent=186"}],"curies":[{"name":"wp","href":"https:\/\/api.w.org\/{rel}","templated":true}]}}