{"id":152,"date":"2020-05-04T14:59:04","date_gmt":"2020-05-04T14:59:04","guid":{"rendered":"http:\/\/lagaviota-v2\/?page_id=152"},"modified":"2025-08-23T12:12:26","modified_gmt":"2025-08-23T12:12:26","slug":"piscina","status":"publish","type":"page","link":"https:\/\/lagaviota.com\/fr\/servicios\/piscina\/","title":{"rendered":"Piscine"},"content":{"rendered":"<p>La piscine est trait\u00e9e au chlore, ce qui facilite la d\u00e9sinfection de tous les types de virus et de bact\u00e9ries.<br \/>\nC&rsquo;est une piscine con\u00e7ue pour passer une journ\u00e9e tranquille et d\u00e9tendue. Les jeux de balles ou de mat\u00e9riel aquatique ne sont pas autoris\u00e9s, sauf les jours o\u00f9 nous proposons des f\u00eates aquatiques pour les enfants du camping.<br \/>\nEn haute saison nous proposons une activit\u00e9 yoga le samedi matin, ou aquagym certains jours en semaine.<br \/>\nIl est peu profond et il y a une partie rembourr\u00e9e pour les b\u00e9b\u00e9s.<\/p>","protected":false},"excerpt":{"rendered":"La piscine est trait\u00e9e au chlore, ce qui facilite la d\u00e9sinfection de tous les types de virus et de bact\u00e9ries.\r\nVous avez une zone rembourr\u00e9e peu profonde pour les enfants.\r\nVeuillez entrer avec un masque et suivre les instructions pour respecter les r\u00e8gles sanitaires contre la covid19.","protected":false},"author":1001,"featured_media":1718,"parent":15,"menu_order":3,"comment_status":"closed","ping_status":"closed","template":"page-services_subpage.php","meta":{"_acf_changed":false,"footnotes":""},"class_list":["post-152","page","type-page","status-publish","has-post-thumbnail","hentry"],"acf":[],"_links":{"self":[{"href":"https:\/\/lagaviota.com\/fr\/wp-json\/wp\/v2\/pages\/152","targetHints":{"allow":["GET"]}}],"collection":[{"href":"https:\/\/lagaviota.com\/fr\/wp-json\/wp\/v2\/pages"}],"about":[{"href":"https:\/\/lagaviota.com\/fr\/wp-json\/wp\/v2\/types\/page"}],"author":[{"embeddable":true,"href":"https:\/\/lagaviota.com\/fr\/wp-json\/wp\/v2\/users\/1001"}],"replies":[{"embeddable":true,"href":"https:\/\/lagaviota.com\/fr\/wp-json\/wp\/v2\/comments?post=152"}],"version-history":[{"count":1,"href":"https:\/\/lagaviota.com\/fr\/wp-json\/wp\/v2\/pages\/152\/revisions"}],"predecessor-version":[{"id":1717,"href":"https:\/\/lagaviota.com\/fr\/wp-json\/wp\/v2\/pages\/152\/revisions\/1717"}],"up":[{"embeddable":true,"href":"https:\/\/lagaviota.com\/fr\/wp-json\/wp\/v2\/pages\/15"}],"wp:featuredmedia":[{"embeddable":true,"href":"https:\/\/lagaviota.com\/fr\/wp-json\/wp\/v2\/media\/1718"}],"wp:attachment":[{"href":"https:\/\/lagaviota.com\/fr\/wp-json\/wp\/v2\/media?parent=152"}],"curies":[{"name":"wp","href":"https:\/\/api.w.org\/{rel}","templated":true}]}}