{"id":150,"date":"2020-05-04T14:58:27","date_gmt":"2020-05-04T14:58:27","guid":{"rendered":"http:\/\/lagaviota-v2\/?page_id=150"},"modified":"2025-08-23T12:15:37","modified_gmt":"2025-08-23T12:15:37","slug":"entretenimientos","status":"publish","type":"page","link":"https:\/\/lagaviota.com\/fr\/servicios\/entretenimientos\/","title":{"rendered":"Animation"},"content":{"rendered":"<p>Nous sommes caract\u00e9ris\u00e9s par la tranquillit\u00e9 et le respect de la nature. Dans notre camping nous proposons des concerts certains soirs en petit format et uniquement en haute saison. Il y a aussi des activit\u00e9s pour les enfants au Miniclub, des f\u00eates sporadiques avec des jeux gonflables aquatiques pour les enfants du camping, des cours de surf \u00e0 prix r\u00e9duit pour nos clients et quelques autres avantages. Nous vous informerons \u00e0 la <a href=\"https:\/\/lagaviota.com\/ca\/recepcion\/\">R\u00e9ception<\/a> !<\/p>","protected":false},"excerpt":{"rendered":"Mini club, aqua-parties, spectacles nocturnes\u2026 Un programme est en pr\u00e9paration dans le respect du protocole covid. Restez connect\u00e9s sur nos r\u00e9seaux sociaux ou sur les babillards du camping.","protected":false},"author":1001,"featured_media":1723,"parent":15,"menu_order":6,"comment_status":"closed","ping_status":"closed","template":"page-services_subpage.php","meta":{"_acf_changed":false,"footnotes":""},"class_list":["post-150","page","type-page","status-publish","has-post-thumbnail","hentry"],"acf":[],"_links":{"self":[{"href":"https:\/\/lagaviota.com\/fr\/wp-json\/wp\/v2\/pages\/150","targetHints":{"allow":["GET"]}}],"collection":[{"href":"https:\/\/lagaviota.com\/fr\/wp-json\/wp\/v2\/pages"}],"about":[{"href":"https:\/\/lagaviota.com\/fr\/wp-json\/wp\/v2\/types\/page"}],"author":[{"embeddable":true,"href":"https:\/\/lagaviota.com\/fr\/wp-json\/wp\/v2\/users\/1001"}],"replies":[{"embeddable":true,"href":"https:\/\/lagaviota.com\/fr\/wp-json\/wp\/v2\/comments?post=150"}],"version-history":[{"count":1,"href":"https:\/\/lagaviota.com\/fr\/wp-json\/wp\/v2\/pages\/150\/revisions"}],"predecessor-version":[{"id":1726,"href":"https:\/\/lagaviota.com\/fr\/wp-json\/wp\/v2\/pages\/150\/revisions\/1726"}],"up":[{"embeddable":true,"href":"https:\/\/lagaviota.com\/fr\/wp-json\/wp\/v2\/pages\/15"}],"wp:featuredmedia":[{"embeddable":true,"href":"https:\/\/lagaviota.com\/fr\/wp-json\/wp\/v2\/media\/1723"}],"wp:attachment":[{"href":"https:\/\/lagaviota.com\/fr\/wp-json\/wp\/v2\/media?parent=150"}],"curies":[{"name":"wp","href":"https:\/\/api.w.org\/{rel}","templated":true}]}}