{"id":148,"date":"2020-05-04T14:57:31","date_gmt":"2020-05-04T14:57:31","guid":{"rendered":"http:\/\/lagaviota-v2\/?page_id=148"},"modified":"2025-08-23T12:21:18","modified_gmt":"2025-08-23T12:21:18","slug":"tienda","status":"publish","type":"page","link":"https:\/\/lagaviota.com\/fr\/servicios\/tienda\/","title":{"rendered":"Supermarch\u00e9"},"content":{"rendered":"<p>Mat\u00e9riel de camping, fruits et l\u00e9gumes frais, pain et p\u00e2tisseries. Vous pouvez trouver presque tous les produits de base dans notre boutique.<br \/>\nOuvert tous les jours de 8h00 \u00e0 20h00.<\/p>","protected":false},"excerpt":{"rendered":"Mat\u00e9riel de camping, fruits et l\u00e9gumes frais, pain et p\u00e2tisseries. Vous pouvez trouver presque tous les produits de base dans notre boutique.\r\nOuvert tous les jours de 8h00 \u00e0 20h00.","protected":false},"author":1001,"featured_media":1740,"parent":15,"menu_order":9,"comment_status":"closed","ping_status":"closed","template":"page-services_subpage.php","meta":{"_acf_changed":false,"footnotes":""},"class_list":["post-148","page","type-page","status-publish","has-post-thumbnail","hentry"],"acf":[],"_links":{"self":[{"href":"https:\/\/lagaviota.com\/fr\/wp-json\/wp\/v2\/pages\/148","targetHints":{"allow":["GET"]}}],"collection":[{"href":"https:\/\/lagaviota.com\/fr\/wp-json\/wp\/v2\/pages"}],"about":[{"href":"https:\/\/lagaviota.com\/fr\/wp-json\/wp\/v2\/types\/page"}],"author":[{"embeddable":true,"href":"https:\/\/lagaviota.com\/fr\/wp-json\/wp\/v2\/users\/1001"}],"replies":[{"embeddable":true,"href":"https:\/\/lagaviota.com\/fr\/wp-json\/wp\/v2\/comments?post=148"}],"version-history":[{"count":1,"href":"https:\/\/lagaviota.com\/fr\/wp-json\/wp\/v2\/pages\/148\/revisions"}],"predecessor-version":[{"id":1741,"href":"https:\/\/lagaviota.com\/fr\/wp-json\/wp\/v2\/pages\/148\/revisions\/1741"}],"up":[{"embeddable":true,"href":"https:\/\/lagaviota.com\/fr\/wp-json\/wp\/v2\/pages\/15"}],"wp:featuredmedia":[{"embeddable":true,"href":"https:\/\/lagaviota.com\/fr\/wp-json\/wp\/v2\/media\/1740"}],"wp:attachment":[{"href":"https:\/\/lagaviota.com\/fr\/wp-json\/wp\/v2\/media?parent=148"}],"curies":[{"name":"wp","href":"https:\/\/api.w.org\/{rel}","templated":true}]}}