{"id":1163,"date":"2024-02-05T09:55:03","date_gmt":"2024-02-05T09:55:03","guid":{"rendered":"https:\/\/lagaviota.plesk.myfocus.es\/?page_id=1163"},"modified":"2025-08-23T12:23:18","modified_gmt":"2025-08-23T12:23:18","slug":"gaviota-club","status":"publish","type":"page","link":"https:\/\/lagaviota.com\/fr\/gaviota-club\/","title":{"rendered":"Gaviota Club"},"content":{"rendered":"<p>Profitez de longs s\u00e9jours dans notre camping avec des prix sp\u00e9ciaux pour les retrait\u00e9s.<\/p>\n<p>Le prix par nuit comprend l&rsquo;\u00e9lectricit\u00e9 et deux personnes.<\/p>\n<p>Les emplacements ont une superficie maximale de 80 m2, ils sont ombrag\u00e9s et herbeux.<br \/>\nVeuillez noter que vous aurez besoin d&rsquo;un adaptateur triphas\u00e9 pour les prises.<\/p>\n<p>Le Wifi est disponible sur tous les emplacements. Vous pouvez acheter des tickets \u00e0 la r\u00e9ception.<\/p>\n<p>Oui, il est possible de passer ses vacances dans un petit camping confortable au bord de la plage, bien s\u00fbr !<\/p>","protected":false},"excerpt":{"rendered":"<p class=\"qtranxs-available-languages-message qtranxs-available-languages-message-fr\">D\u00e9sol\u00e9, cet article est seulement disponible en <a href=\"https:\/\/lagaviota.com\/nl\/wp-json\/wp\/v2\/pages\/1163\" class=\"qtranxs-available-language-link qtranxs-available-language-link-nl\" title=\"nl\">nl<\/a>.<\/p>","protected":false},"author":1001,"featured_media":1165,"parent":0,"menu_order":1,"comment_status":"closed","ping_status":"closed","template":"page-single_accomodation.php","meta":{"_acf_changed":false,"footnotes":""},"class_list":["post-1163","page","type-page","status-publish","has-post-thumbnail","hentry"],"acf":[],"_links":{"self":[{"href":"https:\/\/lagaviota.com\/fr\/wp-json\/wp\/v2\/pages\/1163","targetHints":{"allow":["GET"]}}],"collection":[{"href":"https:\/\/lagaviota.com\/fr\/wp-json\/wp\/v2\/pages"}],"about":[{"href":"https:\/\/lagaviota.com\/fr\/wp-json\/wp\/v2\/types\/page"}],"author":[{"embeddable":true,"href":"https:\/\/lagaviota.com\/fr\/wp-json\/wp\/v2\/users\/1001"}],"replies":[{"embeddable":true,"href":"https:\/\/lagaviota.com\/fr\/wp-json\/wp\/v2\/comments?post=1163"}],"version-history":[{"count":1,"href":"https:\/\/lagaviota.com\/fr\/wp-json\/wp\/v2\/pages\/1163\/revisions"}],"predecessor-version":[{"id":1746,"href":"https:\/\/lagaviota.com\/fr\/wp-json\/wp\/v2\/pages\/1163\/revisions\/1746"}],"wp:featuredmedia":[{"embeddable":true,"href":"https:\/\/lagaviota.com\/fr\/wp-json\/wp\/v2\/media\/1165"}],"wp:attachment":[{"href":"https:\/\/lagaviota.com\/fr\/wp-json\/wp\/v2\/media?parent=1163"}],"curies":[{"name":"wp","href":"https:\/\/api.w.org\/{rel}","templated":true}]}}