{"id":534,"date":"2020-06-01T09:30:33","date_gmt":"2020-06-01T09:30:33","guid":{"rendered":"http:\/\/camping-lagaviota.com.mialias.net\/?page_id=534"},"modified":"2022-12-06T17:44:28","modified_gmt":"2022-12-06T17:44:28","slug":"camping-para-ninos","status":"publish","type":"page","link":"https:\/\/lagaviota.com\/de\/servicios\/camping-para-ninos\/","title":{"rendered":"Fur unsere kleinen G\u00e4ste"},"content":{"rendered":"<p>Die Gr\u00f6\u00dfe des Campingplatzes macht ihn zu einem sicheren und freundlichen Ort f\u00fcr Familien mit Kindern. In der entspannten Atmosph\u00e4re des Campingplatzes k\u00f6nnen die Kinder ihre ersten Schritte in die eigene Autonomie unternehmen, wie z.B. alleine auf die Toilette gehen, Geschirr sp\u00fclen oder auf dem Campingplatz spielen, ohne sich zu verlaufen.<\/p>\n<p>Es gibt weitere Vorteile, die Ihnen das Leben erleichtern werden:<\/p>\n<p><img loading=\"lazy\" decoding=\"async\" class=\"wp-image-634 alignleft\" src=\"https:\/\/lagaviota.com\/wp-content\/uploads\/2020\/10\/foto-nena-piscina-600x400.jpg\" alt=\"\" width=\"416\" height=\"277\" srcset=\"https:\/\/lagaviota.com\/wp-content\/uploads\/2020\/10\/foto-nena-piscina-600x400.jpg 600w, https:\/\/lagaviota.com\/wp-content\/uploads\/2020\/10\/foto-nena-piscina.jpg 900w, https:\/\/lagaviota.com\/wp-content\/uploads\/2020\/10\/foto-nena-piscina-200x133.jpg 200w\" sizes=\"auto, (max-width: 416px) 100vw, 416px\" \/><\/p>\n<ul>\n<li>Es gibt einen Block mit <strong>Familienbadezimmern<\/strong>, so dass sich die ganze Familie zusammen duschen kann.<\/li>\n<li>Die Familienbadezimmern sind im Mid-Nebensaison klimatisiert.<\/li>\n<li>Im Familienbadezimmer Blockhaus finden Sie auch <strong>Babybadewannen.<\/strong><\/li>\n<li>Im Pool gibt es einen <strong>gepolsterten Bereich<\/strong>, damit sie sicher spielen k\u00f6nnen.<\/li>\n<li>In der Hochsaison bieten wir im <strong>Miniclub<\/strong> gef\u00fchrte Aktivit\u00e4ten f\u00fcr Kinder an.<\/li>\n<li>Wir ermutigen unsere Kunden, ihre Autos im Nebengeb\u00e4ude zu parken, um die Risiken f\u00fcr die Kinder, die sich auf dem Campingplatz aufhalten, zu minimieren und <strong>den gesamten Campingplatz zu einer rauch- und autofreien Zone zu machen.<\/strong><\/li>\n<\/ul>\n<p><\/p>","protected":false},"excerpt":{"rendered":"Der Campingplatz hat die ideale Gr\u00f6sse f\u00fcr unsere kleinen G\u00e4ste, damit diese sich frei und eigenst\u00e4ndig bewegen k\u00f6nnen, ohne sich zu verlaufen.","protected":false},"author":1001,"featured_media":226,"parent":15,"menu_order":4,"comment_status":"closed","ping_status":"closed","template":"","meta":{"_acf_changed":false,"footnotes":""},"class_list":["post-534","page","type-page","status-publish","has-post-thumbnail","hentry"],"acf":[],"_links":{"self":[{"href":"https:\/\/lagaviota.com\/de\/wp-json\/wp\/v2\/pages\/534","targetHints":{"allow":["GET"]}}],"collection":[{"href":"https:\/\/lagaviota.com\/de\/wp-json\/wp\/v2\/pages"}],"about":[{"href":"https:\/\/lagaviota.com\/de\/wp-json\/wp\/v2\/types\/page"}],"author":[{"embeddable":true,"href":"https:\/\/lagaviota.com\/de\/wp-json\/wp\/v2\/users\/1001"}],"replies":[{"embeddable":true,"href":"https:\/\/lagaviota.com\/de\/wp-json\/wp\/v2\/comments?post=534"}],"version-history":[{"count":0,"href":"https:\/\/lagaviota.com\/de\/wp-json\/wp\/v2\/pages\/534\/revisions"}],"up":[{"embeddable":true,"href":"https:\/\/lagaviota.com\/de\/wp-json\/wp\/v2\/pages\/15"}],"wp:featuredmedia":[{"embeddable":true,"href":"https:\/\/lagaviota.com\/de\/wp-json\/wp\/v2\/media\/226"}],"wp:attachment":[{"href":"https:\/\/lagaviota.com\/de\/wp-json\/wp\/v2\/media?parent=534"}],"curies":[{"name":"wp","href":"https:\/\/api.w.org\/{rel}","templated":true}]}}