{"id":521,"date":"2020-07-20T16:45:59","date_gmt":"2020-07-20T16:45:59","guid":{"rendered":"http:\/\/camping-lagaviota.com.mialias.net\/?page_id=521"},"modified":"2023-02-20T22:22:29","modified_gmt":"2023-02-20T22:22:29","slug":"faqs","status":"publish","type":"page","link":"https:\/\/lagaviota.com\/de\/recepcion\/faqs\/","title":{"rendered":"FAQS"},"content":{"rendered":"<p><\/p>\n<h3>CAMPINGPLATZ<\/h3>\n<h4>Wie weit ist der Campingplatz vom Strand entfernt?<\/h4>\n<p>Der Campingplatz ist 2 Minuten zu Fuss zum Strand entfernt.<\/p>\n<h4>Gibt es auf dem Campingplatz ein Schwimmbad?<\/h4>\n<p>Ja, wir haben ein Schwimmbad , welches 20 Meter lang, 7 Meter breit und 140 cm tief ist. Ein<br \/>\nTeil des Schwimmbads ist f\u00fcr Kinder gedacht, nur 40 cm tief und fussbodengepolstertert.<br \/>\nIn der Vor- und Nachsaison ist das Schwimmbad leicht beheizt.<\/p>\n<h4>Kann man mit Kreditkarte bezahlen?<\/h4>\n<p>Wir akzeptieren leider keine Kreditkarten.<\/p>\n<h4>Ist es erlaubt , den Campingplatz zu besuchen?<\/h4>\n<p>Besuche werden je nach Belegung des Campings erlaubt.<br \/>\nEs ist Vorschrift ,vor dem Betreten des Campingplatzes sich in der Rezeption zu registrieren.<br \/>\nIm Fall, dass der Besuch gestattet wird ,m\u00fcssen Sie einen Personalausweis oder Pass bis zum Verlassen des Campingplatzes in der Rezeption hinterlegen und den Tarif des Besuchs bezahlen. Jeder Besucher bekommt ein Identifikationsarmband. Die Besuchszeit ist maximal bis 23 Uhr gestattet.<br \/>\nDie Fahrzeuge der Besucher sind auf dem Campingplatz nicht zugelassen.<\/p>\n<h4>Kann man K\u00fchlschr\u00e4nke auf dem Campingplatz mieten?<\/h4>\n<p>Ja, man kann einen K\u00fchlschrank auf dem Campingplatz mieten.<\/p>\n<h4>Kann man auf dem Campingplatz Fahrr\u00e4der ausleihen?<\/h4>\n<p>Ja, man kann direkt auf dem Campingplatz Fahrr\u00e4der ausleihen.<\/p>\n<h4>Gibt es auf dem Campingplatz Wehladen?<\/h4>\n<p>Im Restaurant\/Bar- Berreich ist das Wehladen kostenlos. Falls Sie auf der Parzelle Wehladen brauchen, m\u00fcssten Sie ein Ticket in Rezeption kaufen.<\/p>\n<h4>Gibt es Animation auf dem Campingplatz?<\/h4>\n<p>Im Juli und August gibt es zweimal w\u00f6chentlich unterschiedliche Shows auf der Terrasse des Restaurants, mit Live-Musik, Discomovil, oder Flamenco-Tanz (normalerweise dienstags und freitags , je nach Wetter, da es unter freiem Himmel ist)<br \/>\nF\u00fcr unsere kleinen G\u00e4ste gibt es den Miniclub, welcher unterschiedliche Aktivit\u00e4ten anbietet, die t\u00e4glich am Infoboard angeschlagen sind.<br \/>\nAusserdem gibt es Yoga und Aguagym 1 bis zweimal pro Woche.<\/p>\n<h3><\/h3>\n<h3>EINRICHTUNGEN<\/h3>\n<h4>Was f\u00fcr Einrichtungen hat der Campingplatz?<\/h4>\n<p>Es gibt einen Supermarkt , der unterschiedliche Produkte hat und auch ein Restaurant mit Speisekarte und einem vielf\u00e4ltigen Angebot.<br \/>\nIm Juli und August habe wir einen Take-away-Service.<\/p>\n<h4>Gibt es Waschmachinen auf dem Campingplatz?<\/h4>\n<p>Ja, es gibt 2 Waschmaschinen und 1 Trockner auf dem Platz, f\u00fcr welche Sie M\u00fcnzen in der Rezeption kaufen k\u00f6nnen.<\/p>\n<h3><\/h3>\n<h3>PARZELLEN<\/h3>\n<h4>Wieviel Ampere gibt es?<\/h4>\n<p>Auf allen Pl\u00e4tzen gibt es 10 Ampere.<\/p>\n<h4>Was f\u00fcr elektrische Anschl\u00fcsse gibt es?<\/h4>\n<p>Es gibt Drei- Phasen-Anschl\u00fcsse (europ\u00e4ische Anschl\u00fcsse)<\/p>\n<h4>Um wieviel Uhr muss man den Platz verlassen?<\/h4>\n<p>Man muss den Platz um 12 Uhr verlassen. In der Vor-und Nachsaison gibt es die M\u00f6glichkeit, den Sp\u00e4t -check-out zu nutzen. Informieren Sie sich bitte in der Rezeption \u00fcber die M\u00f6glichkeit und den Preis.<\/p>\n<h4>Ist es erlaubt, zu grillen?<\/h4>\n<p>Ja, es ist erlaubt, mit Kohle zu grillen.<\/p>\n<h3><\/h3>\n<h3>HUNDE<\/h3>\n<p>Auf den Stellpl\u00e4tzen sind Hunde erlaubt. (maximal 2 Hunde pro Platz)<br \/>\nHunde gef\u00e4hrlicher Rassen sind nicht erlaubt. (<a href=\"https:\/\/lagaviota.com\/wp-content\/uploads\/2020\/07\/Reglamento-DE.pdf\">mehr Infos dazu in der Campingordnung<\/a>)<br \/>\nAuf dem Campingplatz m\u00fcssen die Hunde immer angeleint und von ihren Besitzern unter Kontrolle gehalten werden.<\/p>\n<h3><\/h3>\n<h3>BUNGALOWS \/ MOBILHOMES<\/h3>\n<h4>Um wieviel Uhr muss man die Unterk\u00fcnfte verlassen?<\/h4>\n<p>Die Unterk\u00fcnfte m\u00fcssen um 12 Uhr verlassen werden.<\/p>\n<h4>Ab wieviel Uhr kann man in die Bungalws\/Mobilhomes?<\/h4>\n<p>Am Ankunftstag hat man Zutritt zu den Unterk\u00fcnften ab 17 Uhr.<\/p>\n<h4>Sind Haustiere in den Unterk\u00fcnften erlaubt?<\/h4>\n<p>In den Unterk\u00fcnften sind keine Haustiere erlaubt.<\/p>\n<h4>Gibt es in den Unterk\u00fcnften eine Klimaanlage?<\/h4>\n<p>Nein, es gibt keine Klimaanlagen in den Bungalows\/Mobilhomes. Aber da der Platz sehr nah am Strand gelegen ist, haben wir meistens eine erfrischende Brise vom Meer..<\/p>\n<h4>Gibt es in den Unterk\u00fcnften Bettw\u00e4sche?<\/h4>\n<p>Ja, es gibt Bettw\u00e4sche und Decken. Es gibt keine Handt\u00fccher und keine K\u00fcchent\u00fccher. Handt\u00fccher kann man auf dem Campingplatz ausleihen.<\/p>\n<h4>Gibt es Babybetten und Hochst\u00fchle?<\/h4>\n<p>Ja, je nach Nachfrage kann man Babybetten + Hochst\u00fchle kostenlos ausleihen. (bitte vorher reservieren)<\/p>\n<h4>Muss man die Unterk\u00fcnfte vor der Abfahrt s\u00e4ubern?<\/h4>\n<p>Bitte hinterlassen Sie den Bungalow\/Mobilhome in dem gleichen sauberen Zustand, wie Sie ihn vorgefunden haben. Danke.<\/p>","protected":false},"excerpt":{"rendered":"Wie weit ist es zum Strand? Wieviel Ampere gibt es auf den Parzellen? Kann ich mit Kreditkarte bezahlen? \r\nDies sind Fragen, die oft gestellt werden. Hier finden Sie die Antworten auf die am h\u00e4ufigsten gestellten Fragen.","protected":false},"author":1001,"featured_media":0,"parent":19,"menu_order":0,"comment_status":"closed","ping_status":"closed","template":"","meta":{"_acf_changed":false,"footnotes":""},"class_list":["post-521","page","type-page","status-publish","hentry"],"acf":[],"_links":{"self":[{"href":"https:\/\/lagaviota.com\/de\/wp-json\/wp\/v2\/pages\/521","targetHints":{"allow":["GET"]}}],"collection":[{"href":"https:\/\/lagaviota.com\/de\/wp-json\/wp\/v2\/pages"}],"about":[{"href":"https:\/\/lagaviota.com\/de\/wp-json\/wp\/v2\/types\/page"}],"author":[{"embeddable":true,"href":"https:\/\/lagaviota.com\/de\/wp-json\/wp\/v2\/users\/1001"}],"replies":[{"embeddable":true,"href":"https:\/\/lagaviota.com\/de\/wp-json\/wp\/v2\/comments?post=521"}],"version-history":[{"count":0,"href":"https:\/\/lagaviota.com\/de\/wp-json\/wp\/v2\/pages\/521\/revisions"}],"up":[{"embeddable":true,"href":"https:\/\/lagaviota.com\/de\/wp-json\/wp\/v2\/pages\/19"}],"wp:attachment":[{"href":"https:\/\/lagaviota.com\/de\/wp-json\/wp\/v2\/media?parent=521"}],"curies":[{"name":"wp","href":"https:\/\/api.w.org\/{rel}","templated":true}]}}