{"id":500,"date":"2020-07-20T15:30:47","date_gmt":"2020-07-20T15:30:47","guid":{"rendered":"http:\/\/camping-lagaviota.com.mialias.net\/?page_id=500"},"modified":"2020-07-20T16:01:50","modified_gmt":"2020-07-20T16:01:50","slug":"cuentanos-como-ha-ido","status":"publish","type":"page","link":"https:\/\/lagaviota.com\/de\/recepcion\/cuentanos-como-ha-ido\/","title":{"rendered":"Wie ist es gelaufen?"},"content":{"rendered":"<p>Wie ist es gelaufen?<br \/>\nErz\u00e4hlen Sie uns von Ihren Erfahrungen auf unserem Campingplatz und helfen Sie uns zu wissen, wo wir uns verbessern sollten, damit Sie sich wieder f\u00fcr uns entscheiden k\u00f6nnen. Wir freuen uns darauf, von Ihnen zu h\u00f6ren.<\/p>\n<p>Bitte beantworten Sie diese Umfrage.<br \/>\nUngef\u00e4hre Zeit: 8 Minuten.<\/p>\n<p><a href=\"https:\/\/forms.gle\/zxwKYYCV79pZVeFaA\">Umfrage<\/a><\/p>\n<p><iframe loading=\"lazy\" src=\"https:\/\/docs.google.com\/forms\/d\/e\/1FAIpQLSceznhPkAtv_Pxivb3BVzrOrOixRHD8T3SnDpDhfqisWA0dtw\/viewform?embedded=true\" width=\"900\" height=\"520\" frameborder=\"0\" marginheight=\"0\" marginwidth=\"0\">S&#39;est\u00e0 carregant\u2026<\/iframe><\/p>","protected":false},"excerpt":{"rendered":"Erz\u00e4hlen Sie uns von Ihren Erfahrungen auf unserem Campingplatz und helfen Sie uns zu wissen, wo wir uns verbessern sollten, damit Sie sich wieder f\u00fcr uns entscheiden k\u00f6nnen.","protected":false},"author":1001,"featured_media":0,"parent":19,"menu_order":0,"comment_status":"closed","ping_status":"closed","template":"","meta":{"_acf_changed":false,"footnotes":""},"class_list":["post-500","page","type-page","status-publish","hentry"],"acf":[],"_links":{"self":[{"href":"https:\/\/lagaviota.com\/de\/wp-json\/wp\/v2\/pages\/500","targetHints":{"allow":["GET"]}}],"collection":[{"href":"https:\/\/lagaviota.com\/de\/wp-json\/wp\/v2\/pages"}],"about":[{"href":"https:\/\/lagaviota.com\/de\/wp-json\/wp\/v2\/types\/page"}],"author":[{"embeddable":true,"href":"https:\/\/lagaviota.com\/de\/wp-json\/wp\/v2\/users\/1001"}],"replies":[{"embeddable":true,"href":"https:\/\/lagaviota.com\/de\/wp-json\/wp\/v2\/comments?post=500"}],"version-history":[{"count":0,"href":"https:\/\/lagaviota.com\/de\/wp-json\/wp\/v2\/pages\/500\/revisions"}],"up":[{"embeddable":true,"href":"https:\/\/lagaviota.com\/de\/wp-json\/wp\/v2\/pages\/19"}],"wp:attachment":[{"href":"https:\/\/lagaviota.com\/de\/wp-json\/wp\/v2\/media?parent=500"}],"curies":[{"name":"wp","href":"https:\/\/api.w.org\/{rel}","templated":true}]}}