{"id":49,"date":"2020-03-30T11:43:21","date_gmt":"2020-03-30T11:43:21","guid":{"rendered":"http:\/\/lagaviota-v2\/?page_id=49"},"modified":"2025-08-21T13:08:26","modified_gmt":"2025-08-21T13:08:26","slug":"parcelas","status":"publish","type":"page","link":"https:\/\/lagaviota.com\/de\/parcelas-alojamientos\/parcelas\/","title":{"rendered":"Stellpl\u00e4tze"},"content":{"rendered":"<p>Die Stellpl\u00e4tze sind ideal f\u00fcr Zelte und Wohnmobile.<\/p>\n<p>Parzellen bis zu 70m2, schattig und mit Gras bewachsen. Euer kleines K\u00f6nigreich w\u00e4hrend der Feiertage&#8230;<\/p>\n<p>Sie k\u00f6nnen bei Ihrer Ankunft Strom mieten und einen K\u00fchlschrank mieten.<\/p>\n<p>Vorsicht! Sie ben\u00f6tigen einen Dreiphasen-Adapter f\u00fcr die Stecker.<\/p>\n<p>Das WiFi erreicht alle Parzellen. Fragen Sie an der <a href=\"https:\/\/lagaviota.com\/de\/recepcion\/\">Rezeption<\/a> danach.<\/p>\n<p>Wir haben einen bewachten Parkplatz neben dem Campingplatz eingerichtet, damit Sie Ihr Auto an einem sicheren Ort abstellen k\u00f6nnen und gleichzeitig mehr Platz auf dem Grundst\u00fcck gewinnen. Au\u00dferdem sind die Stra\u00dfen in der Umgebung des Campingplatzes sicherer und frei von Rauch und L\u00e4rm.<\/p>\n<p>Es ist m\u00f6glich, Ihren Urlaub auf einem kleinen, gem\u00fctlichen Campingplatz am Strand zu verbringen.<\/p>\n<p>&nbsp;<\/p>","protected":false},"excerpt":{"rendered":"<p class=\"qtranxs-available-languages-message qtranxs-available-languages-message-de\">Leider ist der Eintrag nur auf <a href=\"https:\/\/lagaviota.com\/nl\/wp-json\/wp\/v2\/pages\/49\" class=\"qtranxs-available-language-link qtranxs-available-language-link-nl\" title=\"nl\">nl<\/a> verf\u00fcgbar.<\/p>","protected":false},"author":1001,"featured_media":1680,"parent":13,"menu_order":1,"comment_status":"closed","ping_status":"closed","template":"page-single_accomodation.php","meta":{"_acf_changed":false,"footnotes":""},"class_list":["post-49","page","type-page","status-publish","has-post-thumbnail","hentry"],"acf":[],"_links":{"self":[{"href":"https:\/\/lagaviota.com\/de\/wp-json\/wp\/v2\/pages\/49","targetHints":{"allow":["GET"]}}],"collection":[{"href":"https:\/\/lagaviota.com\/de\/wp-json\/wp\/v2\/pages"}],"about":[{"href":"https:\/\/lagaviota.com\/de\/wp-json\/wp\/v2\/types\/page"}],"author":[{"embeddable":true,"href":"https:\/\/lagaviota.com\/de\/wp-json\/wp\/v2\/users\/1001"}],"replies":[{"embeddable":true,"href":"https:\/\/lagaviota.com\/de\/wp-json\/wp\/v2\/comments?post=49"}],"version-history":[{"count":1,"href":"https:\/\/lagaviota.com\/de\/wp-json\/wp\/v2\/pages\/49\/revisions"}],"predecessor-version":[{"id":1681,"href":"https:\/\/lagaviota.com\/de\/wp-json\/wp\/v2\/pages\/49\/revisions\/1681"}],"up":[{"embeddable":true,"href":"https:\/\/lagaviota.com\/de\/wp-json\/wp\/v2\/pages\/13"}],"wp:featuredmedia":[{"embeddable":true,"href":"https:\/\/lagaviota.com\/de\/wp-json\/wp\/v2\/media\/1680"}],"wp:attachment":[{"href":"https:\/\/lagaviota.com\/de\/wp-json\/wp\/v2\/media?parent=49"}],"curies":[{"name":"wp","href":"https:\/\/api.w.org\/{rel}","templated":true}]}}