{"id":460,"date":"2020-07-17T16:39:01","date_gmt":"2020-07-17T16:39:01","guid":{"rendered":"http:\/\/camping-lagaviota.com.mialias.net\/?page_id=460"},"modified":"2025-09-08T11:21:34","modified_gmt":"2025-09-08T11:21:34","slug":"mascotas","status":"publish","type":"page","link":"https:\/\/lagaviota.com\/de\/recepcion\/mascotas\/","title":{"rendered":"Haustiere"},"content":{"rendered":"<p><\/p>\n<h3>Reisen Sie mit Ihrem Haustier?<\/h3>\n<p>Wir wissen, dass Ihr Haustier Teil Ihrer Familie ist und Sie verantwortungsbewusst handeln werden. Dennoch m\u00fcssen wir R\u00fccksicht auf Camper nehmen, die nicht mit Hunden zusammenleben m\u00f6chten. Um ein Gleichgewicht zwischen Campern mit und ohne Haustiere zu gew\u00e4hrleisten, beachten Sie bitte die folgenden Regeln:<\/p>\n<ul>\n<li>Wir erlauben maximal zwei Hunde pro Stellplatz.<\/li>\n<li>Hunde sind nur auf den Stellpl\u00e4tzen erlaubt und m\u00fcssen immer angeleint sein und unter der Aufsicht ihrer Besitzer stehen.<\/li>\n<li>Um ihre Notdurft zu verrichten, m\u00fcssen sie au\u00dferhalb des Gel\u00e4ndes gef\u00fchrt werden. Bitte entfernen Sie den Kot.<\/li>\n<li>Hunde von als gef\u00e4hrlich geltenden Rassen sind auf dem Campingplatz nicht erlaubt: Bullmastiff, Dobermann, Dogo Argentino, Dogue de Bordeaux, Neapolitanischer Mastiff, Pitbull, Presa Canario, Rottweiler, Japanischer Tosa, American Staffordshire Terrier, Staffordshire Bull Terrier, Fila Brasileiro, Tosa Inu und Akita Inu.<\/li>\n<li>Zum Waschen nutzen Sie bitte die spezielle Dusche f\u00fcr Haustiere, die sich im Servicebereich befindet.<\/li>\n<li>Aus hygienischen Gr\u00fcnden ist der Zutritt von Haustieren zu den Sanit\u00e4ranlagen, zur Bar-Restaurant, zum Supermarkt, zur Rezeption und zum Poolbereich untersagt.<\/li>\n<\/ul>\n<p><\/p>","protected":false},"excerpt":{"rendered":"Wir bem\u00fchen uns um ein Gleichgewicht zwischen Campern mit Haustieren und Campern ohne Haustiere. Wenn Sie mit einem Hund reisen, befolgen Sie bitte diese Richtlinien.","protected":false},"author":1001,"featured_media":0,"parent":19,"menu_order":0,"comment_status":"closed","ping_status":"closed","template":"","meta":{"_acf_changed":false,"footnotes":""},"class_list":["post-460","page","type-page","status-publish","hentry"],"acf":[],"_links":{"self":[{"href":"https:\/\/lagaviota.com\/de\/wp-json\/wp\/v2\/pages\/460","targetHints":{"allow":["GET"]}}],"collection":[{"href":"https:\/\/lagaviota.com\/de\/wp-json\/wp\/v2\/pages"}],"about":[{"href":"https:\/\/lagaviota.com\/de\/wp-json\/wp\/v2\/types\/page"}],"author":[{"embeddable":true,"href":"https:\/\/lagaviota.com\/de\/wp-json\/wp\/v2\/users\/1001"}],"replies":[{"embeddable":true,"href":"https:\/\/lagaviota.com\/de\/wp-json\/wp\/v2\/comments?post=460"}],"version-history":[{"count":1,"href":"https:\/\/lagaviota.com\/de\/wp-json\/wp\/v2\/pages\/460\/revisions"}],"predecessor-version":[{"id":1748,"href":"https:\/\/lagaviota.com\/de\/wp-json\/wp\/v2\/pages\/460\/revisions\/1748"}],"up":[{"embeddable":true,"href":"https:\/\/lagaviota.com\/de\/wp-json\/wp\/v2\/pages\/19"}],"wp:attachment":[{"href":"https:\/\/lagaviota.com\/de\/wp-json\/wp\/v2\/media?parent=460"}],"curies":[{"name":"wp","href":"https:\/\/api.w.org\/{rel}","templated":true}]}}