{"id":320,"date":"2020-07-09T14:37:03","date_gmt":"2020-07-09T14:37:03","guid":{"rendered":"http:\/\/camping-lagaviota.com.mialias.net\/?page_id=320"},"modified":"2021-06-23T12:41:42","modified_gmt":"2021-06-23T12:41:42","slug":"zona-surfer","status":"publish","type":"page","link":"https:\/\/lagaviota.com\/de\/servicios\/zona-surfer\/","title":{"rendered":"Surfmaterial"},"content":{"rendered":"<p>Haben Sie Surfmaterial? Auf dem Campingplatz gibt es Au\u00dfenduschen und einen Bereich wo Sie Ihrer Segel, Bretter und Neoprenanz\u00fcge waschen k\u00f6nnen.<\/p>","protected":false},"excerpt":{"rendered":"Haben Sie Surfmaterial? Auf dem Campingplatz gibt es Au\u00dfenduschen und einen Bereich wo Sie Ihrer Segel, Bretter und Neoprenanz\u00fcge waschen k\u00f6nnen.","protected":false},"author":1001,"featured_media":321,"parent":15,"menu_order":4,"comment_status":"closed","ping_status":"closed","template":"page-services_subpage.php","meta":{"_acf_changed":false,"footnotes":""},"class_list":["post-320","page","type-page","status-publish","has-post-thumbnail","hentry"],"acf":[],"_links":{"self":[{"href":"https:\/\/lagaviota.com\/de\/wp-json\/wp\/v2\/pages\/320","targetHints":{"allow":["GET"]}}],"collection":[{"href":"https:\/\/lagaviota.com\/de\/wp-json\/wp\/v2\/pages"}],"about":[{"href":"https:\/\/lagaviota.com\/de\/wp-json\/wp\/v2\/types\/page"}],"author":[{"embeddable":true,"href":"https:\/\/lagaviota.com\/de\/wp-json\/wp\/v2\/users\/1001"}],"replies":[{"embeddable":true,"href":"https:\/\/lagaviota.com\/de\/wp-json\/wp\/v2\/comments?post=320"}],"version-history":[{"count":0,"href":"https:\/\/lagaviota.com\/de\/wp-json\/wp\/v2\/pages\/320\/revisions"}],"up":[{"embeddable":true,"href":"https:\/\/lagaviota.com\/de\/wp-json\/wp\/v2\/pages\/15"}],"wp:featuredmedia":[{"embeddable":true,"href":"https:\/\/lagaviota.com\/de\/wp-json\/wp\/v2\/media\/321"}],"wp:attachment":[{"href":"https:\/\/lagaviota.com\/de\/wp-json\/wp\/v2\/media?parent=320"}],"curies":[{"name":"wp","href":"https:\/\/api.w.org\/{rel}","templated":true}]}}