{"id":318,"date":"2020-07-09T14:10:07","date_gmt":"2020-07-09T14:10:07","guid":{"rendered":"http:\/\/camping-lagaviota.com.mialias.net\/?page_id=318"},"modified":"2025-08-23T12:14:29","modified_gmt":"2025-08-23T12:14:29","slug":"alquiler-de-bicicletas","status":"publish","type":"page","link":"https:\/\/lagaviota.com\/de\/servicios\/alquiler-de-bicicletas\/","title":{"rendered":"Fahrradverleih"},"content":{"rendered":"<p>Wir befinden uns in dem Naturparks Aiguamolls del Empord\u00e0. Es gibt mehrere Wege, die mit dem Fahrrad vom Campingplatz aus befahren werden k\u00f6nnen. Die meisten davon sind\u00a0 nur abschnittweise vom Autoverkehr beeintr\u00e4chtigt.<\/p>\n<p>An der Rezeption k\u00f6nnen Sie Fahrr\u00e4der ausleihen und Informationen \u00fcber Routen und Sehensw\u00fcrdigkeiten erhalten.<\/p>","protected":false},"excerpt":{"rendered":"Wir befinden uns in dem Naturparks Aiguamolls del Empord\u00e0. Es gibt mehrere Wege, die mit dem Fahrrad vom Campingplatz aus befahren werden k\u00f6nnen. Die meisten davon sind\u00a0 nur abschnittweise vom Autoverkehr beeintr\u00e4chtigt.\r\nAn der Rezeption k\u00f6nnen Sie Fahrr\u00e4der ausleihen und Informationen \u00fcber Routen und Sehensw\u00fcrdigkeiten erhalten.","protected":false},"author":1001,"featured_media":325,"parent":15,"menu_order":5,"comment_status":"closed","ping_status":"closed","template":"page-services_subpage.php","meta":{"_acf_changed":false,"footnotes":""},"class_list":["post-318","page","type-page","status-publish","has-post-thumbnail","hentry"],"acf":[],"_links":{"self":[{"href":"https:\/\/lagaviota.com\/de\/wp-json\/wp\/v2\/pages\/318","targetHints":{"allow":["GET"]}}],"collection":[{"href":"https:\/\/lagaviota.com\/de\/wp-json\/wp\/v2\/pages"}],"about":[{"href":"https:\/\/lagaviota.com\/de\/wp-json\/wp\/v2\/types\/page"}],"author":[{"embeddable":true,"href":"https:\/\/lagaviota.com\/de\/wp-json\/wp\/v2\/users\/1001"}],"replies":[{"embeddable":true,"href":"https:\/\/lagaviota.com\/de\/wp-json\/wp\/v2\/comments?post=318"}],"version-history":[{"count":1,"href":"https:\/\/lagaviota.com\/de\/wp-json\/wp\/v2\/pages\/318\/revisions"}],"predecessor-version":[{"id":1722,"href":"https:\/\/lagaviota.com\/de\/wp-json\/wp\/v2\/pages\/318\/revisions\/1722"}],"up":[{"embeddable":true,"href":"https:\/\/lagaviota.com\/de\/wp-json\/wp\/v2\/pages\/15"}],"wp:featuredmedia":[{"embeddable":true,"href":"https:\/\/lagaviota.com\/de\/wp-json\/wp\/v2\/media\/325"}],"wp:attachment":[{"href":"https:\/\/lagaviota.com\/de\/wp-json\/wp\/v2\/media?parent=318"}],"curies":[{"name":"wp","href":"https:\/\/api.w.org\/{rel}","templated":true}]}}