{"id":287,"date":"2020-07-08T14:30:08","date_gmt":"2020-07-08T14:30:08","guid":{"rendered":"http:\/\/camping-lagaviota.com.mialias.net\/?page_id=287"},"modified":"2025-08-23T11:53:03","modified_gmt":"2025-08-23T11:53:03","slug":"menu-infantil","status":"publish","type":"page","link":"https:\/\/lagaviota.com\/de\/servicios\/gastronomia\/menu-infantil\/","title":{"rendered":"Auswahl f\u00fcr Kinder + Empfehlugen"},"content":{"rendered":"<p>Wir schlagen ein schnelles und einfaches Men\u00fc f\u00fcr Kinder vor. Sie werden es lieben:<\/p>\n<p>Ein Gericht + Getr\u00e4nk + Eiscreme = 13,20 \u20ac<\/p>\n<p>W\u00e4hlen Sie hier ein Gericht aus, Sie k\u00f6nnen auch die Empfehlungen des Hauses beachten:<\/p>\n<p><a href=\"https:\/\/lagaviota.com\/wp-content\/uploads\/2025\/08\/kids25.pdf\">Auswahl f\u00fcr Kinder + Empfehlugen<\/a><\/p>","protected":false},"excerpt":{"rendered":"Wir schlagen ein schnelles und einfaches Men\u00fc f\u00fcr Kinder vor. Sie werden es lieben: Ein Gericht + Getr\u00e4nk + Eiscreme = 13,20 \u20ac W\u00e4hlen Sie hier ein Gericht aus, Sie k\u00f6nnen auch die Empfehlungen des Hauses beachten: Auswahl f\u00fcr Kinder + Empfehlugen","protected":false},"author":1001,"featured_media":1692,"parent":156,"menu_order":0,"comment_status":"closed","ping_status":"closed","template":"","meta":{"_acf_changed":false,"footnotes":""},"class_list":["post-287","page","type-page","status-publish","has-post-thumbnail","hentry"],"acf":[],"_links":{"self":[{"href":"https:\/\/lagaviota.com\/de\/wp-json\/wp\/v2\/pages\/287","targetHints":{"allow":["GET"]}}],"collection":[{"href":"https:\/\/lagaviota.com\/de\/wp-json\/wp\/v2\/pages"}],"about":[{"href":"https:\/\/lagaviota.com\/de\/wp-json\/wp\/v2\/types\/page"}],"author":[{"embeddable":true,"href":"https:\/\/lagaviota.com\/de\/wp-json\/wp\/v2\/users\/1001"}],"replies":[{"embeddable":true,"href":"https:\/\/lagaviota.com\/de\/wp-json\/wp\/v2\/comments?post=287"}],"version-history":[{"count":2,"href":"https:\/\/lagaviota.com\/de\/wp-json\/wp\/v2\/pages\/287\/revisions"}],"predecessor-version":[{"id":1706,"href":"https:\/\/lagaviota.com\/de\/wp-json\/wp\/v2\/pages\/287\/revisions\/1706"}],"up":[{"embeddable":true,"href":"https:\/\/lagaviota.com\/de\/wp-json\/wp\/v2\/pages\/156"}],"wp:featuredmedia":[{"embeddable":true,"href":"https:\/\/lagaviota.com\/de\/wp-json\/wp\/v2\/media\/1692"}],"wp:attachment":[{"href":"https:\/\/lagaviota.com\/de\/wp-json\/wp\/v2\/media?parent=287"}],"curies":[{"name":"wp","href":"https:\/\/api.w.org\/{rel}","templated":true}]}}