{"id":2,"date":"2020-03-27T10:32:54","date_gmt":"2020-03-27T10:32:54","guid":{"rendered":"http:\/\/lagaviota-v2\/?page_id=2"},"modified":"2025-08-21T12:59:43","modified_gmt":"2025-08-21T12:59:43","slug":"sample-page","status":"publish","type":"page","link":"https:\/\/lagaviota.com\/de\/","title":{"rendered":"Camping La Gaviota &#8211; direkt am Strand"},"content":{"rendered":"<p><\/p>\n<h2>Ein verstecktes Juwel an einem wilden Strand der Costa Brava<\/h2>\n<p>Wir sind ein kleiner Campingplatz an der Costa Brava mit famili\u00e4rer Atmosph\u00e4re und freundlichem Service. Die meisten unserer Kunden sind Familien, die Ruhe suchen. Sie finden uns in Roses Bay, einer der sch\u00f6nsten Buchten der Welt, eine von der UNESCO anerkannte Klassifizierung f\u00fcr zwei Vorz\u00fcge: Natur und Kultur.<\/p>\n<p>Direkt am unber\u00fchrten Strand der Heide von Sant Pere Pescador gelegen, im Naturschutzgebiet der Empord\u00e0-Feuchtgebiete (Aiguamolls de l&#8217;Empord\u00e0), gibt es hier viel zu tun!<\/p>\n<ul>\n<li>Entspannen Sie an unserem breiten flachen Strand mit feinen goldenen Sandd\u00fcnen. (Kinder lieben es! Und Eltern auch)<\/li>\n<li>Besuchen Sie die griechisch-r\u00f6mische arch\u00e4ologische St\u00e4tte von Empuries<\/li>\n<li>Erkunden Sie die Fischerd\u00f6rfer in der N\u00e4he und genie\u00dfen Sie Meeresfr\u00fcchte und lokale Gastronomie<br \/>\n&#8230; und vieles mehr<\/li>\n<\/ul>\n<p>Treiben Sie gerne Sport? In unseren Einrichtungen k\u00f6nnen Sie Fahrr\u00e4der, Kitesurf-, Windsurf- und Paddle-Surf-Kurse und Wasserausr\u00fcstung mieten.<\/p>\n<p>Das gesamte Gebiet ist ein Naturpark, nicht \u00fcberf\u00fcllt, niedrig gebaut, und der einzige Stra\u00dfenverkehr erfolgt durch die Camper selbst und den Zugang zum Strand. Es gibt mehrere \u00d6ko-Routen mit niedrigem bis mittlerem Niveau, die zum Radfahren zur Verf\u00fcgung stehen, um sie mit der Familie zu genie\u00dfen.<\/p>\n<p>Ge\u00f6ffnet von April bis Oktober.<\/p>\n<p>Testen Sie uns, Sie werden sich verlieben.<\/p>","protected":false},"excerpt":{"rendered":"Familiencampingplatz mit freundlichem Service, ideal f\u00fcr Familien, die Ruhe suchen. Au\u00dfergew\u00f6hnliche Lage im Costa Brava in Naturschutzgebiet Aiguamolls del Empord\u00e0, direkt am Strand von Sant Pere Pescador.","protected":false},"author":1001,"featured_media":0,"parent":0,"menu_order":0,"comment_status":"closed","ping_status":"closed","template":"","meta":{"_acf_changed":false,"footnotes":""},"class_list":["post-2","page","type-page","status-publish","hentry"],"acf":[],"_links":{"self":[{"href":"https:\/\/lagaviota.com\/de\/wp-json\/wp\/v2\/pages\/2","targetHints":{"allow":["GET"]}}],"collection":[{"href":"https:\/\/lagaviota.com\/de\/wp-json\/wp\/v2\/pages"}],"about":[{"href":"https:\/\/lagaviota.com\/de\/wp-json\/wp\/v2\/types\/page"}],"author":[{"embeddable":true,"href":"https:\/\/lagaviota.com\/de\/wp-json\/wp\/v2\/users\/1001"}],"replies":[{"embeddable":true,"href":"https:\/\/lagaviota.com\/de\/wp-json\/wp\/v2\/comments?post=2"}],"version-history":[{"count":1,"href":"https:\/\/lagaviota.com\/de\/wp-json\/wp\/v2\/pages\/2\/revisions"}],"predecessor-version":[{"id":1675,"href":"https:\/\/lagaviota.com\/de\/wp-json\/wp\/v2\/pages\/2\/revisions\/1675"}],"wp:attachment":[{"href":"https:\/\/lagaviota.com\/de\/wp-json\/wp\/v2\/media?parent=2"}],"curies":[{"name":"wp","href":"https:\/\/api.w.org\/{rel}","templated":true}]}}