{"id":19,"date":"2020-03-27T12:17:09","date_gmt":"2020-03-27T12:17:09","guid":{"rendered":"http:\/\/lagaviota-v2\/?page_id=19"},"modified":"2025-08-21T13:12:13","modified_gmt":"2025-08-21T13:12:13","slug":"recepcion","status":"publish","type":"page","link":"https:\/\/lagaviota.com\/de\/recepcion\/","title":{"rendered":"Rezeption"},"content":{"rendered":"<p>Die Aufmerksamkeit f\u00fcr die \u00d6ffentlichkeit auf unserem Campingplatz ist einer der grundlegenden und wertvollsten Dienste. Wir sind sehr vorsichtig mit der Behandlung, denn f\u00fcr uns ist es grundlegend, dass Sie sich w\u00e4hrend Ihres Aufenthalts bei uns gut aufgenommen und ruhig f\u00fchlen.<\/p>\n<p>Wir bieten das ganze Jahr \u00fcber Aufmerksamkeit, per Telefon, E-Mail oder Chat. Wenn Sie Fragen haben, wenden Sie sich an uns: wir passen den Service f\u00fcr jeden Fall an!<\/p>\n<p>Sie k\u00f6nnen sich auch den <a href=\"https:\/\/lagaviota.com\/de\/recepcion\/\">Kundendienstbereich<\/a> ansehen, wenn Sie die Antwort auf Ihre Fragen finden.<\/p>\n<p><a href=\"https:\/\/lagaviota.com\/de\/recepcion\/\">ZUM EMPFANG GEHEN<\/a><\/p>","protected":false},"excerpt":{"rendered":"<p class=\"qtranxs-available-languages-message qtranxs-available-languages-message-de\">Leider ist der Eintrag nur auf <a href=\"https:\/\/lagaviota.com\/nl\/wp-json\/wp\/v2\/pages\/19\" class=\"qtranxs-available-language-link qtranxs-available-language-link-nl\" title=\"nl\">nl<\/a> verf\u00fcgbar.<\/p>","protected":false},"author":1001,"featured_media":1684,"parent":0,"menu_order":0,"comment_status":"closed","ping_status":"closed","template":"page-reception.php","meta":{"_acf_changed":false,"footnotes":""},"class_list":["post-19","page","type-page","status-publish","has-post-thumbnail","hentry"],"acf":[],"_links":{"self":[{"href":"https:\/\/lagaviota.com\/de\/wp-json\/wp\/v2\/pages\/19","targetHints":{"allow":["GET"]}}],"collection":[{"href":"https:\/\/lagaviota.com\/de\/wp-json\/wp\/v2\/pages"}],"about":[{"href":"https:\/\/lagaviota.com\/de\/wp-json\/wp\/v2\/types\/page"}],"author":[{"embeddable":true,"href":"https:\/\/lagaviota.com\/de\/wp-json\/wp\/v2\/users\/1001"}],"replies":[{"embeddable":true,"href":"https:\/\/lagaviota.com\/de\/wp-json\/wp\/v2\/comments?post=19"}],"version-history":[{"count":1,"href":"https:\/\/lagaviota.com\/de\/wp-json\/wp\/v2\/pages\/19\/revisions"}],"predecessor-version":[{"id":1685,"href":"https:\/\/lagaviota.com\/de\/wp-json\/wp\/v2\/pages\/19\/revisions\/1685"}],"wp:featuredmedia":[{"embeddable":true,"href":"https:\/\/lagaviota.com\/de\/wp-json\/wp\/v2\/media\/1684"}],"wp:attachment":[{"href":"https:\/\/lagaviota.com\/de\/wp-json\/wp\/v2\/media?parent=19"}],"curies":[{"name":"wp","href":"https:\/\/api.w.org\/{rel}","templated":true}]}}