{"id":184,"date":"2020-05-05T09:38:41","date_gmt":"2020-05-05T09:38:41","guid":{"rendered":"http:\/\/lagaviota-v2\/?page_id=184"},"modified":"2025-08-23T11:53:58","modified_gmt":"2025-08-23T11:53:58","slug":"pizza-combis","status":"publish","type":"page","link":"https:\/\/lagaviota.com\/de\/servicios\/gastronomia\/pizza-combis\/","title":{"rendered":"Sandwiches, pizza und gemischte Teller."},"content":{"rendered":"<p>W\u00e4hlen Sie was immer Sie sich jetzt w\u00fcnschen.<\/p>\n<p>Sehen Sie das Men\u00fc hier:<\/p>\n<p><a href=\"https:\/\/lagaviota.com\/wp-content\/uploads\/2025\/08\/bocadillos-2025-1.pdf\">Sandwiches, pizza und gemischte Teller.<\/a><\/p>","protected":false},"excerpt":{"rendered":"W\u00e4hlen Sie was immer Sie sich jetzt w\u00fcnschen. Sehen Sie das Men\u00fc hier: Sandwiches, pizza und gemischte Teller.","protected":false},"author":1001,"featured_media":1708,"parent":156,"menu_order":0,"comment_status":"closed","ping_status":"closed","template":"","meta":{"_acf_changed":false,"footnotes":""},"class_list":["post-184","page","type-page","status-publish","has-post-thumbnail","hentry"],"acf":[],"_links":{"self":[{"href":"https:\/\/lagaviota.com\/de\/wp-json\/wp\/v2\/pages\/184","targetHints":{"allow":["GET"]}}],"collection":[{"href":"https:\/\/lagaviota.com\/de\/wp-json\/wp\/v2\/pages"}],"about":[{"href":"https:\/\/lagaviota.com\/de\/wp-json\/wp\/v2\/types\/page"}],"author":[{"embeddable":true,"href":"https:\/\/lagaviota.com\/de\/wp-json\/wp\/v2\/users\/1001"}],"replies":[{"embeddable":true,"href":"https:\/\/lagaviota.com\/de\/wp-json\/wp\/v2\/comments?post=184"}],"version-history":[{"count":1,"href":"https:\/\/lagaviota.com\/de\/wp-json\/wp\/v2\/pages\/184\/revisions"}],"predecessor-version":[{"id":1697,"href":"https:\/\/lagaviota.com\/de\/wp-json\/wp\/v2\/pages\/184\/revisions\/1697"}],"up":[{"embeddable":true,"href":"https:\/\/lagaviota.com\/de\/wp-json\/wp\/v2\/pages\/156"}],"wp:featuredmedia":[{"embeddable":true,"href":"https:\/\/lagaviota.com\/de\/wp-json\/wp\/v2\/media\/1708"}],"wp:attachment":[{"href":"https:\/\/lagaviota.com\/de\/wp-json\/wp\/v2\/media?parent=184"}],"curies":[{"name":"wp","href":"https:\/\/api.w.org\/{rel}","templated":true}]}}