{"id":154,"date":"2020-05-04T14:59:32","date_gmt":"2020-05-04T14:59:32","guid":{"rendered":"http:\/\/lagaviota-v2\/?page_id=154"},"modified":"2020-10-09T09:03:34","modified_gmt":"2020-10-09T09:03:34","slug":"sanitarios","status":"publish","type":"page","link":"https:\/\/lagaviota.com\/de\/servicios\/sanitarios\/","title":{"rendered":"Sanit\u00e4ranlagen"},"content":{"rendered":"<p>Beheizter Einfamilienbadebereich f\u00fcr Babys und Familien. Duschen im Freien. Hundeduschen. Fu\u00dfwaschplatz, wenn Sie vom Strand zur\u00fcckkommen.<br \/>\nWir haben die H\u00e4ufigkeit der Desinfektion in allen Toiletten erh\u00f6ht.<\/p>","protected":false},"excerpt":{"rendered":"Beheizte Badezimmer f\u00fcr Babys und Familien. Duschen im Freien. Hundeduschen. Fu\u00dfwaschplatz, wenn Sie vom Strand zur\u00fcckkommen.\r\nWir haben die H\u00e4ufigkeit der Desinfektion in allen Toiletten erh\u00f6ht.","protected":false},"author":1001,"featured_media":159,"parent":15,"menu_order":2,"comment_status":"closed","ping_status":"closed","template":"page-services_subpage.php","meta":{"_acf_changed":false,"footnotes":""},"class_list":["post-154","page","type-page","status-publish","has-post-thumbnail","hentry"],"acf":[],"_links":{"self":[{"href":"https:\/\/lagaviota.com\/de\/wp-json\/wp\/v2\/pages\/154","targetHints":{"allow":["GET"]}}],"collection":[{"href":"https:\/\/lagaviota.com\/de\/wp-json\/wp\/v2\/pages"}],"about":[{"href":"https:\/\/lagaviota.com\/de\/wp-json\/wp\/v2\/types\/page"}],"author":[{"embeddable":true,"href":"https:\/\/lagaviota.com\/de\/wp-json\/wp\/v2\/users\/1001"}],"replies":[{"embeddable":true,"href":"https:\/\/lagaviota.com\/de\/wp-json\/wp\/v2\/comments?post=154"}],"version-history":[{"count":0,"href":"https:\/\/lagaviota.com\/de\/wp-json\/wp\/v2\/pages\/154\/revisions"}],"up":[{"embeddable":true,"href":"https:\/\/lagaviota.com\/de\/wp-json\/wp\/v2\/pages\/15"}],"wp:featuredmedia":[{"embeddable":true,"href":"https:\/\/lagaviota.com\/de\/wp-json\/wp\/v2\/media\/159"}],"wp:attachment":[{"href":"https:\/\/lagaviota.com\/de\/wp-json\/wp\/v2\/media?parent=154"}],"curies":[{"name":"wp","href":"https:\/\/api.w.org\/{rel}","templated":true}]}}