{"id":152,"date":"2020-05-04T14:59:04","date_gmt":"2020-05-04T14:59:04","guid":{"rendered":"http:\/\/lagaviota-v2\/?page_id=152"},"modified":"2025-08-23T12:12:26","modified_gmt":"2025-08-23T12:12:26","slug":"piscina","status":"publish","type":"page","link":"https:\/\/lagaviota.com\/de\/servicios\/piscina\/","title":{"rendered":"Schwimmbad"},"content":{"rendered":"<p>Das Schwimmbad wird mit Chlor behandelt, was die Desinfektion aller Arten von Viren und Bakterien erleichtert.<br \/>\nEs ist ein Pool, der entworfen wurde, um einen ruhigen und entspannten Tag zu verbringen. Das Spielen mit B\u00e4llen oder Wassermaterial ist nicht gestattet, au\u00dfer an den Tagen, an denen wir Wasserpartys f\u00fcr die Kinder des Campingplatzes anbieten.<br \/>\nIn der Hochsaison bieten wir am Samstagmorgen eine Yoga-Aktivit\u00e4t oder an manchen Tagen in der Woche Wassergymnastik an.<br \/>\nEs ist flach und hat einen gepolsterten Teil f\u00fcr Babys.<\/p>","protected":false},"excerpt":{"rendered":"Der Pool wird mit Chlor behandelt, was die Desinfektion aller Arten von Viren und Bakterien erleichtert.\r\nEs gibt einen gepolsterten, flachen Bereich f\u00fcr Kinder.\r\nBitte tragen Sie die Schutzmaske beim Betreten des Schwimmbades und beachten Sie die Gesundheitsvorschriften zum Tema Covid19.","protected":false},"author":1001,"featured_media":1718,"parent":15,"menu_order":3,"comment_status":"closed","ping_status":"closed","template":"page-services_subpage.php","meta":{"_acf_changed":false,"footnotes":""},"class_list":["post-152","page","type-page","status-publish","has-post-thumbnail","hentry"],"acf":[],"_links":{"self":[{"href":"https:\/\/lagaviota.com\/de\/wp-json\/wp\/v2\/pages\/152","targetHints":{"allow":["GET"]}}],"collection":[{"href":"https:\/\/lagaviota.com\/de\/wp-json\/wp\/v2\/pages"}],"about":[{"href":"https:\/\/lagaviota.com\/de\/wp-json\/wp\/v2\/types\/page"}],"author":[{"embeddable":true,"href":"https:\/\/lagaviota.com\/de\/wp-json\/wp\/v2\/users\/1001"}],"replies":[{"embeddable":true,"href":"https:\/\/lagaviota.com\/de\/wp-json\/wp\/v2\/comments?post=152"}],"version-history":[{"count":1,"href":"https:\/\/lagaviota.com\/de\/wp-json\/wp\/v2\/pages\/152\/revisions"}],"predecessor-version":[{"id":1717,"href":"https:\/\/lagaviota.com\/de\/wp-json\/wp\/v2\/pages\/152\/revisions\/1717"}],"up":[{"embeddable":true,"href":"https:\/\/lagaviota.com\/de\/wp-json\/wp\/v2\/pages\/15"}],"wp:featuredmedia":[{"embeddable":true,"href":"https:\/\/lagaviota.com\/de\/wp-json\/wp\/v2\/media\/1718"}],"wp:attachment":[{"href":"https:\/\/lagaviota.com\/de\/wp-json\/wp\/v2\/media?parent=152"}],"curies":[{"name":"wp","href":"https:\/\/api.w.org\/{rel}","templated":true}]}}