{"id":150,"date":"2020-05-04T14:58:27","date_gmt":"2020-05-04T14:58:27","guid":{"rendered":"http:\/\/lagaviota-v2\/?page_id=150"},"modified":"2025-08-23T12:15:37","modified_gmt":"2025-08-23T12:15:37","slug":"entretenimientos","status":"publish","type":"page","link":"https:\/\/lagaviota.com\/de\/servicios\/entretenimientos\/","title":{"rendered":"Unterhaltung"},"content":{"rendered":"<p>Ruhe und Respekt vor der Natur zeichnen uns aus. Auf unserem Campingplatz bieten wir an manchen Abenden Konzerte in kleinem Format und nur in der Hochsaison an. Es gibt auch Aktivit\u00e4ten f\u00fcr Kinder im Miniclub, sporadische Partys mit Wasserschlauchbooten f\u00fcr die Kinder des Campingplatzes, Surfkurse zu einem reduzierten Preis f\u00fcr unsere Kunden und einige andere Vorteile. Wir informieren Sie an der <a href=\"https:\/\/lagaviota.com\/ca\/recepcion\/\">Rezeption<\/a>!<\/p>","protected":false},"excerpt":{"rendered":"Miniclub, Wasserpartys, Late-Night-Shows\u2026 Ein Programm wird unter Einhaltung der Covid-Protokolle vorbereitet. Bleiben Sie auf dem Laufenden in unseren sozialen Medien oder auf den Campingtafeln.","protected":false},"author":1001,"featured_media":1723,"parent":15,"menu_order":6,"comment_status":"closed","ping_status":"closed","template":"page-services_subpage.php","meta":{"_acf_changed":false,"footnotes":""},"class_list":["post-150","page","type-page","status-publish","has-post-thumbnail","hentry"],"acf":[],"_links":{"self":[{"href":"https:\/\/lagaviota.com\/de\/wp-json\/wp\/v2\/pages\/150","targetHints":{"allow":["GET"]}}],"collection":[{"href":"https:\/\/lagaviota.com\/de\/wp-json\/wp\/v2\/pages"}],"about":[{"href":"https:\/\/lagaviota.com\/de\/wp-json\/wp\/v2\/types\/page"}],"author":[{"embeddable":true,"href":"https:\/\/lagaviota.com\/de\/wp-json\/wp\/v2\/users\/1001"}],"replies":[{"embeddable":true,"href":"https:\/\/lagaviota.com\/de\/wp-json\/wp\/v2\/comments?post=150"}],"version-history":[{"count":1,"href":"https:\/\/lagaviota.com\/de\/wp-json\/wp\/v2\/pages\/150\/revisions"}],"predecessor-version":[{"id":1726,"href":"https:\/\/lagaviota.com\/de\/wp-json\/wp\/v2\/pages\/150\/revisions\/1726"}],"up":[{"embeddable":true,"href":"https:\/\/lagaviota.com\/de\/wp-json\/wp\/v2\/pages\/15"}],"wp:featuredmedia":[{"embeddable":true,"href":"https:\/\/lagaviota.com\/de\/wp-json\/wp\/v2\/media\/1723"}],"wp:attachment":[{"href":"https:\/\/lagaviota.com\/de\/wp-json\/wp\/v2\/media?parent=150"}],"curies":[{"name":"wp","href":"https:\/\/api.w.org\/{rel}","templated":true}]}}