{"id":1163,"date":"2024-02-05T09:55:03","date_gmt":"2024-02-05T09:55:03","guid":{"rendered":"https:\/\/lagaviota.plesk.myfocus.es\/?page_id=1163"},"modified":"2025-08-23T12:23:18","modified_gmt":"2025-08-23T12:23:18","slug":"gaviota-club","status":"publish","type":"page","link":"https:\/\/lagaviota.com\/de\/gaviota-club\/","title":{"rendered":"Gaviota Club"},"content":{"rendered":"<p>Genie\u00dfen Sie lange Aufenthalte auf unserem Campingplatz mit Sonderpreisen f\u00fcr Rentner.<\/p>\n<p>Der Preis pro Nacht beinhaltet Strom und zwei Personen.<\/p>\n<p>Die Stellpl\u00e4tze sind bis zu 80 m2 gro\u00df, schattig und grasbewachsen.<br \/>\nBitte beachten Sie, dass Sie einen Drehstromadapter f\u00fcr die Steckdosen ben\u00f6tigen.<\/p>\n<p>Wifi ist auf allen Stellpl\u00e4tzen verf\u00fcgbar. Sie k\u00f6nnen an der Rezeption Eintrittskarten kaufen.<\/p>\n<p>Ja, es ist m\u00f6glich, seinen Urlaub auf einem kleinen, gem\u00fctlichen Campingplatz direkt am Strand zu verbringen, nat\u00fcrlich!<\/p>\n<p>&nbsp;<\/p>","protected":false},"excerpt":{"rendered":"<p class=\"qtranxs-available-languages-message qtranxs-available-languages-message-de\">Leider ist der Eintrag nur auf <a href=\"https:\/\/lagaviota.com\/nl\/wp-json\/wp\/v2\/pages\/1163\" class=\"qtranxs-available-language-link qtranxs-available-language-link-nl\" title=\"nl\">nl<\/a> verf\u00fcgbar.<\/p>","protected":false},"author":1001,"featured_media":1165,"parent":0,"menu_order":1,"comment_status":"closed","ping_status":"closed","template":"page-single_accomodation.php","meta":{"_acf_changed":false,"footnotes":""},"class_list":["post-1163","page","type-page","status-publish","has-post-thumbnail","hentry"],"acf":[],"_links":{"self":[{"href":"https:\/\/lagaviota.com\/de\/wp-json\/wp\/v2\/pages\/1163","targetHints":{"allow":["GET"]}}],"collection":[{"href":"https:\/\/lagaviota.com\/de\/wp-json\/wp\/v2\/pages"}],"about":[{"href":"https:\/\/lagaviota.com\/de\/wp-json\/wp\/v2\/types\/page"}],"author":[{"embeddable":true,"href":"https:\/\/lagaviota.com\/de\/wp-json\/wp\/v2\/users\/1001"}],"replies":[{"embeddable":true,"href":"https:\/\/lagaviota.com\/de\/wp-json\/wp\/v2\/comments?post=1163"}],"version-history":[{"count":1,"href":"https:\/\/lagaviota.com\/de\/wp-json\/wp\/v2\/pages\/1163\/revisions"}],"predecessor-version":[{"id":1746,"href":"https:\/\/lagaviota.com\/de\/wp-json\/wp\/v2\/pages\/1163\/revisions\/1746"}],"wp:featuredmedia":[{"embeddable":true,"href":"https:\/\/lagaviota.com\/de\/wp-json\/wp\/v2\/media\/1165"}],"wp:attachment":[{"href":"https:\/\/lagaviota.com\/de\/wp-json\/wp\/v2\/media?parent=1163"}],"curies":[{"name":"wp","href":"https:\/\/api.w.org\/{rel}","templated":true}]}}