{"id":534,"date":"2020-06-01T09:30:33","date_gmt":"2020-06-01T09:30:33","guid":{"rendered":"http:\/\/camping-lagaviota.com.mialias.net\/?page_id=534"},"modified":"2022-12-06T17:44:28","modified_gmt":"2022-12-06T17:44:28","slug":"camping-para-ninos","status":"publish","type":"page","link":"https:\/\/lagaviota.com\/ca\/servicios\/camping-para-ninos\/","title":{"rendered":"C\u00e0mping per a nens"},"content":{"rendered":"<p>Les dimensions del c\u00e0mping fan que es converteixi en un lloc segur i adequat per a fam\u00edlies amb infants petits. En l&#8217;ambient relaxat del c\u00e0mping, els menuts poden fer les seves primeres incursions cap a la seva pr\u00f2pia autonomia, com anar sols al lavabo, ocupar-se de rentar la vaixella, o jugar per tot el c\u00e0mping sense por de perdre&#8217;s.<\/p>\n<p>Hi ha altres avantatges que et facilitaran la vida:<\/p>\n<p><img loading=\"lazy\" decoding=\"async\" class=\"wp-image-635 alignright\" src=\"https:\/\/lagaviota.com\/wp-content\/uploads\/2020\/10\/foto-nens-lagaviota-600x400.png\" alt=\"\" width=\"320\" height=\"213\" srcset=\"https:\/\/lagaviota.com\/wp-content\/uploads\/2020\/10\/foto-nens-lagaviota-600x400.png 600w, https:\/\/lagaviota.com\/wp-content\/uploads\/2020\/10\/foto-nens-lagaviota.png 900w, https:\/\/lagaviota.com\/wp-content\/uploads\/2020\/10\/foto-nens-lagaviota-200x133.png 200w\" sizes=\"auto, (max-width: 320px) 100vw, 320px\" \/><\/p>\n<ul>\n<li>Hi ha un bloc de <strong>banys unifamiliars <\/strong>perqu\u00e8 pugueu\u00a0entrar tota la fam\u00edlia a la dutxa.<\/li>\n<li>S\u00f3n banys climatitzats perqu\u00e8 la mainada no es refredi en les \u00e8poques menys caloroses com la primavera o la tardor.<\/li>\n<li>Al bloc de banys unifamiliars tamb\u00e9 hi trobareu les banyeres per a beb\u00e8s.<\/li>\n<li>A la <strong>piscina hi ha una zona poc profunda i encoixinada<\/strong> perqu\u00e8 els beb\u00e8s juguin segurs i evitar cops.<\/li>\n<li>En temporada alta oferim un servei d&#8217;activitats dirigides per a la mainada al <strong>miniclub<\/strong>.<\/li>\n<li>Incentivem als clients perqu\u00e8 aparquin el cotxe en la zona annexa al recinte, en lloc de les parcel\u00b7les, per a aix\u00ed afavorir que el c\u00e0mping es converteixi en un <strong>espai sense fum, sense circulaci\u00f3<\/strong> i minimitzar els riscos per als nens i nenes que es mouen lliurement pel c\u00e0mping.<\/li>\n<\/ul>\n<p><\/p>","protected":false},"excerpt":{"rendered":"El nostre c\u00e0mping \u00e9s un entorn segur i t\u00e9 les dimensions ideals perqu\u00e8 la mainada comencin a ser aut\u00f2noms, ja que poden moure&#8217;s lliurement pel c\u00e0mping sense risc de perdre&#8217;s.","protected":false},"author":1001,"featured_media":226,"parent":15,"menu_order":4,"comment_status":"closed","ping_status":"closed","template":"","meta":{"_acf_changed":false,"footnotes":""},"class_list":["post-534","page","type-page","status-publish","has-post-thumbnail","hentry"],"acf":[],"_links":{"self":[{"href":"https:\/\/lagaviota.com\/ca\/wp-json\/wp\/v2\/pages\/534","targetHints":{"allow":["GET"]}}],"collection":[{"href":"https:\/\/lagaviota.com\/ca\/wp-json\/wp\/v2\/pages"}],"about":[{"href":"https:\/\/lagaviota.com\/ca\/wp-json\/wp\/v2\/types\/page"}],"author":[{"embeddable":true,"href":"https:\/\/lagaviota.com\/ca\/wp-json\/wp\/v2\/users\/1001"}],"replies":[{"embeddable":true,"href":"https:\/\/lagaviota.com\/ca\/wp-json\/wp\/v2\/comments?post=534"}],"version-history":[{"count":0,"href":"https:\/\/lagaviota.com\/ca\/wp-json\/wp\/v2\/pages\/534\/revisions"}],"up":[{"embeddable":true,"href":"https:\/\/lagaviota.com\/ca\/wp-json\/wp\/v2\/pages\/15"}],"wp:featuredmedia":[{"embeddable":true,"href":"https:\/\/lagaviota.com\/ca\/wp-json\/wp\/v2\/media\/226"}],"wp:attachment":[{"href":"https:\/\/lagaviota.com\/ca\/wp-json\/wp\/v2\/media?parent=534"}],"curies":[{"name":"wp","href":"https:\/\/api.w.org\/{rel}","templated":true}]}}