{"id":521,"date":"2020-07-20T16:45:59","date_gmt":"2020-07-20T16:45:59","guid":{"rendered":"http:\/\/camping-lagaviota.com.mialias.net\/?page_id=521"},"modified":"2023-02-20T22:22:29","modified_gmt":"2023-02-20T22:22:29","slug":"faqs","status":"publish","type":"page","link":"https:\/\/lagaviota.com\/ca\/recepcion\/faqs\/","title":{"rendered":"FAQS"},"content":{"rendered":"<p><\/p>\n<h3>CAMPING<\/h3>\n<h4><strong>A quina dist<\/strong><strong>\u00e0ncia es troba el c\u00e0<\/strong><strong>mping de la platja?<\/strong><\/h4>\n<p>Ens trobem a peu de platja.<\/p>\n<h4><strong>El c\u00e0<\/strong><strong>mping disposa de piscina?<\/strong><\/h4>\n<p>Si, disposem d\u2019una piscina de 20m de llarg x 7m d\u2019ample amb una profunditat de 140 cm,<\/p>\n<p>amb una part per els m\u00e9s petits amb una profunditat de 40 cm i terra encoixinat.<\/p>\n<p>A la temporada baixa disposa d\u2019un sistema solar de climatitzaci\u00f3.<\/p>\n<h4><strong>Podem pagar amb targeta de cr<\/strong><strong>\u00e8<\/strong><strong>dit?<\/strong><\/h4>\n<p>No acceptem targetes de cr\u00e8dit a la Recepci\u00f3.<\/p>\n<h4><strong>S<\/strong>\u2019<strong>accepten visites en el c\u00e0<\/strong><strong>mping?<\/strong><\/h4>\n<p>Acceptarem visites en funci\u00f3 de la ocupaci\u00f3 del c\u00e0mping.<\/p>\n<p>Obligat\u00f2riament, abans d\u2019accedir a les instal\u00b7lacions, hauran de passar per la Recepci\u00f3 per a registrar-se,<\/p>\n<p>en cas que hi hagi disponibilitat i seguint les instruccions de la recepci\u00f3, es tramitar\u00e0 la seva entrada.<\/p>\n<p>Hauran de dipositar un document d\u2019identitat a la Recepci\u00f3 fins a la seva sortida i hauran d\u2019abonar l\u2019import<\/p>\n<p>corresponent a la tarifa de visites indicat per la recepci\u00f3. Se\u2019ls hi proporcionar\u00e0 un bra\u00e7alet d\u2019identificaci\u00f3.<\/p>\n<p>La hora m\u00e0xima de sortida de les visites de les nostres instal\u00b7lacions ser\u00e0 a les 23h.<\/p>\n<h4><strong>\u00c9s possible fer temporada?<\/strong><\/h4>\n<p>No fem preus per a tota la temporada.<\/p>\n<h4><strong>Es <\/strong><strong>lloguen neveres al c\u00e0<\/strong><strong>mping?<\/strong><\/h4>\n<p>S\u00ed, disposem d\u2019un servei de lloguer de neveres, poden consultar a la Recepci\u00f3.<\/p>\n<h4><strong>Es lloguen bicicletes al c\u00e0<\/strong><strong>mping?<\/strong><\/h4>\n<p>S\u00ed, disposem de bicicletes de lloguer al c\u00e0mping mateix.<\/p>\n<h4><strong>Disposa de servei WIFI el c\u00e0<\/strong><strong>mping?<\/strong><\/h4>\n<p>S\u00ed. Per poder connectar-se a la seva parcel\u00b7la, hauran de comprar un ticket a la Recepci\u00f3.<\/p>\n<p>En el Bar-Restaurant hi ha servei de WIFI gratu\u00eft.<\/p>\n<h4><strong>\u00a0Hi ha animaci<\/strong><strong>\u00f3 <\/strong><strong>al c<\/strong><strong>\u00e0<\/strong><strong>mping?<\/strong><\/h4>\n<p>Durant els mesos de juliol i agost hi ha diferents espectacles, com disco-m\u00f2vil, m\u00fasica en directe, espectacle de flamenc, etc. a la terrassa del bar, dos dies per setmana, (normalment els dimarts i els divendres) i si el temps ho<\/p>\n<p>permet, ja que es realitzen a l\u2019aire lliure.<\/p>\n<p>Per als m\u00e9s petits, hi ha Miniclub durant els mesos de juliol i agost, i diferents activitats que seran anunciades\u00a0\u00a0\u00a0 pr\u00e8viament al dia que es realitzin. Com activitats tamb\u00e9 es podr\u00e0 realitzar Ioga i Aiguagim ( 1 \u00f3 2 vegades per setmana)<\/p>\n<p>&nbsp;<\/p>\n<h3>SERVEIS<\/h3>\n<h4><strong>Quins serveis podem trobar en el c\u00e0<\/strong><strong>mping?<\/strong><\/h4>\n<p>Disposem d\u2019un Supermercat amb for\u00e7a varietat de productes, d\u2019un Bar-Restaurant amb una \u00e0mplia carta de menjar per a tots els gustos, aqu\u00ed tamb\u00e9 poden encarregar menjar per emportar (Take-away)<\/p>\n<h4><strong>\u00a0Hi ha servei de bugaderia?<\/strong><\/h4>\n<p>Si, disposem de dues rentadores i una eixugadora, les dues m\u00e0quines funciones amb fitxes que vost\u00e8s podran comprar a la recepci\u00f3.<\/p>\n<p>&nbsp;<\/p>\n<h3>PARCEL.LES<\/h3>\n<h4><strong>Quants ampers tenen les nostres caixes el<\/strong><strong>\u00e8<\/strong><strong>ctriques?<\/strong><\/h4>\n<p>Disposen d\u2019un m\u00e0xim de 10 ampers per parcel\u00b7la.<\/p>\n<h4><strong>Quin tipus de connexi\u00f3 el<\/strong><strong>\u00e8<\/strong><strong>ctrica tenen les parcel\u00b7<\/strong><strong>les?<\/strong><\/h4>\n<p>Els nostres endolls son trif\u00e0sics (connexi\u00f3 europea)<\/p>\n<h4><strong>A quina hora hem de deixar lliure la parcel<\/strong><strong>\u00b7<\/strong><strong>la ?<\/strong><\/h4>\n<p>El \u201ccheck-out\u201d \u00e9s a les 12:00 p.m, per\u00f2 en temporada baixa hi ha la possibilitat de realitzar un<\/p>\n<p>\u201clate-check out\u201d (consultin la possibilitat\u00a0 i tarifa a la Recepci\u00f3)<\/p>\n<h4><strong>Est<\/strong><strong>\u00e0 <\/strong><strong>perm<\/strong><strong>\u00e8<\/strong><strong>s fer barbacoes?<\/strong><\/h4>\n<p>S\u00ed, per\u00f2 sempre utilitzant carb\u00f3, amb llenya no est\u00e0 perm\u00e8s.<\/p>\n<p>&nbsp;<\/p>\n<h3>GOSSOS<\/h3>\n<h4><strong>Estan permesos els gossos?<\/strong><\/h4>\n<p>A les parcel\u00b7les s\u00ed, per\u00f2 un m\u00e0xim de 2 gossos. Els gossos considerats de ra\u00e7a perillosa no estan permesos.<\/p>\n<p><a href=\"https:\/\/lagaviota.com\/wp-content\/uploads\/2020\/07\/Reglamento-CAT.pdf\">(Consultar Reglament del C\u00e0mping)<\/a><\/p>\n<p>Quan estiguin en el c\u00e0mping, els gossos han d\u2019estar en tot moment lligats i controlats pels seus amos.<\/p>\n<p>&nbsp;<\/p>\n<h3>BUNGALOWS \/ MOBILHOMES<\/h3>\n<h4><strong>A quina hora hem de deixar lliure l<\/strong>\u2019<strong>allotjament? A quina hora es pot entrar als allotjaments?<\/strong><\/h4>\n<p>L\u2019allotjament ha de quedar lliure a les 12h.<\/p>\n<p>I el dia d\u2019arribada podran entrar a partir de les 17h.<\/p>\n<h4><strong>Estan permesos animals dom<\/strong><strong>\u00e8<\/strong><strong>stics als allotjaments?<\/strong><\/h4>\n<p>En los Bungalows \/ Mobilhomes, no es permeten animals dom\u00e8stics.<\/p>\n<h4><strong>Disposen d<\/strong>\u2019<strong>aire acondicionat els allotjaments?<\/strong><\/h4>\n<p>No, no disposen d\u2019aquest aparell. Per\u00f2 el fet d\u2019estar tan a prop del mar fa que quasi sempre corri brisa marina, el que ajuda a baixar la temperatura.<\/p>\n<h4><strong>Disposen els allotjaments de roba de llit?<\/strong><\/h4>\n<p>Disposen de llen\u00e7ols, manta i cobrellit. No disposen ni de tovalloles ni de draps de cuina.<\/p>\n<p>Les tovalloles les poden llogar en el c\u00e0mping.<\/p>\n<h4><strong>Podem disposar de bressol o trona per <\/strong><strong>a nadons<\/strong><strong>?<\/strong><\/h4>\n<p>Si, poden disposar d\u2019aquest servei, sempre sota disponibilitat, i ser\u00e0 gratu\u00eft.<\/p>\n<h4><strong>Hem de fer la neteja del Bungalow\/Mobilhome?<\/strong><\/h4>\n<p>Nosaltres l\u2019entreguem net, i a la sortida vost\u00e8s l\u2019han de deixar en bon estat.<\/p>","protected":false},"excerpt":{"rendered":"A quina dist\u00e0ncia es troba la platja? Com \u00e9s el terreny de les parcel\u00b7les? Es pot pagar amb targeta de cr\u00e8dit? S\u00f3n preguntes que ens han fet milers de vegades. Si ens contactes te les respondrem amb molt de gust, per\u00f2 tamb\u00e9 les pots consultar aqu\u00ed.","protected":false},"author":1001,"featured_media":0,"parent":19,"menu_order":0,"comment_status":"closed","ping_status":"closed","template":"","meta":{"_acf_changed":false,"footnotes":""},"class_list":["post-521","page","type-page","status-publish","hentry"],"acf":[],"_links":{"self":[{"href":"https:\/\/lagaviota.com\/ca\/wp-json\/wp\/v2\/pages\/521","targetHints":{"allow":["GET"]}}],"collection":[{"href":"https:\/\/lagaviota.com\/ca\/wp-json\/wp\/v2\/pages"}],"about":[{"href":"https:\/\/lagaviota.com\/ca\/wp-json\/wp\/v2\/types\/page"}],"author":[{"embeddable":true,"href":"https:\/\/lagaviota.com\/ca\/wp-json\/wp\/v2\/users\/1001"}],"replies":[{"embeddable":true,"href":"https:\/\/lagaviota.com\/ca\/wp-json\/wp\/v2\/comments?post=521"}],"version-history":[{"count":0,"href":"https:\/\/lagaviota.com\/ca\/wp-json\/wp\/v2\/pages\/521\/revisions"}],"up":[{"embeddable":true,"href":"https:\/\/lagaviota.com\/ca\/wp-json\/wp\/v2\/pages\/19"}],"wp:attachment":[{"href":"https:\/\/lagaviota.com\/ca\/wp-json\/wp\/v2\/media?parent=521"}],"curies":[{"name":"wp","href":"https:\/\/api.w.org\/{rel}","templated":true}]}}