{"id":500,"date":"2020-07-20T15:30:47","date_gmt":"2020-07-20T15:30:47","guid":{"rendered":"http:\/\/camping-lagaviota.com.mialias.net\/?page_id=500"},"modified":"2020-07-20T16:01:50","modified_gmt":"2020-07-20T16:01:50","slug":"cuentanos-como-ha-ido","status":"publish","type":"page","link":"https:\/\/lagaviota.com\/ca\/recepcion\/cuentanos-como-ha-ido\/","title":{"rendered":"Com ha anat?"},"content":{"rendered":"<p>Agrairem que ens expliquis com ha estat la teva experi\u00e8ncia al nostre c\u00e0mping, i ens ajudis a saber on \u00e9s que hem de millorar perqu\u00e8 tornis a escollir-nos. Restem a l&#8217;escolta activa dels teus comentaris.<\/p>\n<p>Si us plau, respon aquesta enquesta (en castell\u00e0).<br \/>\nTemps aproximat: 8 minuts.<br \/>\n<a href=\"https:\/\/docs.google.com\/forms\/d\/1WNfdGHEpRMHkmGo1waCL4_KE4_OVPo0kmaoIwtuXFOE\/edit\">Enquesta de satisfacci\u00f3<\/a><\/p>\n<p><iframe loading=\"lazy\" src=\"https:\/\/docs.google.com\/forms\/d\/e\/1FAIpQLSdwy58IQ-mF0VAIlgq-3uoSrqg1JwHNiMbfD5ds5zVl9NbJ9A\/viewform?embedded=true\" width=\"900\" height=\"520\" frameborder=\"0\" marginwidth=\"0\" marginheight=\"0\">S&#8217;est\u00e0 carregant\u2026<\/iframe><\/p>","protected":false},"excerpt":{"rendered":"Agrairem que ens expliquis com ha estat la teva experi\u00e8ncia al nostre c\u00e0mping, i ens ajudis a saber on \u00e9s que hem de millorar perqu\u00e8 tornis a escollir-nos","protected":false},"author":1001,"featured_media":0,"parent":19,"menu_order":0,"comment_status":"closed","ping_status":"closed","template":"","meta":{"_acf_changed":false,"footnotes":""},"class_list":["post-500","page","type-page","status-publish","hentry"],"acf":[],"_links":{"self":[{"href":"https:\/\/lagaviota.com\/ca\/wp-json\/wp\/v2\/pages\/500","targetHints":{"allow":["GET"]}}],"collection":[{"href":"https:\/\/lagaviota.com\/ca\/wp-json\/wp\/v2\/pages"}],"about":[{"href":"https:\/\/lagaviota.com\/ca\/wp-json\/wp\/v2\/types\/page"}],"author":[{"embeddable":true,"href":"https:\/\/lagaviota.com\/ca\/wp-json\/wp\/v2\/users\/1001"}],"replies":[{"embeddable":true,"href":"https:\/\/lagaviota.com\/ca\/wp-json\/wp\/v2\/comments?post=500"}],"version-history":[{"count":0,"href":"https:\/\/lagaviota.com\/ca\/wp-json\/wp\/v2\/pages\/500\/revisions"}],"up":[{"embeddable":true,"href":"https:\/\/lagaviota.com\/ca\/wp-json\/wp\/v2\/pages\/19"}],"wp:attachment":[{"href":"https:\/\/lagaviota.com\/ca\/wp-json\/wp\/v2\/media?parent=500"}],"curies":[{"name":"wp","href":"https:\/\/api.w.org\/{rel}","templated":true}]}}