{"id":49,"date":"2020-03-30T11:43:21","date_gmt":"2020-03-30T11:43:21","guid":{"rendered":"http:\/\/lagaviota-v2\/?page_id=49"},"modified":"2025-08-21T13:08:26","modified_gmt":"2025-08-21T13:08:26","slug":"parcelas","status":"publish","type":"page","link":"https:\/\/lagaviota.com\/ca\/parcelas-alojamientos\/parcelas\/","title":{"rendered":"Parcel\u00b7les"},"content":{"rendered":"<p>Parcel\u00b7les de fins a 70m2, ombr\u00edvoles i amb gespa. El teu petit regne durant les teves vacances\u2026<\/p>\n<p>Pots contractar electricitat i llogar una nevera quan arribis.<\/p>\n<p>Recorda! Necessitar\u00e0s un adaptador trif\u00e0ssic per als endolls.<\/p>\n<p>El wifi arriba a totes les parcel\u00b7les. Pots comprar els tickets a la recepci\u00f3.<\/p>\n<p>S\u00ed que \u00e9s posible fer vacances en un c\u00e0mping petit, acollidor i a peu de platja.<\/p>","protected":false},"excerpt":{"rendered":"<p class=\"qtranxs-available-languages-message qtranxs-available-languages-message-ca\">Ho sentim, aquesta entrada es troba disponible \u00fanicament en <a href=\"https:\/\/lagaviota.com\/nl\/wp-json\/wp\/v2\/pages\/49\" class=\"qtranxs-available-language-link qtranxs-available-language-link-nl\" title=\"nl\">nl<\/a>.<\/p>","protected":false},"author":1001,"featured_media":1680,"parent":13,"menu_order":1,"comment_status":"closed","ping_status":"closed","template":"page-single_accomodation.php","meta":{"_acf_changed":false,"footnotes":""},"class_list":["post-49","page","type-page","status-publish","has-post-thumbnail","hentry"],"acf":[],"_links":{"self":[{"href":"https:\/\/lagaviota.com\/ca\/wp-json\/wp\/v2\/pages\/49","targetHints":{"allow":["GET"]}}],"collection":[{"href":"https:\/\/lagaviota.com\/ca\/wp-json\/wp\/v2\/pages"}],"about":[{"href":"https:\/\/lagaviota.com\/ca\/wp-json\/wp\/v2\/types\/page"}],"author":[{"embeddable":true,"href":"https:\/\/lagaviota.com\/ca\/wp-json\/wp\/v2\/users\/1001"}],"replies":[{"embeddable":true,"href":"https:\/\/lagaviota.com\/ca\/wp-json\/wp\/v2\/comments?post=49"}],"version-history":[{"count":1,"href":"https:\/\/lagaviota.com\/ca\/wp-json\/wp\/v2\/pages\/49\/revisions"}],"predecessor-version":[{"id":1681,"href":"https:\/\/lagaviota.com\/ca\/wp-json\/wp\/v2\/pages\/49\/revisions\/1681"}],"up":[{"embeddable":true,"href":"https:\/\/lagaviota.com\/ca\/wp-json\/wp\/v2\/pages\/13"}],"wp:featuredmedia":[{"embeddable":true,"href":"https:\/\/lagaviota.com\/ca\/wp-json\/wp\/v2\/media\/1680"}],"wp:attachment":[{"href":"https:\/\/lagaviota.com\/ca\/wp-json\/wp\/v2\/media?parent=49"}],"curies":[{"name":"wp","href":"https:\/\/api.w.org\/{rel}","templated":true}]}}