{"id":47,"date":"2020-03-30T11:41:46","date_gmt":"2020-03-30T11:41:46","guid":{"rendered":"http:\/\/lagaviota-v2\/?page_id=47"},"modified":"2025-08-21T13:09:01","modified_gmt":"2025-08-21T13:09:01","slug":"bungalow-morea","status":"publish","type":"page","link":"https:\/\/lagaviota.com\/ca\/parcelas-alojamientos\/bungalow-morea\/","title":{"rendered":"Bungalow Morea"},"content":{"rendered":"<p><\/p>\n<h2>Situat al cor del c\u00e0mpinng<\/h2>\n<p><img loading=\"lazy\" decoding=\"async\" class=\"alignnone size-full wp-image-1514\" src=\"https:\/\/lagaviota.com\/wp-content\/uploads\/2024\/11\/Sin-titulo.png\" alt=\"\" width=\"128\" height=\"128\" \/><\/p>\n<p>Capacitat per a 4-5 persones<\/p>\n<ul>\n<li>Aigua calenta i electricitat (220w)<\/li>\n<li>Aire Acondicionat<\/li>\n<li>Sala\/Cuina office de gas, nevera i microones<\/li>\n<li>Bany complet: lavabo, dutxa, WC<\/li>\n<li>Habitaci\u00f3 doble amb llit de matrimoni<\/li>\n<li>Habitaci\u00f3 doble amb llitera i llit individual<\/li>\n<li>Llits equipats amb llen\u00e7ols i mantes<\/li>\n<li>Terrassa moblada amb taula i 5 cadires<\/li>\n<\/ul>\n<p>Si vols que et proporcionem les tovalloles, el preu \u00e9s 5\u20ac\/persona\/setmana.<\/p>\n<p>Qu\u00e8 t\u2019endur\u00e0s de casa? Comprova aqu\u00ed el que trobar\u00e0s a l\u2019allotjament, i estalvia espai a la maleta per a les coses que realment importen:<\/p>","protected":false},"excerpt":{"rendered":"<p class=\"qtranxs-available-languages-message qtranxs-available-languages-message-ca\">Ho sentim, aquesta entrada es troba disponible \u00fanicament en <a href=\"https:\/\/lagaviota.com\/nl\/wp-json\/wp\/v2\/pages\/47\" class=\"qtranxs-available-language-link qtranxs-available-language-link-nl\" title=\"nl\">nl<\/a>.<\/p>","protected":false},"author":1001,"featured_media":1682,"parent":13,"menu_order":2,"comment_status":"closed","ping_status":"closed","template":"page-single_accomodation.php","meta":{"_acf_changed":false,"footnotes":""},"class_list":["post-47","page","type-page","status-publish","has-post-thumbnail","hentry"],"acf":[],"_links":{"self":[{"href":"https:\/\/lagaviota.com\/ca\/wp-json\/wp\/v2\/pages\/47","targetHints":{"allow":["GET"]}}],"collection":[{"href":"https:\/\/lagaviota.com\/ca\/wp-json\/wp\/v2\/pages"}],"about":[{"href":"https:\/\/lagaviota.com\/ca\/wp-json\/wp\/v2\/types\/page"}],"author":[{"embeddable":true,"href":"https:\/\/lagaviota.com\/ca\/wp-json\/wp\/v2\/users\/1001"}],"replies":[{"embeddable":true,"href":"https:\/\/lagaviota.com\/ca\/wp-json\/wp\/v2\/comments?post=47"}],"version-history":[{"count":1,"href":"https:\/\/lagaviota.com\/ca\/wp-json\/wp\/v2\/pages\/47\/revisions"}],"predecessor-version":[{"id":1683,"href":"https:\/\/lagaviota.com\/ca\/wp-json\/wp\/v2\/pages\/47\/revisions\/1683"}],"up":[{"embeddable":true,"href":"https:\/\/lagaviota.com\/ca\/wp-json\/wp\/v2\/pages\/13"}],"wp:featuredmedia":[{"embeddable":true,"href":"https:\/\/lagaviota.com\/ca\/wp-json\/wp\/v2\/media\/1682"}],"wp:attachment":[{"href":"https:\/\/lagaviota.com\/ca\/wp-json\/wp\/v2\/media?parent=47"}],"curies":[{"name":"wp","href":"https:\/\/api.w.org\/{rel}","templated":true}]}}