{"id":460,"date":"2020-07-17T16:39:01","date_gmt":"2020-07-17T16:39:01","guid":{"rendered":"http:\/\/camping-lagaviota.com.mialias.net\/?page_id=460"},"modified":"2025-09-08T11:21:34","modified_gmt":"2025-09-08T11:21:34","slug":"mascotas","status":"publish","type":"page","link":"https:\/\/lagaviota.com\/ca\/recepcion\/mascotas\/","title":{"rendered":"Mascotes"},"content":{"rendered":"<p><\/p>\n<h3>Viatges amb la teva mascota?<\/h3>\n<p>Sabem que la teva mascota \u00e9s part de la fam\u00edlia i que actuar\u00e0s amb responsabilitat. No obstant, hem de respectar els campistes que no volen conviure amb gossos. Per tal de garantir l&#8217;equilibri entre els campistes amb mascota i els que no en tenen, si us plau segueix les normes seg\u00fcents:<\/p>\n<ul>\n<li>Permetem un m\u00e0xim de dos gossos per parcel\u00b7la.<\/li>\n<li>Els gossos estan permesos \u00fanicament en les parcel\u00b7les, no en els bungalows ni mobilhomes.<\/li>\n<li>Els gossos han d&#8217;estar sempre lligats i sota la vigil\u00e0ncia dels seus propietaris.<\/li>\n<li>Heu de portar els gossos fora del recinte del c\u00e0mping perqu\u00e8 facin les seves necessitats. Si us plau, recolliu els excrements.<\/li>\n<li>No est\u00e0 permesa l&#8217;entrada al c\u00e0mping de gossos de races considerades perilloses: bullmastiff, d\u00f3berman, dogo argentino, dogo de Burdeos, mast\u00edn napolitano, pitbull, de presa canario, rottweiler, tosa japonesa, American Staffordshire Terrier, Staffordshire Bull Terrier, Fila Brasileiro, Tosa Inu y Akita Inu.<\/li>\n<li>Per a rentar-los, utilitzeu la dutxa exclusiva per a gossos ubicada a la zona de serveis.<\/li>\n<li>Per higiene, est\u00e0 prohibida l&#8217;entrada d&#8217;animals dom\u00e8stics als lavabos, al bar-restaurant, al supermercat, a la recepci\u00f3 i al recinte de la piscina.<\/li>\n<\/ul>\n<p><\/p>","protected":false},"excerpt":{"rendered":"Ens esforcem per a trobar un equilibri entre els campistes amb mascota i campistes sense. Si viatges amb gos, si us plau segueix aquesta normativa.","protected":false},"author":1001,"featured_media":0,"parent":19,"menu_order":0,"comment_status":"closed","ping_status":"closed","template":"","meta":{"_acf_changed":false,"footnotes":""},"class_list":["post-460","page","type-page","status-publish","hentry"],"acf":[],"_links":{"self":[{"href":"https:\/\/lagaviota.com\/ca\/wp-json\/wp\/v2\/pages\/460","targetHints":{"allow":["GET"]}}],"collection":[{"href":"https:\/\/lagaviota.com\/ca\/wp-json\/wp\/v2\/pages"}],"about":[{"href":"https:\/\/lagaviota.com\/ca\/wp-json\/wp\/v2\/types\/page"}],"author":[{"embeddable":true,"href":"https:\/\/lagaviota.com\/ca\/wp-json\/wp\/v2\/users\/1001"}],"replies":[{"embeddable":true,"href":"https:\/\/lagaviota.com\/ca\/wp-json\/wp\/v2\/comments?post=460"}],"version-history":[{"count":1,"href":"https:\/\/lagaviota.com\/ca\/wp-json\/wp\/v2\/pages\/460\/revisions"}],"predecessor-version":[{"id":1748,"href":"https:\/\/lagaviota.com\/ca\/wp-json\/wp\/v2\/pages\/460\/revisions\/1748"}],"up":[{"embeddable":true,"href":"https:\/\/lagaviota.com\/ca\/wp-json\/wp\/v2\/pages\/19"}],"wp:attachment":[{"href":"https:\/\/lagaviota.com\/ca\/wp-json\/wp\/v2\/media?parent=460"}],"curies":[{"name":"wp","href":"https:\/\/api.w.org\/{rel}","templated":true}]}}