{"id":455,"date":"2020-07-17T16:27:37","date_gmt":"2020-07-17T16:27:37","guid":{"rendered":"http:\/\/camping-lagaviota.com.mialias.net\/?page_id=455"},"modified":"2025-12-10T11:23:14","modified_gmt":"2025-12-10T11:23:14","slug":"condiciones-reservas","status":"publish","type":"page","link":"https:\/\/lagaviota.com\/ca\/recepcion\/condiciones-reservas\/","title":{"rendered":"Condicions de Reserva"},"content":{"rendered":"<p><\/p>\n<h2 data-start=\"112\" data-end=\"151\"><strong data-start=\"115\" data-end=\"151\">CONDICIONS DE RESERVA PARCEL\u00b7LES<\/strong><\/h2>\n<ul data-start=\"153\" data-end=\"1829\">\n<li data-start=\"153\" data-end=\"267\">\n<p data-start=\"155\" data-end=\"267\">Amb aquest document vost\u00e8 est\u00e0 acceptant les nostres condicions de reserva i les condicions de cancel\u00b7laci\u00f3.<\/p>\n<\/li>\n<li data-start=\"268\" data-end=\"463\">\n<p data-start=\"270\" data-end=\"463\">En temporades MITGES i ALTA, se li sol\u00b7licitar\u00e0 un pagament de 330 \u20ac en concepte de lliurament a compte per a confirmar la reserva i es descomptaran del total de la factura de la seva estada.<\/p>\n<\/li>\n<li data-start=\"464\" data-end=\"586\">\n<p data-start=\"466\" data-end=\"586\">En temporades MITGES i ALTA, totes les reserves tindran un cost addicional de 10 \u20ac en concepte de despeses de reserva.<\/p>\n<\/li>\n<li data-start=\"587\" data-end=\"786\">\n<p data-start=\"589\" data-end=\"786\">En temporada SUPER BAIXA i BAIXA, se li sol\u00b7licitar\u00e0 un pagament de 66 \u20ac en concepte de lliurament a compte per a confirmar la reserva i es descomptaran del total de la factura de la seva estada.<\/p>\n<\/li>\n<li data-start=\"787\" data-end=\"974\">\n<p data-start=\"789\" data-end=\"974\">En temporada ALTA, l\u2019import restant l\u2019ha d\u2019abonar en efectiu el dia d\u2019arribada. Si abandona la parcel\u00b7la abans de la data de sortida prevista, NO se li reemborsaran els dies restants.<\/p>\n<\/li>\n<li data-start=\"975\" data-end=\"1144\">\n<p data-start=\"977\" data-end=\"1144\">La parcel\u00b7la reservada estar\u00e0 a la seva disposici\u00f3 des de les 14:00 h del dia d\u2019arribada i, el dia de sortida, la parcel\u00b7la ha de quedar neta i lliure a les 12:00 h.<\/p>\n<\/li>\n<li data-start=\"1145\" data-end=\"1214\">\n<p data-start=\"1147\" data-end=\"1214\">L\u2019ocupaci\u00f3 de cada parcel\u00b7la \u00e9s de m\u00e0xim 5 persones i un vehicle.<\/p>\n<\/li>\n<li data-start=\"1215\" data-end=\"1347\">\n<p data-start=\"1217\" data-end=\"1347\">Els recordem que, per a la connexi\u00f3 el\u00e8ctrica, es necessita un endoll CEE (3 clavilles). La Recepci\u00f3 NO proporciona els endolls.<\/p>\n<\/li>\n<li data-start=\"1348\" data-end=\"1512\">\n<p data-start=\"1350\" data-end=\"1512\">Les visites NO estan permeses. En casos excepcionals i amb autoritzaci\u00f3 pr\u00e8via de Recepci\u00f3, s\u2019aplicar\u00e0 un preu m\u00ednim de 15 \u20ac per persona. Horari de 12 h a 22 h.<\/p>\n<\/li>\n<li data-start=\"1513\" data-end=\"1672\">\n<p data-start=\"1515\" data-end=\"1672\">No s\u2019assegura la possibilitat de reservar una parcel\u00b7la concreta, per\u00f2 l\u2019equip de Recepci\u00f3 tractar\u00e0 de satisfer la petici\u00f3 dels clients que ho sol\u00b7licitin.<\/p>\n<\/li>\n<li data-start=\"1673\" data-end=\"1829\">\n<p data-start=\"1675\" data-end=\"1829\">Si dins de les 24 h del dia previst d\u2019arribada no s\u2019ocupa la parcel\u00b7la, la reserva quedar\u00e0 cancel\u00b7lada i es perdr\u00e0 la totalitat del lliurament a compte.<\/p>\n<\/li>\n<\/ul>\n<p>&nbsp;<\/p>\n<h2 data-start=\"1836\" data-end=\"1905\"><\/h2>\n<h2 data-start=\"1836\" data-end=\"1905\"><strong data-start=\"1839\" data-end=\"1905\">CONDICIONS DE RESERVA EN ALLOTJAMENTS (BUNGALOWS \/ MOBILHOMES)<\/strong><\/h2>\n<ul data-start=\"1907\" data-end=\"3711\">\n<li data-start=\"1907\" data-end=\"2003\">\n<p data-start=\"1909\" data-end=\"2003\">En els allotjaments i en el seu entorn NO estan permesos els gossos ni animals de companyia.<\/p>\n<\/li>\n<li data-start=\"2004\" data-end=\"2120\">\n<p data-start=\"2006\" data-end=\"2120\">Amb aquest document vost\u00e8 est\u00e0 acceptant les nostres condicions de reserva i les condicions de cancel\u00b7laci\u00f3.<\/p>\n<\/li>\n<li data-start=\"2121\" data-end=\"2316\">\n<p data-start=\"2123\" data-end=\"2316\">En temporades MITGES i ALTA, se li sol\u00b7licitar\u00e0 un pagament de 440 \u20ac en concepte de lliurament a compte per a confirmar la reserva i es descomptaran del total de la factura de la seva estada.<\/p>\n<\/li>\n<li data-start=\"2317\" data-end=\"2439\">\n<p data-start=\"2319\" data-end=\"2439\">En temporades MITGES i ALTA, totes les reserves tindran un cost addicional de 10 \u20ac en concepte de despeses de reserva.<\/p>\n<\/li>\n<li data-start=\"2440\" data-end=\"2765\">\n<p data-start=\"2442\" data-end=\"2765\">En temporades MITGES i ALTA, el per\u00edode m\u00ednim de lloguer ser\u00e0 d\u2019una setmana, sent el dissabte el dia d\u2019entrada i de sortida. L\u2019hora d\u2019entrada ser\u00e0 a les 17:00 h i l\u2019hora de sortida ser\u00e0 a les 11:00 h. A la resta de temporades, el m\u00ednim d\u2019estada \u00e9s de 2 nits, excloent els ponts, i s\u2019hauran d\u2019ocupar tots els dies festius.<\/p>\n<\/li>\n<li data-start=\"2766\" data-end=\"2966\">\n<p data-start=\"2768\" data-end=\"2966\">En temporada SUPER BAIXA i BAIXA, se li sol\u00b7licitar\u00e0 un pagament de 165 \u20ac en concepte de lliurament a compte per a confirmar la reserva i es descomptaran del total de la factura de la seva estada.<\/p>\n<\/li>\n<li data-start=\"2967\" data-end=\"3279\">\n<p data-start=\"2969\" data-end=\"3279\">L\u2019import restant l\u2019ha d\u2019abonar en efectiu el dia d\u2019arribada i dipositar a la Recepci\u00f3 150 \u20ac de fian\u00e7a com a garantia de neteja i possibles desperfectes. Ha de deixar l\u2019allotjament en un estat \u00f2ptim. Aquesta fian\u00e7a li ser\u00e0 reemborsada en lliurar les claus el dia de sortida i despr\u00e9s de revisar l\u2019allotjament.<\/p>\n<\/li>\n<li data-start=\"3280\" data-end=\"3444\">\n<p data-start=\"3282\" data-end=\"3444\">Les visites NO estan permeses. En casos excepcionals i amb autoritzaci\u00f3 pr\u00e8via de Recepci\u00f3, s\u2019aplicar\u00e0 un preu m\u00ednim de 15 \u20ac per persona. Horari de 12 h a 22 h.<\/p>\n<\/li>\n<li data-start=\"3445\" data-end=\"3553\">\n<p data-start=\"3447\" data-end=\"3553\">Si abandona l\u2019allotjament abans de la data de sortida prevista, NO se li reemborsaran els dies restants.<\/p>\n<\/li>\n<li data-start=\"3554\" data-end=\"3711\">\n<p data-start=\"3556\" data-end=\"3711\">Si dins de les 24 h del dia previst d\u2019arribada no s\u2019ocupa l\u2019allotjament, la reserva quedar\u00e0 cancel\u00b7lada i es perdr\u00e0 la totalitat del lliurament a compte.<\/p>\n<\/li>\n<\/ul>\n<p>&nbsp;<\/p>\n<h2><strong>POLITICA CANCEL\u00b7LACI\u00d3<\/strong><\/h2>\n<ul>\n<li>\u00a0Tota cancel\u00b7laci\u00f3 de reserva s&#8217;ha de fer PER ESCRIT al correu electr\u00f2nic info@lagaviota.com.<\/li>\n<\/ul>\n<p>Anul\u00b7lar abans de 30 dies de la data d&#8217;arribada, implica la p\u00e8rdua de 30% del lliurament a compte.<br \/>\nAnul\u00b7lar entre 30 i 15 dies abans de la data d&#8217;arribada, implica la p\u00e8rdua del 50% del lliurament a compte.<br \/>\nAnul\u00b7lar amb menys de 15 dies a la data d&#8217;arribada, implica la p\u00e8rdua del 100% del lliurament a compte.<\/p>","protected":false},"excerpt":{"rendered":"Seguim mantenint protocols d&#8217;higiene i seguretat per a evitar la propagaci\u00f3 de virus.","protected":false},"author":1001,"featured_media":0,"parent":19,"menu_order":0,"comment_status":"closed","ping_status":"closed","template":"","meta":{"_acf_changed":false,"footnotes":""},"class_list":["post-455","page","type-page","status-publish","hentry"],"acf":[],"_links":{"self":[{"href":"https:\/\/lagaviota.com\/ca\/wp-json\/wp\/v2\/pages\/455","targetHints":{"allow":["GET"]}}],"collection":[{"href":"https:\/\/lagaviota.com\/ca\/wp-json\/wp\/v2\/pages"}],"about":[{"href":"https:\/\/lagaviota.com\/ca\/wp-json\/wp\/v2\/types\/page"}],"author":[{"embeddable":true,"href":"https:\/\/lagaviota.com\/ca\/wp-json\/wp\/v2\/users\/1001"}],"replies":[{"embeddable":true,"href":"https:\/\/lagaviota.com\/ca\/wp-json\/wp\/v2\/comments?post=455"}],"version-history":[{"count":6,"href":"https:\/\/lagaviota.com\/ca\/wp-json\/wp\/v2\/pages\/455\/revisions"}],"predecessor-version":[{"id":1784,"href":"https:\/\/lagaviota.com\/ca\/wp-json\/wp\/v2\/pages\/455\/revisions\/1784"}],"up":[{"embeddable":true,"href":"https:\/\/lagaviota.com\/ca\/wp-json\/wp\/v2\/pages\/19"}],"wp:attachment":[{"href":"https:\/\/lagaviota.com\/ca\/wp-json\/wp\/v2\/media?parent=455"}],"curies":[{"name":"wp","href":"https:\/\/api.w.org\/{rel}","templated":true}]}}