{"id":39,"date":"2020-03-30T11:37:16","date_gmt":"2020-03-30T11:37:16","guid":{"rendered":"http:\/\/lagaviota-v2\/?page_id=39"},"modified":"2025-08-21T13:17:05","modified_gmt":"2025-08-21T13:17:05","slug":"mobilhome-llevant","status":"publish","type":"page","link":"https:\/\/lagaviota.com\/ca\/parcelas-alojamientos\/mobilhome-llevant\/","title":{"rendered":"Mobilhome Llevant"},"content":{"rendered":"<p><\/p>\n<h2>Davant de la nostra magn\u00edfica platja, en una situaci\u00f3 privilegiada<\/h2>\n<p><img loading=\"lazy\" decoding=\"async\" class=\"alignnone size-full wp-image-1514\" src=\"https:\/\/lagaviota.com\/wp-content\/uploads\/2024\/11\/Sin-titulo.png\" alt=\"\" width=\"128\" height=\"128\" \/><\/p>\n<p>Equipat per a 4 persones<\/p>\n<ul>\n<li>Aigua calenta i electricitat (220w)<\/li>\n<li>Aire Acondicionat<\/li>\n<li>Saleta\/cuina de gas, amb extractor de fum, nevera i microones<\/li>\n<li>Bany complet: lavabo, dutxa, WC, assecador de cabells<\/li>\n<li>Habitaci\u00f3 doble amb llit\u00a0de matrimoni<\/li>\n<li>Habitaci\u00f3 doble amb dos llits individuals<\/li>\n<li>Llits equipats amb llen\u00e7ols i mantes<\/li>\n<li>Terrassa moblada amb taula i 4 cadires<\/li>\n<\/ul>\n<p>Si vols que et proporcionem les tovalloles, el preu \u00e9s 5\u20ac\/persona i setmana.<\/p>\n<p>Qu\u00e8 t&#8217;has d&#8217;endur de casa? Comprova aqu\u00ed el que trobar\u00e0s a l&#8217;allotjament:<\/p>","protected":false},"excerpt":{"rendered":"<p class=\"qtranxs-available-languages-message qtranxs-available-languages-message-ca\">Ho sentim, aquesta entrada es troba disponible \u00fanicament en <a href=\"https:\/\/lagaviota.com\/nl\/wp-json\/wp\/v2\/pages\/39\" class=\"qtranxs-available-language-link qtranxs-available-language-link-nl\" title=\"nl\">nl<\/a>.<\/p>","protected":false},"author":1001,"featured_media":1686,"parent":13,"menu_order":4,"comment_status":"closed","ping_status":"closed","template":"page-single_accomodation.php","meta":{"_acf_changed":false,"footnotes":""},"class_list":["post-39","page","type-page","status-publish","has-post-thumbnail","hentry"],"acf":[],"_links":{"self":[{"href":"https:\/\/lagaviota.com\/ca\/wp-json\/wp\/v2\/pages\/39","targetHints":{"allow":["GET"]}}],"collection":[{"href":"https:\/\/lagaviota.com\/ca\/wp-json\/wp\/v2\/pages"}],"about":[{"href":"https:\/\/lagaviota.com\/ca\/wp-json\/wp\/v2\/types\/page"}],"author":[{"embeddable":true,"href":"https:\/\/lagaviota.com\/ca\/wp-json\/wp\/v2\/users\/1001"}],"replies":[{"embeddable":true,"href":"https:\/\/lagaviota.com\/ca\/wp-json\/wp\/v2\/comments?post=39"}],"version-history":[{"count":1,"href":"https:\/\/lagaviota.com\/ca\/wp-json\/wp\/v2\/pages\/39\/revisions"}],"predecessor-version":[{"id":1687,"href":"https:\/\/lagaviota.com\/ca\/wp-json\/wp\/v2\/pages\/39\/revisions\/1687"}],"up":[{"embeddable":true,"href":"https:\/\/lagaviota.com\/ca\/wp-json\/wp\/v2\/pages\/13"}],"wp:featuredmedia":[{"embeddable":true,"href":"https:\/\/lagaviota.com\/ca\/wp-json\/wp\/v2\/media\/1686"}],"wp:attachment":[{"href":"https:\/\/lagaviota.com\/ca\/wp-json\/wp\/v2\/media?parent=39"}],"curies":[{"name":"wp","href":"https:\/\/api.w.org\/{rel}","templated":true}]}}