{"id":318,"date":"2020-07-09T14:10:07","date_gmt":"2020-07-09T14:10:07","guid":{"rendered":"http:\/\/camping-lagaviota.com.mialias.net\/?page_id=318"},"modified":"2025-08-23T12:14:29","modified_gmt":"2025-08-23T12:14:29","slug":"alquiler-de-bicicletas","status":"publish","type":"page","link":"https:\/\/lagaviota.com\/ca\/servicios\/alquiler-de-bicicletas\/","title":{"rendered":"Lloguer de bicicletes"},"content":{"rendered":"<p>Estem ubicats al Parc Natural dels Aiguamolls de l&#8217;Empord\u00e0. Hi ha v\u00e0ries pistes que es poden fer en bicicleta des del c\u00e0mping. La majoria s\u00f3n de nivell f\u00e0cil i amb pocs trajectes de tr\u00e0fic motoritzat.<\/p>\n<p>A la recepci\u00f3 podr\u00e0s llogar les bicicletes i informar-te sobre rutes i llocs per visitar.<\/p>","protected":false},"excerpt":{"rendered":"Estem ubicats al Parc Natural dels Aiguamolls de l&#8217;Empord\u00e0. Hi ha v\u00e0ries pistes que es poden fer en bicicleta des del c\u00e0mping. La majoria s\u00f3n de nivell f\u00e0cil i amb pocs trajectes de tr\u00e0fic motoritzat.\r\nA la recepci\u00f3 podr\u00e0s llogar les bicicletes i informar-te sobre rutes i llocs per visitar.","protected":false},"author":1001,"featured_media":325,"parent":15,"menu_order":5,"comment_status":"closed","ping_status":"closed","template":"page-services_subpage.php","meta":{"_acf_changed":false,"footnotes":""},"class_list":["post-318","page","type-page","status-publish","has-post-thumbnail","hentry"],"acf":[],"_links":{"self":[{"href":"https:\/\/lagaviota.com\/ca\/wp-json\/wp\/v2\/pages\/318","targetHints":{"allow":["GET"]}}],"collection":[{"href":"https:\/\/lagaviota.com\/ca\/wp-json\/wp\/v2\/pages"}],"about":[{"href":"https:\/\/lagaviota.com\/ca\/wp-json\/wp\/v2\/types\/page"}],"author":[{"embeddable":true,"href":"https:\/\/lagaviota.com\/ca\/wp-json\/wp\/v2\/users\/1001"}],"replies":[{"embeddable":true,"href":"https:\/\/lagaviota.com\/ca\/wp-json\/wp\/v2\/comments?post=318"}],"version-history":[{"count":1,"href":"https:\/\/lagaviota.com\/ca\/wp-json\/wp\/v2\/pages\/318\/revisions"}],"predecessor-version":[{"id":1722,"href":"https:\/\/lagaviota.com\/ca\/wp-json\/wp\/v2\/pages\/318\/revisions\/1722"}],"up":[{"embeddable":true,"href":"https:\/\/lagaviota.com\/ca\/wp-json\/wp\/v2\/pages\/15"}],"wp:featuredmedia":[{"embeddable":true,"href":"https:\/\/lagaviota.com\/ca\/wp-json\/wp\/v2\/media\/325"}],"wp:attachment":[{"href":"https:\/\/lagaviota.com\/ca\/wp-json\/wp\/v2\/media?parent=318"}],"curies":[{"name":"wp","href":"https:\/\/api.w.org\/{rel}","templated":true}]}}