{"id":316,"date":"2020-07-09T14:08:55","date_gmt":"2020-07-09T14:08:55","guid":{"rendered":"http:\/\/camping-lagaviota.com.mialias.net\/?page_id=316"},"modified":"2025-08-23T12:17:22","modified_gmt":"2025-08-23T12:17:22","slug":"atencion-medica-y-masajes","status":"publish","type":"page","link":"https:\/\/lagaviota.com\/ca\/servicios\/atencion-medica-y-masajes\/","title":{"rendered":"Atenci\u00f3 m\u00e8dica"},"content":{"rendered":"<p>Oferim un servei setmanal d&#8217;atenci\u00f3 m\u00e8dica o tamb\u00e9 en hores convingudes. Demana hora si us plau a Recepci\u00f3.<\/p>\n<p>El servei m\u00e8dic est\u00e0 disponible nom\u00e9s per a clients.<\/p>","protected":false},"excerpt":{"rendered":"Oferim un servei setmanal d&#8217;atenci\u00f3 m\u00e8dica o tamb\u00e9 en hores convingudes. Demana hora si us plau a Recepci\u00f3.\r\nEnguany es poden fer test PCR al c\u00e0mping. Informa&#8217;t a recepci\u00f3.\r\nEl servei m\u00e8dic est\u00e0 disponible nom\u00e9s per a clients.","protected":false},"author":1001,"featured_media":1729,"parent":15,"menu_order":7,"comment_status":"closed","ping_status":"closed","template":"page-services_subpage.php","meta":{"_acf_changed":false,"footnotes":""},"class_list":["post-316","page","type-page","status-publish","has-post-thumbnail","hentry"],"acf":[],"_links":{"self":[{"href":"https:\/\/lagaviota.com\/ca\/wp-json\/wp\/v2\/pages\/316","targetHints":{"allow":["GET"]}}],"collection":[{"href":"https:\/\/lagaviota.com\/ca\/wp-json\/wp\/v2\/pages"}],"about":[{"href":"https:\/\/lagaviota.com\/ca\/wp-json\/wp\/v2\/types\/page"}],"author":[{"embeddable":true,"href":"https:\/\/lagaviota.com\/ca\/wp-json\/wp\/v2\/users\/1001"}],"replies":[{"embeddable":true,"href":"https:\/\/lagaviota.com\/ca\/wp-json\/wp\/v2\/comments?post=316"}],"version-history":[{"count":2,"href":"https:\/\/lagaviota.com\/ca\/wp-json\/wp\/v2\/pages\/316\/revisions"}],"predecessor-version":[{"id":1728,"href":"https:\/\/lagaviota.com\/ca\/wp-json\/wp\/v2\/pages\/316\/revisions\/1728"}],"up":[{"embeddable":true,"href":"https:\/\/lagaviota.com\/ca\/wp-json\/wp\/v2\/pages\/15"}],"wp:featuredmedia":[{"embeddable":true,"href":"https:\/\/lagaviota.com\/ca\/wp-json\/wp\/v2\/media\/1729"}],"wp:attachment":[{"href":"https:\/\/lagaviota.com\/ca\/wp-json\/wp\/v2\/media?parent=316"}],"curies":[{"name":"wp","href":"https:\/\/api.w.org\/{rel}","templated":true}]}}