{"id":312,"date":"2020-07-09T14:05:45","date_gmt":"2020-07-09T14:05:45","guid":{"rendered":"http:\/\/camping-lagaviota.com.mialias.net\/?page_id=312"},"modified":"2020-10-19T09:31:54","modified_gmt":"2020-10-19T09:31:54","slug":"lavadoras-y-secadoras","status":"publish","type":"page","link":"https:\/\/lagaviota.com\/ca\/servicios\/lavadoras-y-secadoras\/","title":{"rendered":"Bugaderia d&#8217;autoservei"},"content":{"rendered":"<p>Perqu\u00e8 de vegades no n&#8217;hi ha prou amb &#8220;un rentat r\u00e0pid a m\u00e0&#8221;. Tens rentadores i assecadores. Pots demanar els tickets al personal de recepci\u00f3. No t&#8217;oblidis que est\u00e0s de vacances.<\/p>","protected":false},"excerpt":{"rendered":"Perqu\u00e8 de vegades no n&#8217;hi ha prou amb &#8220;un rentat r\u00e0pid a m\u00e0&#8221;. Tens rentadores i assecadores. Pots demanar els tickets al personal de recepci\u00f3. No t&#8217;oblidis que est\u00e0s de vacances.","protected":false},"author":1001,"featured_media":358,"parent":15,"menu_order":8,"comment_status":"closed","ping_status":"closed","template":"page-services_subpage.php","meta":{"_acf_changed":false,"footnotes":""},"class_list":["post-312","page","type-page","status-publish","has-post-thumbnail","hentry"],"acf":[],"_links":{"self":[{"href":"https:\/\/lagaviota.com\/ca\/wp-json\/wp\/v2\/pages\/312","targetHints":{"allow":["GET"]}}],"collection":[{"href":"https:\/\/lagaviota.com\/ca\/wp-json\/wp\/v2\/pages"}],"about":[{"href":"https:\/\/lagaviota.com\/ca\/wp-json\/wp\/v2\/types\/page"}],"author":[{"embeddable":true,"href":"https:\/\/lagaviota.com\/ca\/wp-json\/wp\/v2\/users\/1001"}],"replies":[{"embeddable":true,"href":"https:\/\/lagaviota.com\/ca\/wp-json\/wp\/v2\/comments?post=312"}],"version-history":[{"count":0,"href":"https:\/\/lagaviota.com\/ca\/wp-json\/wp\/v2\/pages\/312\/revisions"}],"up":[{"embeddable":true,"href":"https:\/\/lagaviota.com\/ca\/wp-json\/wp\/v2\/pages\/15"}],"wp:featuredmedia":[{"embeddable":true,"href":"https:\/\/lagaviota.com\/ca\/wp-json\/wp\/v2\/media\/358"}],"wp:attachment":[{"href":"https:\/\/lagaviota.com\/ca\/wp-json\/wp\/v2\/media?parent=312"}],"curies":[{"name":"wp","href":"https:\/\/api.w.org\/{rel}","templated":true}]}}