{"id":3,"date":"2020-03-27T10:32:54","date_gmt":"2020-03-27T10:32:54","guid":{"rendered":"http:\/\/lagaviota-v2\/?page_id=3"},"modified":"2025-11-18T11:39:06","modified_gmt":"2025-11-18T11:39:06","slug":"politica-de-privacidad","status":"publish","type":"page","link":"https:\/\/lagaviota.com\/ca\/politica-de-privacidad\/","title":{"rendered":"Politica de privacitat"},"content":{"rendered":"<p>De conformitat amb el Reglament General de Protecci\u00f3 de Dades (UE 2016\/679), C\u00c0MPING LA GAVIOTA, S.L. (des d&#8217;ara EL TITULAR), es compromet a protegir la seva privacitat i li garanteix el compliment de la legislaci\u00f3 de protecci\u00f3 de dades personals i, en concret, que la seva informaci\u00f3 personal ser\u00e0 tractada de forma l\u00edcita, lleial i transparent d&#8217;acord amb fins determinats expl\u00edcits i leg\u00edtims, nom\u00e9s si \u00e9s adequada, pertinent i limitada al que \u00e9s necessari en relaci\u00f3 amb el tractament exacta i actualitzat de manera que es permeti la identificaci\u00f3 de l&#8217;interessat, nom\u00e9s durant el temps necessari per als fins del tractament garantint la seva seguretat.<\/p>\n<h2>Qui \u00e9s el responsable del tractament de les dades?<\/h2>\n<p>Nom Empresa: C\u00c0MPING LA GAVIOTA, S.L.<br \/>\nDomicili: Ctra. de la platja s\/n, 17470 Sant Pere Pescador, Girona<br \/>\nTel\u00e8fon: 972 520 569<br \/>\nCorreu electr\u00f2nic: info@lagaviota.com<\/p>\n<h2>Amb quina finalitats tractem les dades?<\/h2>\n<p>Tractem les seves dades amb les seg\u00fcents finalitats:<\/p>\n<ul>\n<li>Prestar els serveis que vost\u00e8 ens demana: fem servir la informaci\u00f3 per poder prestar-li els serveis que ens ha demanat.<\/li>\n<li>Contactar amb vost\u00e8 en cas de necessitar protegir els seus interessos, en relaci\u00f3 a la seva reserva o servei contractat. Aquestes comunicacions no tenen finalitats comercials.<\/li>\n<li>Per tal de que vost\u00e8 pugui abonar el dip\u00f2sit de reserva necessari per formalitzar-la, utilitzarem les dades que vost\u00e8 ens facilita de la targeta de cr\u00e8dit\/d\u00e8bit. Un cop realitzat el c\u00e0rrec a la targeta les dades s\u00f3n eliminades.<\/li>\n<li>Per seguretat: estem obligats a facilitar les dades contingudes en els parts de viatgers (dades de les persones allotjades) als cossos i forces de seguretat en compliment dels requisits legals.<\/li>\n<li>Comunicacions: fem servir les dades que ens proporciona per gestionar la nostra relaci\u00f3 amb vost\u00e8. Com a client i per millorar la seva experi\u00e8ncia amb nosaltres.<\/li>\n<\/ul>\n<p>Nom\u00e9s tractem les seves dades personals quan tenim bases legals per fer-ho.<\/p>\n<h2>Com obtenim les dades?<\/h2>\n<p>Vost\u00e8 ens facilita les seves dades personals quan ens contacta a trav\u00e9s del nostre web, per tel\u00e8fon o per correu electr\u00f2nic. A trav\u00e9s del formulari de contacte de la nostra web, vost\u00e8 ha de marcar la casella d&#8217;acceptaci\u00f3 de la Pol\u00edtica de Privacitat manifestant aix\u00ed el seu consentiment voluntari, expr\u00e9s, i pr\u00e8viament informat.<\/p>\n<h2>Quines dades personals tractem?<\/h2>\n<p>Per &#8220;dades personals&#8221; entenem qualsevol informaci\u00f3 relacionada amb vost\u00e8 que ens permeti identificar-lo (per exemple: nom, tel\u00e8fon, n\u00famero identificador de la seva reserva, les seves dades de pagament i informaci\u00f3 sobre el seu acc\u00e9s al nostre lloc web).<\/p>\n<p>Obtenim les seves dades personals quan realitza una reserva al nostre c\u00e0mping (ja sigui de manera directa o indirecta a trav\u00e9s dels nostres prove\u00efdors externs de confian\u00e7a), quan vost\u00e8 visita la nostra web i altres llocs web accessibles a trav\u00e9s del nostre lloc, o quan vost\u00e8 es posa en contacte directament amb nosaltres.<\/p>\n<p>En concret, obtenim les seg\u00fcents dades o informaci\u00f3:<\/p>\n<ul>\n<li>Dades b\u00e0siques: nom i cognoms, adre\u00e7a de correu electr\u00f2nic, n\u00famero de tel\u00e8fon.<\/li>\n<li>Altres dades: domicili, n\u00famero de DNI o un altre document d&#8217;identificaci\u00f3 personal reconegut, data d&#8217;expedici\u00f3, sexe, nacionalitat, data de naixement i dades de la targeta de cr\u00e8dit\/d\u00e8bit.<\/li>\n<li>Informaci\u00f3 sobre el seu \u00fas del nostre lloc web a trav\u00e9s de Google, pot consultar la pol\u00edtica de privacitat de Google <a href=\"https:\/\/policies.google.com\/privacy?hl=es\">aqu\u00ed<\/a><u>.<\/u><\/li>\n<li>Dades que vost\u00e8 inclogui en les comunicacions que intercanvi\u00ef amb nosaltres o ens dirigeixi per carta, correu electr\u00f2nic, tel\u00e8fon i xarxes socials.<\/li>\n<\/ul>\n<h2>\u00bfA qui comunicaran les dades?<\/h2>\n<p>EL TITULAR no cedeix les dades a tercers, excepte quan per obligaci\u00f3 legal aix\u00ed li sigui requerit per l&#8217;Autoritat legal competent.<\/p>\n<p>S\u00ed que compartim les seves dades personals amb els seg\u00fcents tercers per als fins descrits en aquesta Pol\u00edtica de privacitat:<\/p>\n<ul>\n<li>Autoritats governamentals, i cossos i forces de seguretat en compliment dels requisits legals.<\/li>\n<li>Assessors legals i altres prove\u00efdors de serveis de confian\u00e7a, necessaris per a l&#8217;exercici de la nostra activitat, que han implementat pol\u00edtiques de privacitat d&#8217;acord amb la legislaci\u00f3 vigent.<\/li>\n<li>Xarxes socials: \u00e9s possible que accedeixi als nostres serveis a trav\u00e9s de xarxes socials. I tamb\u00e9 fem servir plug-ins de xarxes socials en el nostre lloc web. Per a m\u00e9s informaci\u00f3 sobre el tractament de les seves dades, consulteu la pol\u00edtica de privacitat d&#8217;aquests tercers (Facebook, Tripadvisor, Google+).<\/li>\n<\/ul>\n<h2>Quins s\u00f3n els seus drets?<\/h2>\n<p>Pot exercir els seg\u00fcents drets sobre les dades que hagi facilitat a EL TITULAR:<\/p>\n<p><strong>Dret d&#8217;informaci\u00f3 i acc\u00e9s<\/strong>: pot sol\u00b7licitar-nos informaci\u00f3 sobre les dades personals que tenim juntament amb la finalitat per a la qual han estat recollides, la identitat dels destinataris de les dades, els terminis de conservaci\u00f3, i la identitat del responsable davant el qual pot sol\u00b7licitar la rectificaci\u00f3, supressi\u00f3 i oposici\u00f3 al tractament de les dades.<\/p>\n<p><strong>Dret de rectificaci\u00f3<\/strong>: ens pot sol\u00b7licitar corregir qualsevol informaci\u00f3 incompleta o incorrecta que tinguem sobre vost\u00e8.<\/p>\n<p><strong>Dret de supressi\u00f3<\/strong>: pot sol\u00b7licitar-nos que eliminem o esborrem les seves dades personals quan no prevalguin altres motius leg\u00edtims per seguir tractant-les.<\/p>\n<p><strong>Dret d&#8217;oposici\u00f3<\/strong>: pot oposar-se al tractament de les seves dades personals encara que aquest tractament es basi en els nostres interessos leg\u00edtims (o els d&#8217;un tercer) i hi hagi alguna cosa sobre la seva situaci\u00f3 particular que faci que vulgui oposar-se al tractament sobre aquesta base.<\/p>\n<p><strong>Dret de portabilitat<\/strong>: pot sol\u00b7licitar la transfer\u00e8ncia a vost\u00e8 o a un tercer de les seves dades personals.<\/p>\n<p><strong>Dret a retirar el seu consentiment<\/strong>: en el cas que hagi donat el seu consentiment per a l&#8217;obtenci\u00f3, tractament i\/o portabilitat de les seves dades personals per a un fi espec\u00edfic, t\u00e9 dret en qualsevol moment a retirar el seu consentiment per a aquest tractament. Un cop rebem la seva sol\u00b7licitud no continuarem tractant les seves dades per la finalitat o finalitats que originalment va acceptar, tret que tinguem una altra base leg\u00edtima per seguir fent-ho d&#8217;acord amb la llei.<\/p>\n<p>Si desitja exercir qualsevol d&#8217;aquests drets ha de enviar-nos una sol\u00b7licitud acompanyada d&#8217;un document acreditatiu de la seva identitat a:<\/p>\n<p>C\u00c0MPING LA GAVIOTA, S.L.<br \/>\nCtra. de la platja s\/n, 17470 Sant Pere Pescador, Girona<br \/>\n972 520 569<br \/>\ninfo@lagaviota.com<\/p>\n<p>Tota la informaci\u00f3 que vost\u00e8 ens faciliti haur\u00e0 de ser vera\u00e7. A aquests efectes vost\u00e8 ens garanteix l&#8217;autenticitat de totes aquelles dades que comuniqui. En tot cas ser\u00e0 vost\u00e8 l&#8217;\u00fanic responsable de totes les manifestacions falses o inexactes que realitzi i dels perjudicis que pugui causar a EL TITULAR o de tercers per la informaci\u00f3 que faciliti.<\/p>","protected":false},"excerpt":{"rendered":"De conformitat amb el Reglament General de Protecci\u00f3 de Dades (UE 2016\/679), C\u00c0MPING LA GAVIOTA, S.L. (des d&#8217;ara EL TITULAR), es compromet a protegir la seva privacitat i li garanteix el compliment de la legislaci\u00f3 de protecci\u00f3 de dades personals i, en concret, que la seva informaci\u00f3 personal ser\u00e0 tractada de forma l\u00edcita, lleial i&#8230; <a class=\"view-article\" href=\"https:\/\/lagaviota.com\/ca\/politica-de-privacidad\/\">View Article<\/a>","protected":false},"author":1001,"featured_media":0,"parent":0,"menu_order":0,"comment_status":"closed","ping_status":"closed","template":"","meta":{"_acf_changed":false,"footnotes":""},"class_list":["post-3","page","type-page","status-publish","hentry"],"acf":[],"_links":{"self":[{"href":"https:\/\/lagaviota.com\/ca\/wp-json\/wp\/v2\/pages\/3","targetHints":{"allow":["GET"]}}],"collection":[{"href":"https:\/\/lagaviota.com\/ca\/wp-json\/wp\/v2\/pages"}],"about":[{"href":"https:\/\/lagaviota.com\/ca\/wp-json\/wp\/v2\/types\/page"}],"author":[{"embeddable":true,"href":"https:\/\/lagaviota.com\/ca\/wp-json\/wp\/v2\/users\/1001"}],"replies":[{"embeddable":true,"href":"https:\/\/lagaviota.com\/ca\/wp-json\/wp\/v2\/comments?post=3"}],"version-history":[{"count":1,"href":"https:\/\/lagaviota.com\/ca\/wp-json\/wp\/v2\/pages\/3\/revisions"}],"predecessor-version":[{"id":1770,"href":"https:\/\/lagaviota.com\/ca\/wp-json\/wp\/v2\/pages\/3\/revisions\/1770"}],"wp:attachment":[{"href":"https:\/\/lagaviota.com\/ca\/wp-json\/wp\/v2\/media?parent=3"}],"curies":[{"name":"wp","href":"https:\/\/api.w.org\/{rel}","templated":true}]}}