{"id":24,"date":"2020-03-27T12:25:21","date_gmt":"2020-03-27T12:25:21","guid":{"rendered":"http:\/\/lagaviota-v2\/?page_id=24"},"modified":"2020-03-27T12:27:29","modified_gmt":"2020-03-27T12:27:29","slug":"aviso-legal","status":"publish","type":"page","link":"https:\/\/lagaviota.com\/ca\/aviso-legal\/","title":{"rendered":"Av\u00eds legal"},"content":{"rendered":"<p><\/p>\n<h2>Objecte de l\u2019av\u00eds legal i dades identificatives<\/h2>\n<p>En compliment amb el deure d&#8217;informaci\u00f3 recollit en l&#8217;article 10 de la Llei 34\/2002, de 11 de juliol, de Serveis de la Societat de la Informaci\u00f3 i del Comer\u00e7 Electr\u00f2nic i el Reglament UE 2016\/679 (RGPD), C\u00c0MPING LA GAVIOTA, S.L. (des d\u2019ara EL TITULAR), registrat al Registre Mercantil de Girona, Volum 644, Foli 192, Fulla GI-12485, l&#8217;informa de les condicions, l&#8217;acc\u00e9s i la utilitzaci\u00f3 del lloc web www.lagaviota.com, els seus continguts i serveis (de pagament o gratu\u00efts), aix\u00ed com de la seva pol\u00edtica de privacitat i\u00a0 pol\u00edtica de cookies.<\/p>\n<p>Empresa: C\u00c0MPING LA GAVIOTA, S.L.<br \/>\nCIF: B-17393349<br \/>\nDomicili Social: Ctra. de la platja s\/n, 17470 Sant Pere Pescador, Girona<br \/>\nTel\u00e8fon: 972 520 569<\/p>\n<h2>Propietat intel\u00b7lectual i industrial<\/h2>\n<p>Els continguts d&#8217;aquest lloc, incloent-hi els textos, imatges i dissenys gr\u00e0fics, pertanyen a EL TITULAR, o a tercers que n\u2019han autoritzat el seu \u00fas. EL TITULAR presenta aquests continguts amb finalitats d&#8217;informaci\u00f3 i promoci\u00f3. EL TITULAR autoritza la seva utilitzaci\u00f3 exclusivament amb aquestes finalitats. Qualsevol utilitzaci\u00f3 d&#8217;aquests dissenys, imatges o textos haur\u00e0 de citar expressament la seva pertinen\u00e7a a EL TITULAR, qui es reserva el dret a iniciar les accions legals oportunes per reparar els danys i perjudicis causats per qualsevol acte que vulneri els seus drets de propietat intel\u00b7lectual o industrial.<\/p>\n<h2>Pol\u00edtica de privacitat<\/h2>\n<p>EL TITULAR es compromet a protegir la privacitat dels usuaris que accedeixin a aquest web i\/o qualsevol dels seus serveis. La utilitzaci\u00f3 del web i\/o de qualsevol dels serveis oferts per EL TITULAR, implica l&#8217;acceptaci\u00f3 per part de l&#8217;usuari de les disposicions contingudes en la present Pol\u00edtica de Privacitat i que les seves dades personals siguin tractades segons s&#8217;hi estipula. Si us plau, tingui en compte que tot i que hi pugui haver enlla\u00e7os del nostre web a d\u2019altres webs, aquesta Pol\u00edtica de Privacitat no s&#8217;aplica als webs d&#8217;altres companyies o organitzacions a les quals el web estigui redirigit. EL TITULAR no controla el contingut dels webs de tercers ni accepta cap tipus de responsabilitat pel contingut o les pol\u00edtiques de privacitat d&#8217;aquests webs.<\/p>\n<h2>Q\u00fcestions sobre privacitat<\/h2>\n<p>En compliment del Reglament (UE) 2016\/679 del Parlament Europeu i del Consell, de 27 d&#8217;abril de 2016, (RGPD), li oferim la seg\u00fcent informaci\u00f3 sobre el tractament de les seves dades personals:<\/p>\n<h3>Qui \u00e9s el responsable del tractament de les seves dades?<\/h3>\n<p>EL TITULAR. Les nostres dades figuren a l&#8217;inici d&#8217;aquest av\u00eds legal.<\/p>\n<h3>Amb quina finalitat tractem les seves dades personals?<\/h3>\n<p>Tractem la informaci\u00f3 que se\u2019ns facilita per prestar i facturar els nostres serveis i productes.<\/p>\n<p>Si ens dona el seu consentiment tamb\u00e9 podrem tractar les seves dades per enviar-li informaci\u00f3 sobre les nostres activitats, productes o serveis.<\/p>\n<p>Si participa en algun dels nostres sortejos i\/o concursos publicarem el seu nom i cognoms, i la seva imatge, en els diferents espais i mitjans de comunicaci\u00f3 i difusi\u00f3 que utilitzem, incloses les xarxes socials, amb la finalitat de promocionar les nostres activitats, serveis i productes.<\/p>\n<h3>Durant quant de temps conservarem les seves dades?<\/h3>\n<p>Les dades personals proporcionades es conservaran mentre sigui usuari dels nostres serveis o en vulgui rebre informaci\u00f3, i si participa en una promoci\u00f3 mentre aquesta estigui activa, i despr\u00e9s, durant el terminis establerts per complir amb les nostres obligacions legals.<\/p>\n<h3>Quina \u00e9s la legitimaci\u00f3 per al tractament de les seves dades?<\/h3>\n<p>La base legal per als tractaments de les seves dades s\u00f3n els consentiments que ens dona.<\/p>\n<p>Respecte a la informaci\u00f3 que ens sigui enviada per menors de 16 anys, s&#8217;entendr\u00e0 que ho ha estat amb el consentiment dels seus representants legals. Si no \u00e9s aix\u00ed, el representant legal del menor ens ho ha de comunicar tan aviat com en tingui coneixement.<\/p>\n<h3>A quins destinataris es comunicaran les seves dades?<\/h3>\n<p>Les dades no seran comunicades a tercers, llevat que ho exigeixi una llei o sigui necessari per complir amb la finalitat del tractament.<\/p>\n<h3>Quins s\u00f3n els seus drets quan ens facilita les seves dades?<\/h3>\n<ul>\n<li>Qualsevol persona t\u00e9 dret a obtenir confirmaci\u00f3 sobre si estem tractant o no les seves dades personals.<\/li>\n<li>Les persones interessades tenen dret a accedir a les seves dades personals, aix\u00ed com a sol\u00b7licitar la rectificaci\u00f3 de les dades inexactes o, si s\u2019escau, sol\u00b7licitar la seva supressi\u00f3 quan, entre d&#8217;altres motius, les dades ja no siguin necess\u00e0ries per a les finalitats per a les quals es van recollir.<\/li>\n<li>En determinades circumst\u00e0ncies els interessats podran sol\u00b7licitar la limitaci\u00f3 del tractament de les seves dades, en aquest cas \u00fanicament les conservarem per a l&#8217;exercici o la defensa de reclamacions.<\/li>\n<li>Tamb\u00e9, en determinades circumst\u00e0ncies i per motius relacionats amb la seva situaci\u00f3 particular, els interessats es poden oposar al tractament de les seves dades. En aquest cas deixarem de tractar-les, excepte per motius leg\u00edtims imperiosos o per a l&#8217;exercici o la defensa de possibles reclamacions.<\/li>\n<li>Els interessats tamb\u00e9 tenen dret a la portabilitat de les seves dades.<\/li>\n<li>Finalment, els interessats tenen dret a presentar una reclamaci\u00f3 davant l&#8217;Autoritat de Control competent.<\/li>\n<\/ul>\n<h3>Com pot exercir els seus drets?<\/h3>\n<p>Enviant-nos un escrit adjuntant una c\u00f2pia d&#8217;un document que l&#8217;identifiqui a la nostra adre\u00e7a f\u00edsica o a l&#8217;electr\u00f2nica.<\/p>\n<h3>Com hem obtingut les seves dades?<\/h3>\n<p>Les dades personals que tractem procedeixen del propi interessat, qui garanteix que les dades personals facilitades s\u00f3n certes i es fa responsable de comunicar-ne qualsevol modificaci\u00f3. Les dades que estiguin marcades amb un asterisc s\u00f3n obligat\u00f2ries per poder-li donar el servei sol\u00b7licitat.<\/p>\n<h3>Quines dades tractem?<\/h3>\n<p>Les categories de dades que podem tractar s\u00f3n:<\/p>\n<ul>\n<li>Dades de car\u00e0cter identificatiu.<\/li>\n<li>Adreces postals o electr\u00f2niques.<\/li>\n<li>Altres dades sol\u00b7licitades en els nostres formularis.<\/li>\n<\/ul>\n<p>Les dades s\u00f3n limitades, at\u00e8s que \u00fanicament tractem les dades necess\u00e0ries per a la prestaci\u00f3 dels nostres serveis i la gesti\u00f3 de la nostra activitat.<\/p>\n<h3>Utilitzem cookies?<\/h3>\n<p>Utilitzem cookies durant la navegaci\u00f3 al nostre web amb el consentiment informat de l&#8217;usuari. L\u2019usuari pot configurar el seu navegador perqu\u00e8 l&#8217;avisi de la utilitzaci\u00f3 de cookies i per evitar-ne el seu \u00fas. Per obtenir-ne m\u00e9s informaci\u00f3 visiti la nostra Pol\u00edtica de cookies<\/p>\n<h3>Quines mesures de seguretat apliquem?<\/h3>\n<p>Apliquem les mesures de seguretat establertes a l&#8217;article 32 del RGPD, per tant hem adoptat les mesures de seguretat necess\u00e0ries per garantir un nivell de seguretat adequat al risc del tractament de dades que realitzem, amb mecanismes que ens permeten garantir la confidencialitat, integritat, disponibilitat i resili\u00e8ncia permanent dels sistemes i serveis de tractament.<\/p>\n<p>Algunes d\u2019aquestes mesures s\u00f3n:<\/p>\n<ul>\n<li>Informaci\u00f3 de les pol\u00edtiques de tractament de dades al personal.<\/li>\n<li>Realitzaci\u00f3 de c\u00f2pies de seguretat peri\u00f2diques.<\/li>\n<li>Control d&#8217;acc\u00e9s a les dades.<\/li>\n<li>Processos de verificaci\u00f3, avaluaci\u00f3 i valoraci\u00f3 regulars.<\/li>\n<\/ul>\n<h2>Exclusi\u00f3 de responsabilitat<\/h2>\n<p>EL TITULAR actua amb la m\u00e0xima dilig\u00e8ncia possible perqu\u00e8 les dades i la informaci\u00f3 que ofereix al seu lloc web estigui actualitzada en tot moment, si b\u00e9 no garanteix ni es fa responsable de l&#8217;exactitud i actualitzaci\u00f3 dels continguts del lloc web, reservant-se el dret a modificar aquests continguts en qualsevol moment. EL TITULAR tampoc ser\u00e0 responsable de la informaci\u00f3 que es pot obtenir a trav\u00e9s d&#8217;enlla\u00e7os inclosos en el lloc web.<\/p>\n<p>Les relacions comercials amb els clients es regiran per les condicions generals que, si s\u2019escau, s&#8217;estableixin per EL TITULAR en un document espec\u00edfic a aquest efecte, o pels pactes concrets que es puguin acordar amb els clients.<\/p>\n<h2>Condicions d&#8217;\u00fas<\/h2>\n<p>L&#8217;\u00fas d&#8217;aquest lloc web implica l&#8217;acceptaci\u00f3 plena dels termes del present av\u00eds legal. Els possibles conflictes relatius a aquest web es regiran exclusivament pel dret de l&#8217;Estat Espanyol. Tota persona usu\u00e0ria del web, independentment de la jurisdicci\u00f3 territorial des de la qual es produeixi el seu acc\u00e9s, accepta el compliment i respecte d&#8217;aquestes cl\u00e0usules amb ren\u00fancia expressa a qualsevol altre fur que pogu\u00e9s correspondre-li.<\/p>","protected":false},"excerpt":{"rendered":"Objecte de l\u2019av\u00eds legal i dades identificatives En compliment amb el deure d&#8217;informaci\u00f3 recollit en l&#8217;article 10 de la Llei 34\/2002, de 11 de juliol, de Serveis de la Societat de la Informaci\u00f3 i del Comer\u00e7 Electr\u00f2nic i el Reglament UE 2016\/679 (RGPD), C\u00c0MPING LA GAVIOTA, S.L. (des d\u2019ara EL TITULAR), registrat al Registre Mercantil&#8230; <a class=\"view-article\" href=\"https:\/\/lagaviota.com\/ca\/aviso-legal\/\">View Article<\/a>","protected":false},"author":1001,"featured_media":0,"parent":0,"menu_order":0,"comment_status":"closed","ping_status":"closed","template":"","meta":{"_acf_changed":false,"footnotes":""},"class_list":["post-24","page","type-page","status-publish","hentry"],"acf":[],"_links":{"self":[{"href":"https:\/\/lagaviota.com\/ca\/wp-json\/wp\/v2\/pages\/24","targetHints":{"allow":["GET"]}}],"collection":[{"href":"https:\/\/lagaviota.com\/ca\/wp-json\/wp\/v2\/pages"}],"about":[{"href":"https:\/\/lagaviota.com\/ca\/wp-json\/wp\/v2\/types\/page"}],"author":[{"embeddable":true,"href":"https:\/\/lagaviota.com\/ca\/wp-json\/wp\/v2\/users\/1001"}],"replies":[{"embeddable":true,"href":"https:\/\/lagaviota.com\/ca\/wp-json\/wp\/v2\/comments?post=24"}],"version-history":[{"count":0,"href":"https:\/\/lagaviota.com\/ca\/wp-json\/wp\/v2\/pages\/24\/revisions"}],"wp:attachment":[{"href":"https:\/\/lagaviota.com\/ca\/wp-json\/wp\/v2\/media?parent=24"}],"curies":[{"name":"wp","href":"https:\/\/api.w.org\/{rel}","templated":true}]}}