{"id":2,"date":"2020-03-27T10:32:54","date_gmt":"2020-03-27T10:32:54","guid":{"rendered":"http:\/\/lagaviota-v2\/?page_id=2"},"modified":"2025-08-21T12:59:43","modified_gmt":"2025-08-21T12:59:43","slug":"sample-page","status":"publish","type":"page","link":"https:\/\/lagaviota.com\/ca\/","title":{"rendered":"Camping La Gaviota"},"content":{"rendered":"<p><\/p>\n<h3>Un camping tranquil a peu de platja, s\u00ed existeix!<\/h3>\n<ul>\n<li>Si busques un lloc tranquil, a la natura, lluny de la ciutat y lluny d&#8217;aglomeracions i centres tur\u00edstics, per\u00f2 a la platja!<\/li>\n<li>Si t&#8217;agrada que el silenci i la calma formin part del teu dia a dia durant les vacances.<\/li>\n<li>Si t&#8217;agraden els campings on es repecta l&#8217;hora de la becaina.<\/li>\n<li>Si busques un lloc on els nens puguin c\u00f3rrer amunt i avall sense por de perdre&#8217;s, un camping on els cotxes no tenen prioritat i s&#8217;aparquen en una zona apartada de les parcel\u00b7les.<\/li>\n<li>Si t&#8217;interessa un camping on l&#8217;animaci\u00f3 per a nens inclogui jocs a la platja.<\/li>\n<li>Si t&#8217;agrada practicar esports sostenibles com la bicicleta o el kitesurf\/paddlesurf.<\/li>\n<li>Si somnies amb llevar-te al mat\u00ed i anar directament a banyar-te al mar.<\/li>\n<li>Si \u00e9s important per a tu que els teus ve\u00efns de parcel\u00b7la siguin respectuosos i amants de la natura igual que tu.<\/li>\n<li>Si busques una platja poc profunda on tant els infants com els adults poden gaudir despreocupats.<\/li>\n<\/ul>\n<h3>Som el teu camping de Sant Pere Pescador!<\/h3>\n<p>La Gaviota \u00e9s un negoci familiar, oferim una atenci\u00f3 propera i emp\u00e0tica. Potser som el m\u00e9s tranquil de tots els c\u00e0mpings de Sant Pere Pescador, gr\u00e0cies a les nostres dimensions. Estem ubicats al Parc Natural dels Aiguamolls del Empord\u00e0, Costa Brava. Tenim el privilegi d&#8217;estar a primera l\u00ednia de la immensa platja de Sant Pere Pescador, 40km de sorra fina, aigua poc profunda i cristal\u00b7lina. Als infants els encanta!<\/p>\n<p>T&#8217;agrada fer esport? Aquesta platja \u00e9s una de les millors per a practicar kitesurf, per aix\u00f2 estem envoltats d&#8217;escoles excel\u00b7lents i experts professionals en esports aqu\u00e0tics. Per tant, durant la vostra estada tindreu l&#8217;oportunitat de contactar amb aquests esports d&#8217;una forma segura i mitjan\u00e7ant una experi\u00e8ncia agradable i efectiva. Com a clients del camping tindreu acc\u00e9s amb preus redu\u00efts a cursos de kitesurf, windsurf, paddle surf, i lloguer de material.<\/p>\n<p>Si sou m\u00e9s d&#8217;anar en bicicleta o fer caminades, la zona ofereix diverses eco-rutes de dificultat mitjana-baixa per a fer en fam\u00edlia per tot el parc natural, sense estr\u00e8s, ja que els camins s\u00f3n planers i amb poc tr\u00e0fic motoritzat. Al camping, a m\u00e9s, oferim lloguer de bicicletes de diverses mides.<\/p>\n<p>Hi ha molt\u00edssimes opcions en aquesta zona per a gaudir de la natura i la bellesa del Mediterrani m\u00e9s aut\u00e8ntic i salvatge.<\/p>\n<p>Demana al personal de recepci\u00f3 i t&#8217;informarem.<\/p>\n<p>Obrim d&#8217;abril a octubre.<\/p>\n<p>V\u00e9ns?<\/p>","protected":false},"excerpt":{"rendered":"Camping familiar i de tracte proper, ideal per a fam\u00edlies que busquen tranquilitat. Ubicaci\u00f3 excepcional a la Costa Brava, en la zona semi salvatge del Parc Natural dels Aiguamolls de l&#8217;Empord\u00e0, a la platja de Sant Pere Pescador.","protected":false},"author":1001,"featured_media":0,"parent":0,"menu_order":0,"comment_status":"closed","ping_status":"closed","template":"","meta":{"_acf_changed":false,"footnotes":""},"class_list":["post-2","page","type-page","status-publish","hentry"],"acf":[],"_links":{"self":[{"href":"https:\/\/lagaviota.com\/ca\/wp-json\/wp\/v2\/pages\/2","targetHints":{"allow":["GET"]}}],"collection":[{"href":"https:\/\/lagaviota.com\/ca\/wp-json\/wp\/v2\/pages"}],"about":[{"href":"https:\/\/lagaviota.com\/ca\/wp-json\/wp\/v2\/types\/page"}],"author":[{"embeddable":true,"href":"https:\/\/lagaviota.com\/ca\/wp-json\/wp\/v2\/users\/1001"}],"replies":[{"embeddable":true,"href":"https:\/\/lagaviota.com\/ca\/wp-json\/wp\/v2\/comments?post=2"}],"version-history":[{"count":1,"href":"https:\/\/lagaviota.com\/ca\/wp-json\/wp\/v2\/pages\/2\/revisions"}],"predecessor-version":[{"id":1675,"href":"https:\/\/lagaviota.com\/ca\/wp-json\/wp\/v2\/pages\/2\/revisions\/1675"}],"wp:attachment":[{"href":"https:\/\/lagaviota.com\/ca\/wp-json\/wp\/v2\/media?parent=2"}],"curies":[{"name":"wp","href":"https:\/\/api.w.org\/{rel}","templated":true}]}}