{"id":19,"date":"2020-03-27T12:17:09","date_gmt":"2020-03-27T12:17:09","guid":{"rendered":"http:\/\/lagaviota-v2\/?page_id=19"},"modified":"2025-08-21T13:12:13","modified_gmt":"2025-08-21T13:12:13","slug":"recepcion","status":"publish","type":"page","link":"https:\/\/lagaviota.com\/ca\/recepcion\/","title":{"rendered":"Recepci\u00f3"},"content":{"rendered":"<p>l&#8217;atenci\u00f3 al p\u00fablic en el nostre c\u00e0mping \u00e9s un dels serveis fonamentals i de m\u00e9s valor. Som molt curosos amb el tracte, ja que per a nosaltres \u00e9s b\u00e0sic que us trobeu a gust, ben acollits i tranquils durant la vostra estada.<\/p>\n<p>Oferim atenci\u00f3 durant tot l&#8217;any per tel\u00e8fon, email o xat. Si tens qualsevol dubte, contacta&#8217;ns: personalitzem el servei per a cada cas!<\/p>\n<p>Pots mirar tamb\u00e9 en la nostra <a href=\"https:\/\/lagaviota.com\/ca\/recepcion\/\">\u00e0rea d&#8217;atenci\u00f3 al client<\/a> si trobes la resposta a les teves preguntes.<\/p>\n<p><a href=\"https:\/\/lagaviota.com\/ca\/recepcion\/\">ANAR A RECEPCI\u00d3<\/a><\/p>\n<p>&nbsp;<\/p>","protected":false},"excerpt":{"rendered":"<p class=\"qtranxs-available-languages-message qtranxs-available-languages-message-ca\">Ho sentim, aquesta entrada es troba disponible \u00fanicament en <a href=\"https:\/\/lagaviota.com\/nl\/wp-json\/wp\/v2\/pages\/19\" class=\"qtranxs-available-language-link qtranxs-available-language-link-nl\" title=\"nl\">nl<\/a>.<\/p>","protected":false},"author":1001,"featured_media":1684,"parent":0,"menu_order":0,"comment_status":"closed","ping_status":"closed","template":"page-reception.php","meta":{"_acf_changed":false,"footnotes":""},"class_list":["post-19","page","type-page","status-publish","has-post-thumbnail","hentry"],"acf":[],"_links":{"self":[{"href":"https:\/\/lagaviota.com\/ca\/wp-json\/wp\/v2\/pages\/19","targetHints":{"allow":["GET"]}}],"collection":[{"href":"https:\/\/lagaviota.com\/ca\/wp-json\/wp\/v2\/pages"}],"about":[{"href":"https:\/\/lagaviota.com\/ca\/wp-json\/wp\/v2\/types\/page"}],"author":[{"embeddable":true,"href":"https:\/\/lagaviota.com\/ca\/wp-json\/wp\/v2\/users\/1001"}],"replies":[{"embeddable":true,"href":"https:\/\/lagaviota.com\/ca\/wp-json\/wp\/v2\/comments?post=19"}],"version-history":[{"count":1,"href":"https:\/\/lagaviota.com\/ca\/wp-json\/wp\/v2\/pages\/19\/revisions"}],"predecessor-version":[{"id":1685,"href":"https:\/\/lagaviota.com\/ca\/wp-json\/wp\/v2\/pages\/19\/revisions\/1685"}],"wp:featuredmedia":[{"embeddable":true,"href":"https:\/\/lagaviota.com\/ca\/wp-json\/wp\/v2\/media\/1684"}],"wp:attachment":[{"href":"https:\/\/lagaviota.com\/ca\/wp-json\/wp\/v2\/media?parent=19"}],"curies":[{"name":"wp","href":"https:\/\/api.w.org\/{rel}","templated":true}]}}